{"id":21428,"date":"2021-08-31T16:25:41","date_gmt":"2021-08-31T14:25:41","guid":{"rendered":"https:\/\/elementor.dubuisson.com\/?post_type=product&#038;p=21428"},"modified":"2022-11-17T15:29:54","modified_gmt":"2022-11-17T14:29:54","slug":"verre-peche-mel-bush-pack-de-4-verres","status":"publish","type":"product","link":"https:\/\/elementor.dubuisson.com\/en\/produit\/verre-peche-mel-bush-pack-de-4-verres\/","title":{"rendered":"Verres P\u00eache Mel Bush"},"content":{"rendered":"<p>Le saviez-vous? A la base la P\u00eache Mel Bush \u00e9tait un cocktail de deux bi\u00e8res (une Bush et une P\u00eacheresse) servie dans un grand verre \u00e0 cocktail de 50cl cr\u00e9\u00e9 par la Brasserie. Depuis la bi\u00e8re est brass\u00e9e chez nous, le verre a \u00e9t\u00e9 cr\u00e9\u00e9 en 25cl mais il a gard\u00e9 sa forme de verre \u00e0 cocktail!<\/p>\n<p>Contenu : 4 verres P\u00eache Mel&#8217;Bush de 25cl<\/p>\n","protected":false},"excerpt":{"rendered":"<p>Le saviez-vous? A la base la P\u00eache Mel Bush \u00e9tait un cocktail de deux bi\u00e8res (une Bush et une P\u00eacheresse) servie dans un grand verre \u00e0 cocktail de 50cl cr\u00e9\u00e9 par la Brasserie. Depuis la bi\u00e8re est brass\u00e9e chez nous, le verre a \u00e9t\u00e9 cr\u00e9\u00e9 en 25cl mais il a gard\u00e9 sa forme de verre [&hellip;]<\/p>\n","protected":false},"featured_media":21362,"template":"","meta":{"_acf_changed":false},"product_cat":[498,381,363],"product_tag":[],"class_list":{"0":"post-21428","1":"product","2":"type-product","3":"status-publish","4":"has-post-thumbnail","6":"product_cat-tous-les-produits","7":"product_cat-colis-cadeaux","8":"product_cat-verrerie","9":"product_shipping_class-c1","11":"first","12":"instock","13":"taxable","14":"shipping-taxable","15":"purchasable","16":"product-type-simple"},"acf":[],"yoast_head":"<!-- This site is optimized with the Yoast SEO plugin v23.6 - https:\/\/yoast.com\/wordpress\/plugins\/seo\/ -->\n<title>Verres P\u00eache Mel Bush - Dubuisson<\/title>\n<meta name=\"robots\" content=\"noindex, follow, max-snippet:-1, max-image-preview:large, max-video-preview:-1\" \/>\n<meta property=\"og:locale\" content=\"en_GB\" \/>\n<meta property=\"og:type\" content=\"article\" \/>\n<meta property=\"og:title\" content=\"Verres P\u00eache Mel Bush - Dubuisson\" \/>\n<meta property=\"og:description\" content=\"Le saviez-vous? A la base la P\u00eache Mel Bush \u00e9tait un cocktail de deux bi\u00e8res (une Bush et une P\u00eacheresse) servie dans un grand verre \u00e0 cocktail de 50cl cr\u00e9\u00e9 par la Brasserie. Depuis la bi\u00e8re est brass\u00e9e chez nous, le verre a \u00e9t\u00e9 cr\u00e9\u00e9 en 25cl mais il a gard\u00e9 sa forme de verre [&hellip;]\" \/>\n<meta property=\"og:url\" content=\"https:\/\/elementor.dubuisson.com\/produit\/verre-peche-mel-bush-pack-de-4-verres\/\" \/>\n<meta property=\"og:site_name\" content=\"Dubuisson\" \/>\n<meta property=\"article:modified_time\" content=\"2022-11-17T14:29:54+00:00\" \/>\n<meta property=\"og:image\" content=\"https:\/\/elementor.dubuisson.com\/wp-content\/uploads\/2021\/08\/VERRES_PMB.jpg\" \/>\n\t<meta property=\"og:image:width\" content=\"1476\" \/>\n\t<meta property=\"og:image:height\" content=\"1476\" \/>\n\t<meta property=\"og:image:type\" content=\"image\/jpeg\" \/>\n<meta name=\"twitter:card\" content=\"summary_large_image\" \/>\n<script type=\"application\/ld+json\" class=\"yoast-schema-graph\">{\"@context\":\"https:\/\/schema.org\",\"@graph\":[{\"@type\":\"WebPage\",\"@id\":\"https:\/\/elementor.dubuisson.com\/produit\/verre-peche-mel-bush-pack-de-4-verres\/\",\"url\":\"https:\/\/elementor.dubuisson.com\/produit\/verre-peche-mel-bush-pack-de-4-verres\/\",\"name\":\"Verres P\u00eache Mel Bush - Dubuisson\",\"isPartOf\":{\"@id\":\"https:\/\/elementor.dubuisson.com\/#website\"},\"primaryImageOfPage\":{\"@id\":\"https:\/\/elementor.dubuisson.com\/produit\/verre-peche-mel-bush-pack-de-4-verres\/#primaryimage\"},\"image\":{\"@id\":\"https:\/\/elementor.dubuisson.com\/produit\/verre-peche-mel-bush-pack-de-4-verres\/#primaryimage\"},\"thumbnailUrl\":\"https:\/\/elementor.dubuisson.com\/wp-content\/uploads\/2021\/08\/VERRES_PMB.jpg\",\"datePublished\":\"2021-08-31T14:25:41+00:00\",\"dateModified\":\"2022-11-17T14:29:54+00:00\",\"breadcrumb\":{\"@id\":\"https:\/\/elementor.dubuisson.com\/produit\/verre-peche-mel-bush-pack-de-4-verres\/#breadcrumb\"},\"inLanguage\":\"en-GB\",\"potentialAction\":[{\"@type\":\"ReadAction\",\"target\":[\"https:\/\/elementor.dubuisson.com\/produit\/verre-peche-mel-bush-pack-de-4-verres\/\"]}]},{\"@type\":\"ImageObject\",\"inLanguage\":\"en-GB\",\"@id\":\"https:\/\/elementor.dubuisson.com\/produit\/verre-peche-mel-bush-pack-de-4-verres\/#primaryimage\",\"url\":\"https:\/\/elementor.dubuisson.com\/wp-content\/uploads\/2021\/08\/VERRES_PMB.jpg\",\"contentUrl\":\"https:\/\/elementor.dubuisson.com\/wp-content\/uploads\/2021\/08\/VERRES_PMB.jpg\",\"width\":1476,\"height\":1476},{\"@type\":\"BreadcrumbList\",\"@id\":\"https:\/\/elementor.dubuisson.com\/produit\/verre-peche-mel-bush-pack-de-4-verres\/#breadcrumb\",\"itemListElement\":[{\"@type\":\"ListItem\",\"position\":1,\"name\":\"Accueil\",\"item\":\"https:\/\/elementor.dubuisson.com\/en\/accueil\/\"},{\"@type\":\"ListItem\",\"position\":2,\"name\":\"Shop\",\"item\":\"https:\/\/elementor.dubuisson.com\/shop\/\"},{\"@type\":\"ListItem\",\"position\":3,\"name\":\"Verres P\u00eache Mel Bush\"}]},{\"@type\":\"WebSite\",\"@id\":\"https:\/\/elementor.dubuisson.com\/#website\",\"url\":\"https:\/\/elementor.dubuisson.com\/\",\"name\":\"Dubuisson\",\"description\":\"Une des plus anciennes et authentiques brasseries de Belgique\",\"publisher\":{\"@id\":\"https:\/\/elementor.dubuisson.com\/#organization\"},\"potentialAction\":[{\"@type\":\"SearchAction\",\"target\":{\"@type\":\"EntryPoint\",\"urlTemplate\":\"https:\/\/elementor.dubuisson.com\/?s={search_term_string}\"},\"query-input\":{\"@type\":\"PropertyValueSpecification\",\"valueRequired\":true,\"valueName\":\"search_term_string\"}}],\"inLanguage\":\"en-GB\"},{\"@type\":\"Organization\",\"@id\":\"https:\/\/elementor.dubuisson.com\/#organization\",\"name\":\"Dubuisson\",\"url\":\"https:\/\/elementor.dubuisson.com\/\",\"logo\":{\"@type\":\"ImageObject\",\"inLanguage\":\"en-GB\",\"@id\":\"https:\/\/elementor.dubuisson.com\/#\/schema\/logo\/image\/\",\"url\":\"https:\/\/elementor.dubuisson.com\/wp-content\/uploads\/2022\/03\/Logo-Dubuisson.svg\",\"contentUrl\":\"https:\/\/elementor.dubuisson.com\/wp-content\/uploads\/2022\/03\/Logo-Dubuisson.svg\",\"width\":146,\"height\":101,\"caption\":\"Dubuisson\"},\"image\":{\"@id\":\"https:\/\/elementor.dubuisson.com\/#\/schema\/logo\/image\/\"},\"sameAs\":[\"https:\/\/www.youtube.com\/channel\/UCS25K-MOakQA3nVglJzLYGA\"]}]}<\/script>\n<!-- \/ Yoast SEO plugin. -->","yoast_head_json":{"title":"Verres P\u00eache Mel Bush - Dubuisson","robots":{"index":"noindex","follow":"follow","max-snippet":"max-snippet:-1","max-image-preview":"max-image-preview:large","max-video-preview":"max-video-preview:-1"},"og_locale":"en_GB","og_type":"article","og_title":"Verres P\u00eache Mel Bush - Dubuisson","og_description":"Le saviez-vous? A la base la P\u00eache Mel Bush \u00e9tait un cocktail de deux bi\u00e8res (une Bush et une P\u00eacheresse) servie dans un grand verre \u00e0 cocktail de 50cl cr\u00e9\u00e9 par la Brasserie. Depuis la bi\u00e8re est brass\u00e9e chez nous, le verre a \u00e9t\u00e9 cr\u00e9\u00e9 en 25cl mais il a gard\u00e9 sa forme de verre [&hellip;]","og_url":"https:\/\/elementor.dubuisson.com\/produit\/verre-peche-mel-bush-pack-de-4-verres\/","og_site_name":"Dubuisson","article_modified_time":"2022-11-17T14:29:54+00:00","og_image":[{"width":1476,"height":1476,"url":"https:\/\/elementor.dubuisson.com\/wp-content\/uploads\/2021\/08\/VERRES_PMB.jpg","type":"image\/jpeg"}],"twitter_card":"summary_large_image","schema":{"@context":"https:\/\/schema.org","@graph":[{"@type":"WebPage","@id":"https:\/\/elementor.dubuisson.com\/produit\/verre-peche-mel-bush-pack-de-4-verres\/","url":"https:\/\/elementor.dubuisson.com\/produit\/verre-peche-mel-bush-pack-de-4-verres\/","name":"Verres P\u00eache Mel Bush - Dubuisson","isPartOf":{"@id":"https:\/\/elementor.dubuisson.com\/#website"},"primaryImageOfPage":{"@id":"https:\/\/elementor.dubuisson.com\/produit\/verre-peche-mel-bush-pack-de-4-verres\/#primaryimage"},"image":{"@id":"https:\/\/elementor.dubuisson.com\/produit\/verre-peche-mel-bush-pack-de-4-verres\/#primaryimage"},"thumbnailUrl":"https:\/\/elementor.dubuisson.com\/wp-content\/uploads\/2021\/08\/VERRES_PMB.jpg","datePublished":"2021-08-31T14:25:41+00:00","dateModified":"2022-11-17T14:29:54+00:00","breadcrumb":{"@id":"https:\/\/elementor.dubuisson.com\/produit\/verre-peche-mel-bush-pack-de-4-verres\/#breadcrumb"},"inLanguage":"en-GB","potentialAction":[{"@type":"ReadAction","target":["https:\/\/elementor.dubuisson.com\/produit\/verre-peche-mel-bush-pack-de-4-verres\/"]}]},{"@type":"ImageObject","inLanguage":"en-GB","@id":"https:\/\/elementor.dubuisson.com\/produit\/verre-peche-mel-bush-pack-de-4-verres\/#primaryimage","url":"https:\/\/elementor.dubuisson.com\/wp-content\/uploads\/2021\/08\/VERRES_PMB.jpg","contentUrl":"https:\/\/elementor.dubuisson.com\/wp-content\/uploads\/2021\/08\/VERRES_PMB.jpg","width":1476,"height":1476},{"@type":"BreadcrumbList","@id":"https:\/\/elementor.dubuisson.com\/produit\/verre-peche-mel-bush-pack-de-4-verres\/#breadcrumb","itemListElement":[{"@type":"ListItem","position":1,"name":"Accueil","item":"https:\/\/elementor.dubuisson.com\/en\/accueil\/"},{"@type":"ListItem","position":2,"name":"Shop","item":"https:\/\/elementor.dubuisson.com\/shop\/"},{"@type":"ListItem","position":3,"name":"Verres P\u00eache Mel Bush"}]},{"@type":"WebSite","@id":"https:\/\/elementor.dubuisson.com\/#website","url":"https:\/\/elementor.dubuisson.com\/","name":"Dubuisson","description":"Une des plus anciennes et authentiques brasseries de Belgique","publisher":{"@id":"https:\/\/elementor.dubuisson.com\/#organization"},"potentialAction":[{"@type":"SearchAction","target":{"@type":"EntryPoint","urlTemplate":"https:\/\/elementor.dubuisson.com\/?s={search_term_string}"},"query-input":{"@type":"PropertyValueSpecification","valueRequired":true,"valueName":"search_term_string"}}],"inLanguage":"en-GB"},{"@type":"Organization","@id":"https:\/\/elementor.dubuisson.com\/#organization","name":"Dubuisson","url":"https:\/\/elementor.dubuisson.com\/","logo":{"@type":"ImageObject","inLanguage":"en-GB","@id":"https:\/\/elementor.dubuisson.com\/#\/schema\/logo\/image\/","url":"https:\/\/elementor.dubuisson.com\/wp-content\/uploads\/2022\/03\/Logo-Dubuisson.svg","contentUrl":"https:\/\/elementor.dubuisson.com\/wp-content\/uploads\/2022\/03\/Logo-Dubuisson.svg","width":146,"height":101,"caption":"Dubuisson"},"image":{"@id":"https:\/\/elementor.dubuisson.com\/#\/schema\/logo\/image\/"},"sameAs":["https:\/\/www.youtube.com\/channel\/UCS25K-MOakQA3nVglJzLYGA"]}]}},"_links":{"self":[{"href":"https:\/\/elementor.dubuisson.com\/en\/wp-json\/wp\/v2\/product\/21428"}],"collection":[{"href":"https:\/\/elementor.dubuisson.com\/en\/wp-json\/wp\/v2\/product"}],"about":[{"href":"https:\/\/elementor.dubuisson.com\/en\/wp-json\/wp\/v2\/types\/product"}],"version-history":[{"count":2,"href":"https:\/\/elementor.dubuisson.com\/en\/wp-json\/wp\/v2\/product\/21428\/revisions"}],"predecessor-version":[{"id":37212,"href":"https:\/\/elementor.dubuisson.com\/en\/wp-json\/wp\/v2\/product\/21428\/revisions\/37212"}],"wp:featuredmedia":[{"embeddable":true,"href":"https:\/\/elementor.dubuisson.com\/en\/wp-json\/wp\/v2\/media\/21362"}],"wp:attachment":[{"href":"https:\/\/elementor.dubuisson.com\/en\/wp-json\/wp\/v2\/media?parent=21428"}],"wp:term":[{"taxonomy":"product_cat","embeddable":true,"href":"https:\/\/elementor.dubuisson.com\/en\/wp-json\/wp\/v2\/product_cat?post=21428"},{"taxonomy":"product_tag","embeddable":true,"href":"https:\/\/elementor.dubuisson.com\/en\/wp-json\/wp\/v2\/product_tag?post=21428"}],"curies":[{"name":"wp","href":"https:\/\/api.w.org\/{rel}","templated":true}]}}