{"id":37263,"date":"2022-11-18T11:32:02","date_gmt":"2022-11-18T10:32:02","guid":{"rendered":"https:\/\/elementor.dubuisson.com\/?post_type=product&#038;p=37263"},"modified":"2022-11-18T11:35:15","modified_gmt":"2022-11-18T10:35:15","slug":"blanche-dubuisson-pack-12x33cl","status":"publish","type":"product","link":"https:\/\/elementor.dubuisson.com\/en\/produit\/blanche-dubuisson-pack-12x33cl\/","title":{"rendered":"Blanche Dubuisson &#8211; Pack 12x33cl"},"content":{"rendered":"<p>Une bi\u00e8re exclusive, con\u00e7ue et pr\u00e9vue pour nos \u00e9tablissements. C\u2019est l\u2019une des rares \u00e0 avoir la chance d\u2019\u00eatre mise en bouteille! Si vous aimez la blanche, foncez, vous ne serez pas d\u00e9\u00e7u!<\/p>\n<p>Contenu : 12x 33cl Blanche Dubuisson<\/p>\n","protected":false},"excerpt":{"rendered":"<p>Une bi\u00e8re exclusive, con\u00e7ue et pr\u00e9vue pour nos \u00e9tablissements. C\u2019est l\u2019une des rares \u00e0 avoir la chance d\u2019\u00eatre mise en bouteille! Si vous aimez la blanche, foncez, vous ne serez pas d\u00e9\u00e7u! Contenu : 12x 33cl Blanche Dubuisson<\/p>\n","protected":false},"featured_media":37265,"template":"","meta":{"_acf_changed":false},"product_cat":[498,337,375],"product_tag":[],"class_list":{"0":"post-37263","1":"product","2":"type-product","3":"status-publish","4":"has-post-thumbnail","6":"product_cat-tous-les-produits","7":"product_cat-bieres","8":"product_cat-pack-de-12x33cl","10":"first","11":"instock","12":"taxable","13":"shipping-taxable","14":"purchasable","15":"product-type-simple"},"acf":[],"yoast_head":"<!-- This site is optimized with the Yoast SEO plugin v23.6 - https:\/\/yoast.com\/wordpress\/plugins\/seo\/ -->\n<title>Blanche Dubuisson - Pack 12x33cl - Dubuisson<\/title>\n<meta name=\"robots\" content=\"noindex, follow, max-snippet:-1, max-image-preview:large, max-video-preview:-1\" \/>\n<meta property=\"og:locale\" content=\"en_GB\" \/>\n<meta property=\"og:type\" content=\"article\" \/>\n<meta property=\"og:title\" content=\"Blanche Dubuisson - Pack 12x33cl - Dubuisson\" \/>\n<meta property=\"og:description\" content=\"Une bi\u00e8re exclusive, con\u00e7ue et pr\u00e9vue pour nos \u00e9tablissements. C\u2019est l\u2019une des rares \u00e0 avoir la chance d\u2019\u00eatre mise en bouteille! Si vous aimez la blanche, foncez, vous ne serez pas d\u00e9\u00e7u! Contenu : 12x 33cl Blanche Dubuisson\" \/>\n<meta property=\"og:url\" content=\"https:\/\/elementor.dubuisson.com\/produit\/blanche-dubuisson-pack-12x33cl\/\" \/>\n<meta property=\"og:site_name\" content=\"Dubuisson\" \/>\n<meta property=\"article:modified_time\" content=\"2022-11-18T10:35:15+00:00\" \/>\n<meta property=\"og:image\" content=\"https:\/\/elementor.dubuisson.com\/wp-content\/uploads\/2022\/11\/BLANCHE_12.jpg\" \/>\n\t<meta property=\"og:image:width\" content=\"1476\" \/>\n\t<meta property=\"og:image:height\" content=\"1476\" \/>\n\t<meta property=\"og:image:type\" content=\"image\/jpeg\" \/>\n<meta name=\"twitter:card\" content=\"summary_large_image\" \/>\n<meta name=\"twitter:label1\" content=\"Estimated reading time\" \/>\n\t<meta name=\"twitter:data1\" content=\"1 minute\" \/>\n<script type=\"application\/ld+json\" class=\"yoast-schema-graph\">{\"@context\":\"https:\/\/schema.org\",\"@graph\":[{\"@type\":\"WebPage\",\"@id\":\"https:\/\/elementor.dubuisson.com\/produit\/blanche-dubuisson-pack-12x33cl\/\",\"url\":\"https:\/\/elementor.dubuisson.com\/produit\/blanche-dubuisson-pack-12x33cl\/\",\"name\":\"Blanche Dubuisson - Pack 12x33cl - Dubuisson\",\"isPartOf\":{\"@id\":\"https:\/\/elementor.dubuisson.com\/#website\"},\"primaryImageOfPage\":{\"@id\":\"https:\/\/elementor.dubuisson.com\/produit\/blanche-dubuisson-pack-12x33cl\/#primaryimage\"},\"image\":{\"@id\":\"https:\/\/elementor.dubuisson.com\/produit\/blanche-dubuisson-pack-12x33cl\/#primaryimage\"},\"thumbnailUrl\":\"https:\/\/elementor.dubuisson.com\/wp-content\/uploads\/2022\/11\/BLANCHE_12.jpg\",\"datePublished\":\"2022-11-18T10:32:02+00:00\",\"dateModified\":\"2022-11-18T10:35:15+00:00\",\"breadcrumb\":{\"@id\":\"https:\/\/elementor.dubuisson.com\/produit\/blanche-dubuisson-pack-12x33cl\/#breadcrumb\"},\"inLanguage\":\"en-GB\",\"potentialAction\":[{\"@type\":\"ReadAction\",\"target\":[\"https:\/\/elementor.dubuisson.com\/produit\/blanche-dubuisson-pack-12x33cl\/\"]}]},{\"@type\":\"ImageObject\",\"inLanguage\":\"en-GB\",\"@id\":\"https:\/\/elementor.dubuisson.com\/produit\/blanche-dubuisson-pack-12x33cl\/#primaryimage\",\"url\":\"https:\/\/elementor.dubuisson.com\/wp-content\/uploads\/2022\/11\/BLANCHE_12.jpg\",\"contentUrl\":\"https:\/\/elementor.dubuisson.com\/wp-content\/uploads\/2022\/11\/BLANCHE_12.jpg\",\"width\":1476,\"height\":1476},{\"@type\":\"BreadcrumbList\",\"@id\":\"https:\/\/elementor.dubuisson.com\/produit\/blanche-dubuisson-pack-12x33cl\/#breadcrumb\",\"itemListElement\":[{\"@type\":\"ListItem\",\"position\":1,\"name\":\"Accueil\",\"item\":\"https:\/\/elementor.dubuisson.com\/en\/accueil\/\"},{\"@type\":\"ListItem\",\"position\":2,\"name\":\"Shop\",\"item\":\"https:\/\/elementor.dubuisson.com\/shop\/\"},{\"@type\":\"ListItem\",\"position\":3,\"name\":\"Blanche Dubuisson &#8211; Pack 12x33cl\"}]},{\"@type\":\"WebSite\",\"@id\":\"https:\/\/elementor.dubuisson.com\/#website\",\"url\":\"https:\/\/elementor.dubuisson.com\/\",\"name\":\"Dubuisson\",\"description\":\"Une des plus anciennes et authentiques brasseries de Belgique\",\"publisher\":{\"@id\":\"https:\/\/elementor.dubuisson.com\/#organization\"},\"potentialAction\":[{\"@type\":\"SearchAction\",\"target\":{\"@type\":\"EntryPoint\",\"urlTemplate\":\"https:\/\/elementor.dubuisson.com\/?s={search_term_string}\"},\"query-input\":{\"@type\":\"PropertyValueSpecification\",\"valueRequired\":true,\"valueName\":\"search_term_string\"}}],\"inLanguage\":\"en-GB\"},{\"@type\":\"Organization\",\"@id\":\"https:\/\/elementor.dubuisson.com\/#organization\",\"name\":\"Dubuisson\",\"url\":\"https:\/\/elementor.dubuisson.com\/\",\"logo\":{\"@type\":\"ImageObject\",\"inLanguage\":\"en-GB\",\"@id\":\"https:\/\/elementor.dubuisson.com\/#\/schema\/logo\/image\/\",\"url\":\"https:\/\/elementor.dubuisson.com\/wp-content\/uploads\/2022\/03\/Logo-Dubuisson.svg\",\"contentUrl\":\"https:\/\/elementor.dubuisson.com\/wp-content\/uploads\/2022\/03\/Logo-Dubuisson.svg\",\"width\":146,\"height\":101,\"caption\":\"Dubuisson\"},\"image\":{\"@id\":\"https:\/\/elementor.dubuisson.com\/#\/schema\/logo\/image\/\"},\"sameAs\":[\"https:\/\/www.youtube.com\/channel\/UCS25K-MOakQA3nVglJzLYGA\"]}]}<\/script>\n<!-- \/ Yoast SEO plugin. -->","yoast_head_json":{"title":"Blanche Dubuisson - Pack 12x33cl - Dubuisson","robots":{"index":"noindex","follow":"follow","max-snippet":"max-snippet:-1","max-image-preview":"max-image-preview:large","max-video-preview":"max-video-preview:-1"},"og_locale":"en_GB","og_type":"article","og_title":"Blanche Dubuisson - Pack 12x33cl - Dubuisson","og_description":"Une bi\u00e8re exclusive, con\u00e7ue et pr\u00e9vue pour nos \u00e9tablissements. C\u2019est l\u2019une des rares \u00e0 avoir la chance d\u2019\u00eatre mise en bouteille! Si vous aimez la blanche, foncez, vous ne serez pas d\u00e9\u00e7u! Contenu : 12x 33cl Blanche Dubuisson","og_url":"https:\/\/elementor.dubuisson.com\/produit\/blanche-dubuisson-pack-12x33cl\/","og_site_name":"Dubuisson","article_modified_time":"2022-11-18T10:35:15+00:00","og_image":[{"width":1476,"height":1476,"url":"https:\/\/elementor.dubuisson.com\/wp-content\/uploads\/2022\/11\/BLANCHE_12.jpg","type":"image\/jpeg"}],"twitter_card":"summary_large_image","twitter_misc":{"Estimated reading time":"1 minute"},"schema":{"@context":"https:\/\/schema.org","@graph":[{"@type":"WebPage","@id":"https:\/\/elementor.dubuisson.com\/produit\/blanche-dubuisson-pack-12x33cl\/","url":"https:\/\/elementor.dubuisson.com\/produit\/blanche-dubuisson-pack-12x33cl\/","name":"Blanche Dubuisson - Pack 12x33cl - Dubuisson","isPartOf":{"@id":"https:\/\/elementor.dubuisson.com\/#website"},"primaryImageOfPage":{"@id":"https:\/\/elementor.dubuisson.com\/produit\/blanche-dubuisson-pack-12x33cl\/#primaryimage"},"image":{"@id":"https:\/\/elementor.dubuisson.com\/produit\/blanche-dubuisson-pack-12x33cl\/#primaryimage"},"thumbnailUrl":"https:\/\/elementor.dubuisson.com\/wp-content\/uploads\/2022\/11\/BLANCHE_12.jpg","datePublished":"2022-11-18T10:32:02+00:00","dateModified":"2022-11-18T10:35:15+00:00","breadcrumb":{"@id":"https:\/\/elementor.dubuisson.com\/produit\/blanche-dubuisson-pack-12x33cl\/#breadcrumb"},"inLanguage":"en-GB","potentialAction":[{"@type":"ReadAction","target":["https:\/\/elementor.dubuisson.com\/produit\/blanche-dubuisson-pack-12x33cl\/"]}]},{"@type":"ImageObject","inLanguage":"en-GB","@id":"https:\/\/elementor.dubuisson.com\/produit\/blanche-dubuisson-pack-12x33cl\/#primaryimage","url":"https:\/\/elementor.dubuisson.com\/wp-content\/uploads\/2022\/11\/BLANCHE_12.jpg","contentUrl":"https:\/\/elementor.dubuisson.com\/wp-content\/uploads\/2022\/11\/BLANCHE_12.jpg","width":1476,"height":1476},{"@type":"BreadcrumbList","@id":"https:\/\/elementor.dubuisson.com\/produit\/blanche-dubuisson-pack-12x33cl\/#breadcrumb","itemListElement":[{"@type":"ListItem","position":1,"name":"Accueil","item":"https:\/\/elementor.dubuisson.com\/en\/accueil\/"},{"@type":"ListItem","position":2,"name":"Shop","item":"https:\/\/elementor.dubuisson.com\/shop\/"},{"@type":"ListItem","position":3,"name":"Blanche Dubuisson &#8211; Pack 12x33cl"}]},{"@type":"WebSite","@id":"https:\/\/elementor.dubuisson.com\/#website","url":"https:\/\/elementor.dubuisson.com\/","name":"Dubuisson","description":"Une des plus anciennes et authentiques brasseries de Belgique","publisher":{"@id":"https:\/\/elementor.dubuisson.com\/#organization"},"potentialAction":[{"@type":"SearchAction","target":{"@type":"EntryPoint","urlTemplate":"https:\/\/elementor.dubuisson.com\/?s={search_term_string}"},"query-input":{"@type":"PropertyValueSpecification","valueRequired":true,"valueName":"search_term_string"}}],"inLanguage":"en-GB"},{"@type":"Organization","@id":"https:\/\/elementor.dubuisson.com\/#organization","name":"Dubuisson","url":"https:\/\/elementor.dubuisson.com\/","logo":{"@type":"ImageObject","inLanguage":"en-GB","@id":"https:\/\/elementor.dubuisson.com\/#\/schema\/logo\/image\/","url":"https:\/\/elementor.dubuisson.com\/wp-content\/uploads\/2022\/03\/Logo-Dubuisson.svg","contentUrl":"https:\/\/elementor.dubuisson.com\/wp-content\/uploads\/2022\/03\/Logo-Dubuisson.svg","width":146,"height":101,"caption":"Dubuisson"},"image":{"@id":"https:\/\/elementor.dubuisson.com\/#\/schema\/logo\/image\/"},"sameAs":["https:\/\/www.youtube.com\/channel\/UCS25K-MOakQA3nVglJzLYGA"]}]}},"_links":{"self":[{"href":"https:\/\/elementor.dubuisson.com\/en\/wp-json\/wp\/v2\/product\/37263"}],"collection":[{"href":"https:\/\/elementor.dubuisson.com\/en\/wp-json\/wp\/v2\/product"}],"about":[{"href":"https:\/\/elementor.dubuisson.com\/en\/wp-json\/wp\/v2\/types\/product"}],"version-history":[{"count":2,"href":"https:\/\/elementor.dubuisson.com\/en\/wp-json\/wp\/v2\/product\/37263\/revisions"}],"predecessor-version":[{"id":37272,"href":"https:\/\/elementor.dubuisson.com\/en\/wp-json\/wp\/v2\/product\/37263\/revisions\/37272"}],"wp:featuredmedia":[{"embeddable":true,"href":"https:\/\/elementor.dubuisson.com\/en\/wp-json\/wp\/v2\/media\/37265"}],"wp:attachment":[{"href":"https:\/\/elementor.dubuisson.com\/en\/wp-json\/wp\/v2\/media?parent=37263"}],"wp:term":[{"taxonomy":"product_cat","embeddable":true,"href":"https:\/\/elementor.dubuisson.com\/en\/wp-json\/wp\/v2\/product_cat?post=37263"},{"taxonomy":"product_tag","embeddable":true,"href":"https:\/\/elementor.dubuisson.com\/en\/wp-json\/wp\/v2\/product_tag?post=37263"}],"curies":[{"name":"wp","href":"https:\/\/api.w.org\/{rel}","templated":true}]}}