{"id":36015,"date":"2022-04-21T17:00:55","date_gmt":"2022-04-21T15:00:55","guid":{"rendered":"https:\/\/elementor.dubuisson.com\/mon-compte\/"},"modified":"2022-11-15T10:13:13","modified_gmt":"2022-11-15T09:13:13","slug":"mi-perfil","status":"publish","type":"page","link":"https:\/\/elementor.dubuisson.com\/es\/mi-perfil\/","title":{"rendered":"Mi perfil"},"content":{"rendered":"\t\t<div data-elementor-type=\"wp-page\" data-elementor-id=\"36015\" class=\"elementor elementor-36015 elementor-24309\" data-elementor-post-type=\"page\">\n\t\t\t\t\t\t<section data-particle_enable=\"false\" data-particle-mobile-disabled=\"false\" data-dce-background-image-url=\"https:\/\/elementor.dubuisson.com\/wp-content\/uploads\/2022\/01\/Header-shop-Dubuisson.png\" class=\"elementor-section elementor-top-section elementor-element elementor-element-49c991b elementor-section-boxed elementor-section-height-default elementor-section-height-default\" data-id=\"49c991b\" data-element_type=\"section\" data-settings=\"{&quot;background_background&quot;:&quot;classic&quot;,&quot;jet_parallax_layout_list&quot;:[]}\">\n\t\t\t\t\t\t<div class=\"elementor-container elementor-column-gap-default\">\n\t\t\t\t\t<div class=\"elementor-column elementor-col-100 elementor-top-column elementor-element elementor-element-9a0c489\" data-id=\"9a0c489\" data-element_type=\"column\">\n\t\t\t<div class=\"elementor-widget-wrap elementor-element-populated\">\n\t\t\t\t\t\t<div class=\"elementor-element elementor-element-2c1b13d e-my-account-tabs-horizontal elementor-widget elementor-widget-woocommerce-my-account\" data-id=\"2c1b13d\" data-element_type=\"widget\" data-widget_type=\"woocommerce-my-account.default\">\n\t\t\t\t<div class=\"elementor-widget-container\">\n\t\t\t<div class=\"e-my-account-tab e-my-account-tab__ \">\t\t\t<div class=\"woocommerce\"><div class=\"woocommerce-notices-wrapper\"><\/div>\n\n\t\t<h2>Acceder<\/h2>\n\n\t\t<form class=\"woocommerce-form woocommerce-form-login login\" method=\"post\">\n\n\t\t\t\n\t\t\t<p class=\"woocommerce-form-row woocommerce-form-row--wide form-row form-row-wide\">\n\t\t\t\t<label for=\"username\">Nombre de usuario o correo electr\u00f3nico&nbsp;<span class=\"required\" aria-hidden=\"true\">*<\/span><span class=\"screen-reader-text\">Obligatorio<\/span><\/label>\n\t\t\t\t<input type=\"text\" class=\"woocommerce-Input woocommerce-Input--text input-text\" name=\"username\" id=\"username\" autocomplete=\"username\" value=\"\" required aria-required=\"true\" \/>\t\t\t<\/p>\n\t\t\t<p class=\"woocommerce-form-row woocommerce-form-row--wide form-row form-row-wide\">\n\t\t\t\t<label for=\"password\">Contrase\u00f1a&nbsp;<span class=\"required\" aria-hidden=\"true\">*<\/span><span class=\"screen-reader-text\">Obligatorio<\/span><\/label>\n\t\t\t\t<input class=\"woocommerce-Input woocommerce-Input--text input-text\" type=\"password\" name=\"password\" id=\"password\" autocomplete=\"current-password\" required aria-required=\"true\" \/>\n\t\t\t<\/p>\n\n\t\t\t\n\t\t\t<p class=\"form-row\">\n\t\t\t\t<label class=\"woocommerce-form__label woocommerce-form__label-for-checkbox woocommerce-form-login__rememberme\">\n\t\t\t\t\t<input class=\"woocommerce-form__input woocommerce-form__input-checkbox\" name=\"rememberme\" type=\"checkbox\" id=\"rememberme\" value=\"forever\" \/> <span>Recu\u00e9rdame<\/span>\n\t\t\t\t<\/label>\n\t\t\t\t<input type=\"hidden\" id=\"woocommerce-login-nonce\" name=\"woocommerce-login-nonce\" value=\"9352135e51\" \/><input type=\"hidden\" name=\"_wp_http_referer\" value=\"\/es\/wp-json\/wp\/v2\/pages\/36015\" \/>\t\t\t\t<button type=\"submit\" class=\"woocommerce-button button woocommerce-form-login__submit\" name=\"login\" value=\"Acceso\">Acceso<\/button>\n\t\t\t<\/p>\n\t\t\t<p class=\"woocommerce-LostPassword lost_password\">\n\t\t\t\t<a href=\"https:\/\/elementor.dubuisson.com\/es\/mi-perfil\/wp-login-phpactionlostpassword\/\">\u00bfOlvidaste la contrase\u00f1a?<\/a>\n\t\t\t<\/p>\n\n\t\t\t\n\t\t<\/form>\n\n\n<\/div>\t\t<\/div>\n\t\t\t\t<\/div>\n\t\t\t\t<\/div>\n\t\t\t\t\t<\/div>\n\t\t<\/div>\n\t\t\t\t\t<\/div>\n\t\t<\/section>\n\t\t\t\t<\/div>\n\t\t","protected":false},"excerpt":{"rendered":"<p>Acceder Nombre de usuario o correo electr\u00f3nico&nbsp;*Obligatorio Contrase\u00f1a&nbsp;*Obligatorio Recu\u00e9rdame Acceso \u00bfOlvidaste la contrase\u00f1a? Tablero de mandos Pedidos Descargas Direcciones Detalles de la cuenta Cierre de sesi\u00f3n Tablero de mandos Pedidos Descargas Direcciones Detalles de la cuenta Cierre de sesi\u00f3n Tablero de mandos Pedidos Descargas Direcciones Detalles de la cuenta Cierre de sesi\u00f3n Tablero de mandos [&hellip;]<\/p>\n","protected":false},"author":19,"featured_media":0,"parent":0,"menu_order":0,"comment_status":"closed","ping_status":"closed","template":"","meta":{"_acf_changed":false,"footnotes":""},"class_list":["post-36015","page","type-page","status-publish","hentry"],"acf":[],"yoast_head":"<!-- This site is optimized with the Yoast SEO plugin v23.6 - https:\/\/yoast.com\/wordpress\/plugins\/seo\/ -->\n<title>Mi perfil - Dubuisson<\/title>\n<meta name=\"robots\" content=\"noindex, follow, max-snippet:-1, max-image-preview:large, max-video-preview:-1\" \/>\n<meta property=\"og:locale\" content=\"es_ES\" \/>\n<meta property=\"og:type\" content=\"article\" \/>\n<meta property=\"og:title\" content=\"Mi perfil - Dubuisson\" \/>\n<meta property=\"og:description\" content=\"Acceder Nombre de usuario o correo electr\u00f3nico&nbsp;*Obligatorio Contrase\u00f1a&nbsp;*Obligatorio Recu\u00e9rdame Acceso \u00bfOlvidaste la contrase\u00f1a? Tablero de mandos Pedidos Descargas Direcciones Detalles de la cuenta Cierre de sesi\u00f3n Tablero de mandos Pedidos Descargas Direcciones Detalles de la cuenta Cierre de sesi\u00f3n Tablero de mandos Pedidos Descargas Direcciones Detalles de la cuenta Cierre de sesi\u00f3n Tablero de mandos [&hellip;]\" \/>\n<meta property=\"og:url\" content=\"https:\/\/elementor.dubuisson.com\/es\/mi-perfil\/\" \/>\n<meta property=\"og:site_name\" content=\"Dubuisson\" \/>\n<meta property=\"article:modified_time\" content=\"2022-11-15T09:13:13+00:00\" \/>\n<meta name=\"twitter:card\" content=\"summary_large_image\" \/>\n<meta name=\"twitter:label1\" content=\"Tiempo de lectura\" \/>\n\t<meta name=\"twitter:data1\" content=\"1 minuto\" \/>\n<script type=\"application\/ld+json\" class=\"yoast-schema-graph\">{\"@context\":\"https:\/\/schema.org\",\"@graph\":[{\"@type\":\"WebPage\",\"@id\":\"https:\/\/elementor.dubuisson.com\/es\/mi-perfil\/\",\"url\":\"https:\/\/elementor.dubuisson.com\/es\/mi-perfil\/\",\"name\":\"Mi perfil - Dubuisson\",\"isPartOf\":{\"@id\":\"https:\/\/elementor.dubuisson.com\/#website\"},\"datePublished\":\"2022-04-21T15:00:55+00:00\",\"dateModified\":\"2022-11-15T09:13:13+00:00\",\"breadcrumb\":{\"@id\":\"https:\/\/elementor.dubuisson.com\/es\/mi-perfil\/#breadcrumb\"},\"inLanguage\":\"es\",\"potentialAction\":[{\"@type\":\"ReadAction\",\"target\":[\"https:\/\/elementor.dubuisson.com\/es\/mi-perfil\/\"]}]},{\"@type\":\"BreadcrumbList\",\"@id\":\"https:\/\/elementor.dubuisson.com\/es\/mi-perfil\/#breadcrumb\",\"itemListElement\":[{\"@type\":\"ListItem\",\"position\":1,\"name\":\"Accueil\",\"item\":\"https:\/\/elementor.dubuisson.com\/es\/accueil\/\"},{\"@type\":\"ListItem\",\"position\":2,\"name\":\"Mi perfil\"}]},{\"@type\":\"WebSite\",\"@id\":\"https:\/\/elementor.dubuisson.com\/#website\",\"url\":\"https:\/\/elementor.dubuisson.com\/\",\"name\":\"Dubuisson\",\"description\":\"Une des plus anciennes et authentiques brasseries de Belgique\",\"publisher\":{\"@id\":\"https:\/\/elementor.dubuisson.com\/#organization\"},\"potentialAction\":[{\"@type\":\"SearchAction\",\"target\":{\"@type\":\"EntryPoint\",\"urlTemplate\":\"https:\/\/elementor.dubuisson.com\/?s={search_term_string}\"},\"query-input\":{\"@type\":\"PropertyValueSpecification\",\"valueRequired\":true,\"valueName\":\"search_term_string\"}}],\"inLanguage\":\"es\"},{\"@type\":\"Organization\",\"@id\":\"https:\/\/elementor.dubuisson.com\/#organization\",\"name\":\"Dubuisson\",\"url\":\"https:\/\/elementor.dubuisson.com\/\",\"logo\":{\"@type\":\"ImageObject\",\"inLanguage\":\"es\",\"@id\":\"https:\/\/elementor.dubuisson.com\/#\/schema\/logo\/image\/\",\"url\":\"https:\/\/elementor.dubuisson.com\/wp-content\/uploads\/2022\/03\/Logo-Dubuisson.svg\",\"contentUrl\":\"https:\/\/elementor.dubuisson.com\/wp-content\/uploads\/2022\/03\/Logo-Dubuisson.svg\",\"width\":146,\"height\":101,\"caption\":\"Dubuisson\"},\"image\":{\"@id\":\"https:\/\/elementor.dubuisson.com\/#\/schema\/logo\/image\/\"},\"sameAs\":[\"https:\/\/www.youtube.com\/channel\/UCS25K-MOakQA3nVglJzLYGA\"]}]}<\/script>\n<!-- \/ Yoast SEO plugin. -->","yoast_head_json":{"title":"Mi perfil - Dubuisson","robots":{"index":"noindex","follow":"follow","max-snippet":"max-snippet:-1","max-image-preview":"max-image-preview:large","max-video-preview":"max-video-preview:-1"},"og_locale":"es_ES","og_type":"article","og_title":"Mi perfil - Dubuisson","og_description":"Acceder Nombre de usuario o correo electr\u00f3nico&nbsp;*Obligatorio Contrase\u00f1a&nbsp;*Obligatorio Recu\u00e9rdame Acceso \u00bfOlvidaste la contrase\u00f1a? Tablero de mandos Pedidos Descargas Direcciones Detalles de la cuenta Cierre de sesi\u00f3n Tablero de mandos Pedidos Descargas Direcciones Detalles de la cuenta Cierre de sesi\u00f3n Tablero de mandos Pedidos Descargas Direcciones Detalles de la cuenta Cierre de sesi\u00f3n Tablero de mandos [&hellip;]","og_url":"https:\/\/elementor.dubuisson.com\/es\/mi-perfil\/","og_site_name":"Dubuisson","article_modified_time":"2022-11-15T09:13:13+00:00","twitter_card":"summary_large_image","twitter_misc":{"Tiempo de lectura":"1 minuto"},"schema":{"@context":"https:\/\/schema.org","@graph":[{"@type":"WebPage","@id":"https:\/\/elementor.dubuisson.com\/es\/mi-perfil\/","url":"https:\/\/elementor.dubuisson.com\/es\/mi-perfil\/","name":"Mi perfil - Dubuisson","isPartOf":{"@id":"https:\/\/elementor.dubuisson.com\/#website"},"datePublished":"2022-04-21T15:00:55+00:00","dateModified":"2022-11-15T09:13:13+00:00","breadcrumb":{"@id":"https:\/\/elementor.dubuisson.com\/es\/mi-perfil\/#breadcrumb"},"inLanguage":"es","potentialAction":[{"@type":"ReadAction","target":["https:\/\/elementor.dubuisson.com\/es\/mi-perfil\/"]}]},{"@type":"BreadcrumbList","@id":"https:\/\/elementor.dubuisson.com\/es\/mi-perfil\/#breadcrumb","itemListElement":[{"@type":"ListItem","position":1,"name":"Accueil","item":"https:\/\/elementor.dubuisson.com\/es\/accueil\/"},{"@type":"ListItem","position":2,"name":"Mi perfil"}]},{"@type":"WebSite","@id":"https:\/\/elementor.dubuisson.com\/#website","url":"https:\/\/elementor.dubuisson.com\/","name":"Dubuisson","description":"Une des plus anciennes et authentiques brasseries de Belgique","publisher":{"@id":"https:\/\/elementor.dubuisson.com\/#organization"},"potentialAction":[{"@type":"SearchAction","target":{"@type":"EntryPoint","urlTemplate":"https:\/\/elementor.dubuisson.com\/?s={search_term_string}"},"query-input":{"@type":"PropertyValueSpecification","valueRequired":true,"valueName":"search_term_string"}}],"inLanguage":"es"},{"@type":"Organization","@id":"https:\/\/elementor.dubuisson.com\/#organization","name":"Dubuisson","url":"https:\/\/elementor.dubuisson.com\/","logo":{"@type":"ImageObject","inLanguage":"es","@id":"https:\/\/elementor.dubuisson.com\/#\/schema\/logo\/image\/","url":"https:\/\/elementor.dubuisson.com\/wp-content\/uploads\/2022\/03\/Logo-Dubuisson.svg","contentUrl":"https:\/\/elementor.dubuisson.com\/wp-content\/uploads\/2022\/03\/Logo-Dubuisson.svg","width":146,"height":101,"caption":"Dubuisson"},"image":{"@id":"https:\/\/elementor.dubuisson.com\/#\/schema\/logo\/image\/"},"sameAs":["https:\/\/www.youtube.com\/channel\/UCS25K-MOakQA3nVglJzLYGA"]}]}},"_links":{"self":[{"href":"https:\/\/elementor.dubuisson.com\/es\/wp-json\/wp\/v2\/pages\/36015"}],"collection":[{"href":"https:\/\/elementor.dubuisson.com\/es\/wp-json\/wp\/v2\/pages"}],"about":[{"href":"https:\/\/elementor.dubuisson.com\/es\/wp-json\/wp\/v2\/types\/page"}],"author":[{"embeddable":true,"href":"https:\/\/elementor.dubuisson.com\/es\/wp-json\/wp\/v2\/users\/19"}],"replies":[{"embeddable":true,"href":"https:\/\/elementor.dubuisson.com\/es\/wp-json\/wp\/v2\/comments?post=36015"}],"version-history":[{"count":5,"href":"https:\/\/elementor.dubuisson.com\/es\/wp-json\/wp\/v2\/pages\/36015\/revisions"}],"predecessor-version":[{"id":36177,"href":"https:\/\/elementor.dubuisson.com\/es\/wp-json\/wp\/v2\/pages\/36015\/revisions\/36177"}],"wp:attachment":[{"href":"https:\/\/elementor.dubuisson.com\/es\/wp-json\/wp\/v2\/media?parent=36015"}],"curies":[{"name":"wp","href":"https:\/\/api.w.org\/{rel}","templated":true}]}}