{"id":36202,"date":"2022-11-15T10:50:19","date_gmt":"2022-11-15T09:50:19","guid":{"rendered":"https:\/\/elementor.dubuisson.com\/politique-de-confidentialite\/"},"modified":"2022-11-15T10:57:12","modified_gmt":"2022-11-15T09:57:12","slug":"politique-de-confidentialite","status":"publish","type":"page","link":"https:\/\/elementor.dubuisson.com\/es\/politique-de-confidentialite\/","title":{"rendered":"Politique de confidentialit\u00e9"},"content":{"rendered":"\t\t<div data-elementor-type=\"wp-page\" data-elementor-id=\"36202\" class=\"elementor elementor-36202 elementor-36197\" data-elementor-post-type=\"page\">\n\t\t\t\t\t\t<section data-particle_enable=\"false\" data-particle-mobile-disabled=\"false\" class=\"elementor-section elementor-top-section elementor-element elementor-element-98f72b2 elementor-section-full_width elementor-section-height-default elementor-section-height-default\" data-id=\"98f72b2\" data-element_type=\"section\" data-settings=\"{&quot;background_background&quot;:&quot;gradient&quot;,&quot;jet_parallax_layout_list&quot;:[]}\">\n\t\t\t\t\t\t<div class=\"elementor-container elementor-column-gap-default\">\n\t\t\t\t\t<div class=\"elementor-column elementor-col-100 elementor-top-column elementor-element elementor-element-b0f3753\" data-id=\"b0f3753\" data-element_type=\"column\">\n\t\t\t<div class=\"elementor-widget-wrap elementor-element-populated\">\n\t\t\t\t\t\t\t<\/div>\n\t\t<\/div>\n\t\t\t\t\t<\/div>\n\t\t<\/section>\n\t\t\t\t<section data-particle_enable=\"false\" data-particle-mobile-disabled=\"false\" class=\"elementor-section elementor-top-section elementor-element elementor-element-1b63942 elementor-section-boxed elementor-section-height-default elementor-section-height-default\" data-id=\"1b63942\" data-element_type=\"section\" data-settings=\"{&quot;jet_parallax_layout_list&quot;:[]}\">\n\t\t\t\t\t\t<div class=\"elementor-container elementor-column-gap-default\">\n\t\t\t\t\t<div class=\"elementor-column elementor-col-100 elementor-top-column elementor-element elementor-element-4dab1f3\" data-id=\"4dab1f3\" data-element_type=\"column\">\n\t\t\t<div class=\"elementor-widget-wrap elementor-element-populated\">\n\t\t\t\t\t\t<div class=\"elementor-element elementor-element-e74232f elementor-widget elementor-widget-text-editor\" data-id=\"e74232f\" data-element_type=\"widget\" data-widget_type=\"text-editor.default\">\n\t\t\t\t<div class=\"elementor-widget-container\">\n\t\t\t\t\t\t\t<p>L\u2019utilisation du pr\u00e9sent site Internet est r\u00e9gie par des dispositions incluses dans les conditions d\u2019utilisation ainsi que par des dispositions stipul\u00e9es ci-dessous ayant trait au respect de la vie priv\u00e9e. Nous vous demandons de lire attentivement ces conditions avant de visiter le site Internet. L\u2019utilisation du site signifie que vous \u00eates d\u2019accord avec la politique de confidentialit\u00e9 de la Brasserie Dubuisson sprl. Dans le cas contraire, nous vous demandons de ne pas utiliser ce site.<\/p><p>La Brasserie Dubuisson sprl se r\u00e9serve le droit de modifier \u00e0 tout moment la politique en mati\u00e8re de respect de la vie priv\u00e9e. Ces modifications seront publi\u00e9es sur ce site et prendront effet automatiquement 14 jours apr\u00e8s la date de publication sur le site. Cette date sera mentionn\u00e9e au bas du document concernant le respect de la vie priv\u00e9e.<\/p><p>La Brasserie Dubuisson sprl rassemble les informations personnelles n\u00e9cessaires \u00e0 un fonctionnement optimal du site, \u00e0 l\u2019\u00e9tablissement automatique d\u2019un profil des utilisateurs, \u00e0 la gestion des clients, \u00e0 des \u00e9tudes de march\u00e9, \u00e0 l\u2019optimisation de notre site Internet ainsi qu\u2019\u00e0 la proposition et \u00e0 la fourniture de services (tels que l\u2019envoi de bulletins d\u2019information et l\u2019organisation de concours) \u00e0 l\u2019utilisateur.<\/p><p>Si vous nous donnez votre adresse e-mail par l\u2019interm\u00e9diaire du site, nous nous engageons \u00e0 ne l\u2019utiliser que dans les buts pour lesquels vous nous l\u2019avez communiqu\u00e9e (par exemple, participation \u00e0 un concours, inscription pour la r\u00e9ception d\u2019un bulletin d\u2019informations \u00e9lectronique). Si vous nous communiquez votre adresse e-mail, cela signifie que vous nous donnez votre permission explicite de l\u2019utiliser. Si vous n\u2019\u00eates pas d\u2019accord, nous vous prions de ne pas inscrire votre adresse e-mail sur le site. Cela peut impliquer que vous ne puissiez pas<br \/>participer aux concours ni recevoir de bulletins d\u2019information.<\/p><p>La BRASSERIE DUBUISSON SPRL, Chauss\u00e9e de Mons 28, 7904 Pipaix, T\u00e9l.: +32 (0)69 67 22 22, est responsable du traitement, de la sauvegarde et de la gestion des donn\u00e9es personnelles.<\/p><p>La \u00ab Brasserie Dubuisson \u00bb s\u2019engage \u00e0 ne pas transmettre vos donn\u00e9es \u00e0 des tiers sans votre accord explicite. Nous comprenons que vos donn\u00e9es personnelles sont pr\u00e9cieuses et nous mettrons tout en \u0153uvre pour les prot\u00e9ger, par exemple en assurant leur protection par le biais des technologies Internet de pointe, telles que les firewalls.<\/p><p>La \u00ab Brasserie Dubuisson \u00bb rassemble \u00e9galement des donn\u00e9es dans des fichiers journaux. Ces informations sont utilis\u00e9es \u00e0 des fins internes, telles que l\u2019analyse du trafic et la g\u00e9n\u00e9ration de statistiques dans le but d\u2019optimiser les services offerts sur le site.<\/p><p>La \u00ab Brasserie Dubuisson \u00bb emploie parfois des \u00ab cookies \u00bb (\u00e0 savoir des bribes d\u2019informations sauvegard\u00e9es sur le disque dur de l\u2019utilisateur afin de faciliter l\u2019emploi du site).<\/p><p>Toute personne concern\u00e9e peut consulter ses donn\u00e9es gratuitement, sur simple demande. Conform\u00e9ment \u00e0 la loi du 8 d\u00e9cembre 1992 relative \u00e0 la protection de la vie priv\u00e9e, toutes les donn\u00e9es fournies par un utilisateur sur ce site lui sont communiqu\u00e9es \u00e0 sa demande et, s\u2019il le souhaite, corrig\u00e9es dans un d\u00e9lai raisonnable.<\/p><p>Seules les personnes souhaitant recevoir des informations de notre part seront incluses dans notre base de donn\u00e9es. Pour en \u00eatre effac\u00e9, il suffit de nous envoyer un e-mail \u00e0 l\u2019adresse\u00a0suivante : <a href=\"info@dubuisson.com\">info@dubuisson.com<\/a>. Par ailleurs, l\u2019utilisateur peut toujours protester contre l\u2019usage de ses donn\u00e9es \u00e0 des fins de marketing direct.<\/p>\t\t\t\t\t\t<\/div>\n\t\t\t\t<\/div>\n\t\t\t\t\t<\/div>\n\t\t<\/div>\n\t\t\t\t\t<\/div>\n\t\t<\/section>\n\t\t\t\t<\/div>\n\t\t","protected":false},"excerpt":{"rendered":"<p>L\u2019utilisation du pr\u00e9sent site Internet est r\u00e9gie par des dispositions incluses dans les conditions d\u2019utilisation ainsi que par des dispositions stipul\u00e9es ci-dessous ayant trait au respect de la vie priv\u00e9e. Nous vous demandons de lire attentivement ces conditions avant de visiter le site Internet. L\u2019utilisation du site signifie que vous \u00eates d\u2019accord avec la politique [&hellip;]<\/p>\n","protected":false},"author":22,"featured_media":0,"parent":0,"menu_order":0,"comment_status":"closed","ping_status":"closed","template":"","meta":{"_acf_changed":false,"footnotes":""},"class_list":["post-36202","page","type-page","status-publish","hentry"],"acf":[],"yoast_head":"<!-- This site is optimized with the Yoast SEO plugin v23.6 - https:\/\/yoast.com\/wordpress\/plugins\/seo\/ -->\n<title>Politique de confidentialit\u00e9 - Dubuisson<\/title>\n<meta name=\"robots\" content=\"noindex, follow, max-snippet:-1, max-image-preview:large, max-video-preview:-1\" \/>\n<meta property=\"og:locale\" content=\"es_ES\" \/>\n<meta property=\"og:type\" content=\"article\" \/>\n<meta property=\"og:title\" content=\"Politique de confidentialit\u00e9 - Dubuisson\" \/>\n<meta property=\"og:description\" content=\"L\u2019utilisation du pr\u00e9sent site Internet est r\u00e9gie par des dispositions incluses dans les conditions d\u2019utilisation ainsi que par des dispositions stipul\u00e9es ci-dessous ayant trait au respect de la vie priv\u00e9e. Nous vous demandons de lire attentivement ces conditions avant de visiter le site Internet. L\u2019utilisation du site signifie que vous \u00eates d\u2019accord avec la politique [&hellip;]\" \/>\n<meta property=\"og:url\" content=\"https:\/\/elementor.dubuisson.com\/es\/politique-de-confidentialite\/\" \/>\n<meta property=\"og:site_name\" content=\"Dubuisson\" \/>\n<meta property=\"article:modified_time\" content=\"2022-11-15T09:57:12+00:00\" \/>\n<meta name=\"twitter:card\" content=\"summary_large_image\" \/>\n<meta name=\"twitter:label1\" content=\"Tiempo de lectura\" \/>\n\t<meta name=\"twitter:data1\" content=\"3 minutos\" \/>\n<script type=\"application\/ld+json\" class=\"yoast-schema-graph\">{\"@context\":\"https:\/\/schema.org\",\"@graph\":[{\"@type\":\"WebPage\",\"@id\":\"https:\/\/elementor.dubuisson.com\/es\/politique-de-confidentialite\/\",\"url\":\"https:\/\/elementor.dubuisson.com\/es\/politique-de-confidentialite\/\",\"name\":\"Politique de confidentialit\u00e9 - Dubuisson\",\"isPartOf\":{\"@id\":\"https:\/\/elementor.dubuisson.com\/#website\"},\"datePublished\":\"2022-11-15T09:50:19+00:00\",\"dateModified\":\"2022-11-15T09:57:12+00:00\",\"breadcrumb\":{\"@id\":\"https:\/\/elementor.dubuisson.com\/es\/politique-de-confidentialite\/#breadcrumb\"},\"inLanguage\":\"es\",\"potentialAction\":[{\"@type\":\"ReadAction\",\"target\":[\"https:\/\/elementor.dubuisson.com\/es\/politique-de-confidentialite\/\"]}]},{\"@type\":\"BreadcrumbList\",\"@id\":\"https:\/\/elementor.dubuisson.com\/es\/politique-de-confidentialite\/#breadcrumb\",\"itemListElement\":[{\"@type\":\"ListItem\",\"position\":1,\"name\":\"Accueil\",\"item\":\"https:\/\/elementor.dubuisson.com\/es\/accueil\/\"},{\"@type\":\"ListItem\",\"position\":2,\"name\":\"Politique de confidentialit\u00e9\"}]},{\"@type\":\"WebSite\",\"@id\":\"https:\/\/elementor.dubuisson.com\/#website\",\"url\":\"https:\/\/elementor.dubuisson.com\/\",\"name\":\"Dubuisson\",\"description\":\"Une des plus anciennes et authentiques brasseries de Belgique\",\"publisher\":{\"@id\":\"https:\/\/elementor.dubuisson.com\/#organization\"},\"potentialAction\":[{\"@type\":\"SearchAction\",\"target\":{\"@type\":\"EntryPoint\",\"urlTemplate\":\"https:\/\/elementor.dubuisson.com\/?s={search_term_string}\"},\"query-input\":{\"@type\":\"PropertyValueSpecification\",\"valueRequired\":true,\"valueName\":\"search_term_string\"}}],\"inLanguage\":\"es\"},{\"@type\":\"Organization\",\"@id\":\"https:\/\/elementor.dubuisson.com\/#organization\",\"name\":\"Dubuisson\",\"url\":\"https:\/\/elementor.dubuisson.com\/\",\"logo\":{\"@type\":\"ImageObject\",\"inLanguage\":\"es\",\"@id\":\"https:\/\/elementor.dubuisson.com\/#\/schema\/logo\/image\/\",\"url\":\"https:\/\/elementor.dubuisson.com\/wp-content\/uploads\/2022\/03\/Logo-Dubuisson.svg\",\"contentUrl\":\"https:\/\/elementor.dubuisson.com\/wp-content\/uploads\/2022\/03\/Logo-Dubuisson.svg\",\"width\":146,\"height\":101,\"caption\":\"Dubuisson\"},\"image\":{\"@id\":\"https:\/\/elementor.dubuisson.com\/#\/schema\/logo\/image\/\"},\"sameAs\":[\"https:\/\/www.youtube.com\/channel\/UCS25K-MOakQA3nVglJzLYGA\"]}]}<\/script>\n<!-- \/ Yoast SEO plugin. -->","yoast_head_json":{"title":"Politique de confidentialit\u00e9 - Dubuisson","robots":{"index":"noindex","follow":"follow","max-snippet":"max-snippet:-1","max-image-preview":"max-image-preview:large","max-video-preview":"max-video-preview:-1"},"og_locale":"es_ES","og_type":"article","og_title":"Politique de confidentialit\u00e9 - Dubuisson","og_description":"L\u2019utilisation du pr\u00e9sent site Internet est r\u00e9gie par des dispositions incluses dans les conditions d\u2019utilisation ainsi que par des dispositions stipul\u00e9es ci-dessous ayant trait au respect de la vie priv\u00e9e. Nous vous demandons de lire attentivement ces conditions avant de visiter le site Internet. L\u2019utilisation du site signifie que vous \u00eates d\u2019accord avec la politique [&hellip;]","og_url":"https:\/\/elementor.dubuisson.com\/es\/politique-de-confidentialite\/","og_site_name":"Dubuisson","article_modified_time":"2022-11-15T09:57:12+00:00","twitter_card":"summary_large_image","twitter_misc":{"Tiempo de lectura":"3 minutos"},"schema":{"@context":"https:\/\/schema.org","@graph":[{"@type":"WebPage","@id":"https:\/\/elementor.dubuisson.com\/es\/politique-de-confidentialite\/","url":"https:\/\/elementor.dubuisson.com\/es\/politique-de-confidentialite\/","name":"Politique de confidentialit\u00e9 - Dubuisson","isPartOf":{"@id":"https:\/\/elementor.dubuisson.com\/#website"},"datePublished":"2022-11-15T09:50:19+00:00","dateModified":"2022-11-15T09:57:12+00:00","breadcrumb":{"@id":"https:\/\/elementor.dubuisson.com\/es\/politique-de-confidentialite\/#breadcrumb"},"inLanguage":"es","potentialAction":[{"@type":"ReadAction","target":["https:\/\/elementor.dubuisson.com\/es\/politique-de-confidentialite\/"]}]},{"@type":"BreadcrumbList","@id":"https:\/\/elementor.dubuisson.com\/es\/politique-de-confidentialite\/#breadcrumb","itemListElement":[{"@type":"ListItem","position":1,"name":"Accueil","item":"https:\/\/elementor.dubuisson.com\/es\/accueil\/"},{"@type":"ListItem","position":2,"name":"Politique de confidentialit\u00e9"}]},{"@type":"WebSite","@id":"https:\/\/elementor.dubuisson.com\/#website","url":"https:\/\/elementor.dubuisson.com\/","name":"Dubuisson","description":"Une des plus anciennes et authentiques brasseries de Belgique","publisher":{"@id":"https:\/\/elementor.dubuisson.com\/#organization"},"potentialAction":[{"@type":"SearchAction","target":{"@type":"EntryPoint","urlTemplate":"https:\/\/elementor.dubuisson.com\/?s={search_term_string}"},"query-input":{"@type":"PropertyValueSpecification","valueRequired":true,"valueName":"search_term_string"}}],"inLanguage":"es"},{"@type":"Organization","@id":"https:\/\/elementor.dubuisson.com\/#organization","name":"Dubuisson","url":"https:\/\/elementor.dubuisson.com\/","logo":{"@type":"ImageObject","inLanguage":"es","@id":"https:\/\/elementor.dubuisson.com\/#\/schema\/logo\/image\/","url":"https:\/\/elementor.dubuisson.com\/wp-content\/uploads\/2022\/03\/Logo-Dubuisson.svg","contentUrl":"https:\/\/elementor.dubuisson.com\/wp-content\/uploads\/2022\/03\/Logo-Dubuisson.svg","width":146,"height":101,"caption":"Dubuisson"},"image":{"@id":"https:\/\/elementor.dubuisson.com\/#\/schema\/logo\/image\/"},"sameAs":["https:\/\/www.youtube.com\/channel\/UCS25K-MOakQA3nVglJzLYGA"]}]}},"_links":{"self":[{"href":"https:\/\/elementor.dubuisson.com\/es\/wp-json\/wp\/v2\/pages\/36202"}],"collection":[{"href":"https:\/\/elementor.dubuisson.com\/es\/wp-json\/wp\/v2\/pages"}],"about":[{"href":"https:\/\/elementor.dubuisson.com\/es\/wp-json\/wp\/v2\/types\/page"}],"author":[{"embeddable":true,"href":"https:\/\/elementor.dubuisson.com\/es\/wp-json\/wp\/v2\/users\/22"}],"replies":[{"embeddable":true,"href":"https:\/\/elementor.dubuisson.com\/es\/wp-json\/wp\/v2\/comments?post=36202"}],"version-history":[{"count":5,"href":"https:\/\/elementor.dubuisson.com\/es\/wp-json\/wp\/v2\/pages\/36202\/revisions"}],"predecessor-version":[{"id":36256,"href":"https:\/\/elementor.dubuisson.com\/es\/wp-json\/wp\/v2\/pages\/36202\/revisions\/36256"}],"wp:attachment":[{"href":"https:\/\/elementor.dubuisson.com\/es\/wp-json\/wp\/v2\/media?parent=36202"}],"curies":[{"name":"wp","href":"https:\/\/api.w.org\/{rel}","templated":true}]}}