{"id":21431,"date":"2021-08-31T16:30:00","date_gmt":"2021-08-31T14:30:00","guid":{"rendered":"https:\/\/elementor.dubuisson.com\/?post_type=product&#038;p=21431"},"modified":"2022-11-17T14:04:59","modified_gmt":"2022-11-17T13:04:59","slug":"verre-bush-33cl-pack-de-4-verres","status":"publish","type":"product","link":"https:\/\/elementor.dubuisson.com\/es\/produit\/verre-bush-33cl-pack-de-4-verres\/","title":{"rendered":"Verres Bush (33cl)"},"content":{"rendered":"<p>Nous ne sommes peut-\u00eatre pas 100% objectifs&#8230; Mais il n&#8217;y a pas plus beau verre \u00e0 bi\u00e8re que celui de la Bush. Et vous savez quoi? \u00c9tant souffl\u00e9 \u00e0 la bouche, chaque verre est absolument unique! Il est grand temps que vous mettiez ces petites merveilles dans votre collection de verres!<\/p>\n<p>Contenu : 4 verres 33cl Bush<\/p>\n","protected":false},"excerpt":{"rendered":"<p>Nous ne sommes peut-\u00eatre pas 100% objectifs&#8230; Mais il n&#8217;y a pas plus beau verre \u00e0 bi\u00e8re que celui de la Bush. Et vous savez quoi? \u00c9tant souffl\u00e9 \u00e0 la bouche, chaque verre est absolument unique! Il est grand temps que vous mettiez ces petites merveilles dans votre collection de verres! Contenu : 4 verres [&hellip;]<\/p>\n","protected":false},"featured_media":21355,"template":"","meta":{"_acf_changed":false},"product_cat":[498,381,363],"product_tag":[],"class_list":{"0":"post-21431","1":"product","2":"type-product","3":"status-publish","4":"has-post-thumbnail","6":"product_cat-tous-les-produits","7":"product_cat-colis-cadeaux","8":"product_cat-verrerie","9":"product_shipping_class-c1","11":"first","12":"instock","13":"taxable","14":"shipping-taxable","15":"purchasable","16":"product-type-simple"},"acf":[],"yoast_head":"<!-- This site is optimized with the Yoast SEO plugin v23.6 - https:\/\/yoast.com\/wordpress\/plugins\/seo\/ -->\n<title>Verres Bush (33cl) - Dubuisson<\/title>\n<meta name=\"robots\" content=\"noindex, follow, max-snippet:-1, max-image-preview:large, max-video-preview:-1\" \/>\n<meta property=\"og:locale\" content=\"es_ES\" \/>\n<meta property=\"og:type\" content=\"article\" \/>\n<meta property=\"og:title\" content=\"Verres Bush (33cl) - Dubuisson\" \/>\n<meta property=\"og:description\" content=\"Nous ne sommes peut-\u00eatre pas 100% objectifs&#8230; Mais il n&#8217;y a pas plus beau verre \u00e0 bi\u00e8re que celui de la Bush. Et vous savez quoi? \u00c9tant souffl\u00e9 \u00e0 la bouche, chaque verre est absolument unique! Il est grand temps que vous mettiez ces petites merveilles dans votre collection de verres! Contenu : 4 verres [&hellip;]\" \/>\n<meta property=\"og:url\" content=\"https:\/\/elementor.dubuisson.com\/produit\/verre-bush-33cl-pack-de-4-verres\/\" \/>\n<meta property=\"og:site_name\" content=\"Dubuisson\" \/>\n<meta property=\"article:modified_time\" content=\"2022-11-17T13:04:59+00:00\" \/>\n<meta property=\"og:image\" content=\"https:\/\/elementor.dubuisson.com\/wp-content\/uploads\/2021\/08\/VERRES_BUSH_33.jpg\" \/>\n\t<meta property=\"og:image:width\" content=\"1476\" \/>\n\t<meta property=\"og:image:height\" content=\"1476\" \/>\n\t<meta property=\"og:image:type\" content=\"image\/jpeg\" \/>\n<meta name=\"twitter:card\" content=\"summary_large_image\" \/>\n<script type=\"application\/ld+json\" class=\"yoast-schema-graph\">{\"@context\":\"https:\/\/schema.org\",\"@graph\":[{\"@type\":\"WebPage\",\"@id\":\"https:\/\/elementor.dubuisson.com\/produit\/verre-bush-33cl-pack-de-4-verres\/\",\"url\":\"https:\/\/elementor.dubuisson.com\/produit\/verre-bush-33cl-pack-de-4-verres\/\",\"name\":\"Verres Bush (33cl) - Dubuisson\",\"isPartOf\":{\"@id\":\"https:\/\/elementor.dubuisson.com\/#website\"},\"primaryImageOfPage\":{\"@id\":\"https:\/\/elementor.dubuisson.com\/produit\/verre-bush-33cl-pack-de-4-verres\/#primaryimage\"},\"image\":{\"@id\":\"https:\/\/elementor.dubuisson.com\/produit\/verre-bush-33cl-pack-de-4-verres\/#primaryimage\"},\"thumbnailUrl\":\"https:\/\/elementor.dubuisson.com\/wp-content\/uploads\/2021\/08\/VERRES_BUSH_33.jpg\",\"datePublished\":\"2021-08-31T14:30:00+00:00\",\"dateModified\":\"2022-11-17T13:04:59+00:00\",\"breadcrumb\":{\"@id\":\"https:\/\/elementor.dubuisson.com\/produit\/verre-bush-33cl-pack-de-4-verres\/#breadcrumb\"},\"inLanguage\":\"es\",\"potentialAction\":[{\"@type\":\"ReadAction\",\"target\":[\"https:\/\/elementor.dubuisson.com\/produit\/verre-bush-33cl-pack-de-4-verres\/\"]}]},{\"@type\":\"ImageObject\",\"inLanguage\":\"es\",\"@id\":\"https:\/\/elementor.dubuisson.com\/produit\/verre-bush-33cl-pack-de-4-verres\/#primaryimage\",\"url\":\"https:\/\/elementor.dubuisson.com\/wp-content\/uploads\/2021\/08\/VERRES_BUSH_33.jpg\",\"contentUrl\":\"https:\/\/elementor.dubuisson.com\/wp-content\/uploads\/2021\/08\/VERRES_BUSH_33.jpg\",\"width\":1476,\"height\":1476},{\"@type\":\"BreadcrumbList\",\"@id\":\"https:\/\/elementor.dubuisson.com\/produit\/verre-bush-33cl-pack-de-4-verres\/#breadcrumb\",\"itemListElement\":[{\"@type\":\"ListItem\",\"position\":1,\"name\":\"Accueil\",\"item\":\"https:\/\/elementor.dubuisson.com\/es\/accueil\/\"},{\"@type\":\"ListItem\",\"position\":2,\"name\":\"Shop\",\"item\":\"https:\/\/elementor.dubuisson.com\/shop\/\"},{\"@type\":\"ListItem\",\"position\":3,\"name\":\"Verres Bush (33cl)\"}]},{\"@type\":\"WebSite\",\"@id\":\"https:\/\/elementor.dubuisson.com\/#website\",\"url\":\"https:\/\/elementor.dubuisson.com\/\",\"name\":\"Dubuisson\",\"description\":\"Une des plus anciennes et authentiques brasseries de Belgique\",\"publisher\":{\"@id\":\"https:\/\/elementor.dubuisson.com\/#organization\"},\"potentialAction\":[{\"@type\":\"SearchAction\",\"target\":{\"@type\":\"EntryPoint\",\"urlTemplate\":\"https:\/\/elementor.dubuisson.com\/?s={search_term_string}\"},\"query-input\":{\"@type\":\"PropertyValueSpecification\",\"valueRequired\":true,\"valueName\":\"search_term_string\"}}],\"inLanguage\":\"es\"},{\"@type\":\"Organization\",\"@id\":\"https:\/\/elementor.dubuisson.com\/#organization\",\"name\":\"Dubuisson\",\"url\":\"https:\/\/elementor.dubuisson.com\/\",\"logo\":{\"@type\":\"ImageObject\",\"inLanguage\":\"es\",\"@id\":\"https:\/\/elementor.dubuisson.com\/#\/schema\/logo\/image\/\",\"url\":\"https:\/\/elementor.dubuisson.com\/wp-content\/uploads\/2022\/03\/Logo-Dubuisson.svg\",\"contentUrl\":\"https:\/\/elementor.dubuisson.com\/wp-content\/uploads\/2022\/03\/Logo-Dubuisson.svg\",\"width\":146,\"height\":101,\"caption\":\"Dubuisson\"},\"image\":{\"@id\":\"https:\/\/elementor.dubuisson.com\/#\/schema\/logo\/image\/\"},\"sameAs\":[\"https:\/\/www.youtube.com\/channel\/UCS25K-MOakQA3nVglJzLYGA\"]}]}<\/script>\n<!-- \/ Yoast SEO plugin. -->","yoast_head_json":{"title":"Verres Bush (33cl) - Dubuisson","robots":{"index":"noindex","follow":"follow","max-snippet":"max-snippet:-1","max-image-preview":"max-image-preview:large","max-video-preview":"max-video-preview:-1"},"og_locale":"es_ES","og_type":"article","og_title":"Verres Bush (33cl) - Dubuisson","og_description":"Nous ne sommes peut-\u00eatre pas 100% objectifs&#8230; Mais il n&#8217;y a pas plus beau verre \u00e0 bi\u00e8re que celui de la Bush. Et vous savez quoi? \u00c9tant souffl\u00e9 \u00e0 la bouche, chaque verre est absolument unique! Il est grand temps que vous mettiez ces petites merveilles dans votre collection de verres! Contenu : 4 verres [&hellip;]","og_url":"https:\/\/elementor.dubuisson.com\/produit\/verre-bush-33cl-pack-de-4-verres\/","og_site_name":"Dubuisson","article_modified_time":"2022-11-17T13:04:59+00:00","og_image":[{"width":1476,"height":1476,"url":"https:\/\/elementor.dubuisson.com\/wp-content\/uploads\/2021\/08\/VERRES_BUSH_33.jpg","type":"image\/jpeg"}],"twitter_card":"summary_large_image","schema":{"@context":"https:\/\/schema.org","@graph":[{"@type":"WebPage","@id":"https:\/\/elementor.dubuisson.com\/produit\/verre-bush-33cl-pack-de-4-verres\/","url":"https:\/\/elementor.dubuisson.com\/produit\/verre-bush-33cl-pack-de-4-verres\/","name":"Verres Bush (33cl) - Dubuisson","isPartOf":{"@id":"https:\/\/elementor.dubuisson.com\/#website"},"primaryImageOfPage":{"@id":"https:\/\/elementor.dubuisson.com\/produit\/verre-bush-33cl-pack-de-4-verres\/#primaryimage"},"image":{"@id":"https:\/\/elementor.dubuisson.com\/produit\/verre-bush-33cl-pack-de-4-verres\/#primaryimage"},"thumbnailUrl":"https:\/\/elementor.dubuisson.com\/wp-content\/uploads\/2021\/08\/VERRES_BUSH_33.jpg","datePublished":"2021-08-31T14:30:00+00:00","dateModified":"2022-11-17T13:04:59+00:00","breadcrumb":{"@id":"https:\/\/elementor.dubuisson.com\/produit\/verre-bush-33cl-pack-de-4-verres\/#breadcrumb"},"inLanguage":"es","potentialAction":[{"@type":"ReadAction","target":["https:\/\/elementor.dubuisson.com\/produit\/verre-bush-33cl-pack-de-4-verres\/"]}]},{"@type":"ImageObject","inLanguage":"es","@id":"https:\/\/elementor.dubuisson.com\/produit\/verre-bush-33cl-pack-de-4-verres\/#primaryimage","url":"https:\/\/elementor.dubuisson.com\/wp-content\/uploads\/2021\/08\/VERRES_BUSH_33.jpg","contentUrl":"https:\/\/elementor.dubuisson.com\/wp-content\/uploads\/2021\/08\/VERRES_BUSH_33.jpg","width":1476,"height":1476},{"@type":"BreadcrumbList","@id":"https:\/\/elementor.dubuisson.com\/produit\/verre-bush-33cl-pack-de-4-verres\/#breadcrumb","itemListElement":[{"@type":"ListItem","position":1,"name":"Accueil","item":"https:\/\/elementor.dubuisson.com\/es\/accueil\/"},{"@type":"ListItem","position":2,"name":"Shop","item":"https:\/\/elementor.dubuisson.com\/shop\/"},{"@type":"ListItem","position":3,"name":"Verres Bush (33cl)"}]},{"@type":"WebSite","@id":"https:\/\/elementor.dubuisson.com\/#website","url":"https:\/\/elementor.dubuisson.com\/","name":"Dubuisson","description":"Une des plus anciennes et authentiques brasseries de Belgique","publisher":{"@id":"https:\/\/elementor.dubuisson.com\/#organization"},"potentialAction":[{"@type":"SearchAction","target":{"@type":"EntryPoint","urlTemplate":"https:\/\/elementor.dubuisson.com\/?s={search_term_string}"},"query-input":{"@type":"PropertyValueSpecification","valueRequired":true,"valueName":"search_term_string"}}],"inLanguage":"es"},{"@type":"Organization","@id":"https:\/\/elementor.dubuisson.com\/#organization","name":"Dubuisson","url":"https:\/\/elementor.dubuisson.com\/","logo":{"@type":"ImageObject","inLanguage":"es","@id":"https:\/\/elementor.dubuisson.com\/#\/schema\/logo\/image\/","url":"https:\/\/elementor.dubuisson.com\/wp-content\/uploads\/2022\/03\/Logo-Dubuisson.svg","contentUrl":"https:\/\/elementor.dubuisson.com\/wp-content\/uploads\/2022\/03\/Logo-Dubuisson.svg","width":146,"height":101,"caption":"Dubuisson"},"image":{"@id":"https:\/\/elementor.dubuisson.com\/#\/schema\/logo\/image\/"},"sameAs":["https:\/\/www.youtube.com\/channel\/UCS25K-MOakQA3nVglJzLYGA"]}]}},"_links":{"self":[{"href":"https:\/\/elementor.dubuisson.com\/es\/wp-json\/wp\/v2\/product\/21431"}],"collection":[{"href":"https:\/\/elementor.dubuisson.com\/es\/wp-json\/wp\/v2\/product"}],"about":[{"href":"https:\/\/elementor.dubuisson.com\/es\/wp-json\/wp\/v2\/types\/product"}],"version-history":[{"count":2,"href":"https:\/\/elementor.dubuisson.com\/es\/wp-json\/wp\/v2\/product\/21431\/revisions"}],"predecessor-version":[{"id":37202,"href":"https:\/\/elementor.dubuisson.com\/es\/wp-json\/wp\/v2\/product\/21431\/revisions\/37202"}],"wp:featuredmedia":[{"embeddable":true,"href":"https:\/\/elementor.dubuisson.com\/es\/wp-json\/wp\/v2\/media\/21355"}],"wp:attachment":[{"href":"https:\/\/elementor.dubuisson.com\/es\/wp-json\/wp\/v2\/media?parent=21431"}],"wp:term":[{"taxonomy":"product_cat","embeddable":true,"href":"https:\/\/elementor.dubuisson.com\/es\/wp-json\/wp\/v2\/product_cat?post=21431"},{"taxonomy":"product_tag","embeddable":true,"href":"https:\/\/elementor.dubuisson.com\/es\/wp-json\/wp\/v2\/product_tag?post=21431"}],"curies":[{"name":"wp","href":"https:\/\/api.w.org\/{rel}","templated":true}]}}