{"id":36810,"date":"2022-04-26T15:42:49","date_gmt":"2022-04-26T13:42:49","guid":{"rendered":"https:\/\/elementor.dubuisson.com\/zone-telechargement-autres-formats\/"},"modified":"2022-04-26T15:42:49","modified_gmt":"2022-04-26T13:42:49","slug":"zone-telechargement-autres-formats","status":"publish","type":"page","link":"https:\/\/elementor.dubuisson.com\/fr\/zone-telechargement-autres-formats\/","title":{"rendered":"Zone t\u00e9l\u00e9chargement &#8211; Autres formats"},"content":{"rendered":"\t\t<div data-elementor-type=\"wp-page\" data-elementor-id=\"36810\" class=\"elementor elementor-36810 elementor-25168\" data-elementor-post-type=\"page\">\n\t\t\t\t\t\t<section data-particle_enable=\"false\" data-particle-mobile-disabled=\"false\" data-dce-background-image-url=\"https:\/\/elementor.dubuisson.com\/wp-content\/uploads\/2019\/06\/Dubuisson-Gamme.jpg\" class=\"elementor-section elementor-top-section elementor-element elementor-element-3da544f elementor-section-full_width elementor-section-height-min-height elementor-section-height-default elementor-section-items-middle\" data-id=\"3da544f\" data-element_type=\"section\" data-settings=\"{&quot;background_background&quot;:&quot;classic&quot;,&quot;jet_parallax_layout_list&quot;:[]}\">\n\t\t\t\t\t\t<div class=\"elementor-container elementor-column-gap-no\">\n\t\t\t\t\t<div class=\"elementor-column elementor-col-100 elementor-top-column elementor-element elementor-element-259869d\" data-id=\"259869d\" data-element_type=\"column\">\n\t\t\t<div class=\"elementor-widget-wrap elementor-element-populated\">\n\t\t\t\t\t\t\t<\/div>\n\t\t<\/div>\n\t\t\t\t\t<\/div>\n\t\t<\/section>\n\t\t\t\t<section data-particle_enable=\"false\" data-particle-mobile-disabled=\"false\" class=\"elementor-section elementor-top-section elementor-element elementor-element-77de9c3 elementor-section-full_width elementor-section-height-default elementor-section-height-default\" data-id=\"77de9c3\" data-element_type=\"section\" data-settings=\"{&quot;jet_parallax_layout_list&quot;:[]}\">\n\t\t\t\t\t\t<div class=\"elementor-container elementor-column-gap-default\">\n\t\t\t\t\t<div class=\"elementor-column elementor-col-100 elementor-top-column elementor-element elementor-element-16673b4\" data-id=\"16673b4\" data-element_type=\"column\">\n\t\t\t<div class=\"elementor-widget-wrap elementor-element-populated\">\n\t\t\t\t\t\t<div class=\"elementor-element elementor-element-2a80d56 dce_masking-none elementor-widget elementor-widget-image\" data-id=\"2a80d56\" data-element_type=\"widget\" data-widget_type=\"image.default\">\n\t\t\t\t<div class=\"elementor-widget-container\">\n\t\t\t\t\t\t\t\t\t\t\t\t\t<img fetchpriority=\"high\" decoding=\"async\" width=\"450\" height=\"700\" src=\"https:\/\/elementor.dubuisson.com\/wp-content\/uploads\/2021\/05\/mini-fut-1.png\" class=\"attachment-full size-full wp-image-20631\" alt=\"\" srcset=\"https:\/\/elementor.dubuisson.com\/wp-content\/uploads\/2021\/05\/mini-fut-1.png 450w, https:\/\/elementor.dubuisson.com\/wp-content\/uploads\/2021\/05\/mini-fut-1-193x300.png 193w, https:\/\/elementor.dubuisson.com\/wp-content\/uploads\/2021\/05\/mini-fut-1-366x570.png 366w, https:\/\/elementor.dubuisson.com\/wp-content\/uploads\/2021\/05\/mini-fut-1-321x500.png 321w, https:\/\/elementor.dubuisson.com\/wp-content\/uploads\/2021\/05\/mini-fut-1-257x400.png 257w\" sizes=\"(max-width: 450px) 100vw, 450px\" \/>\t\t\t\t\t\t\t\t\t\t\t\t\t<\/div>\n\t\t\t\t<\/div>\n\t\t\t\t<div class=\"elementor-element elementor-element-2d96345 elementor-widget elementor-widget-heading\" data-id=\"2d96345\" data-element_type=\"widget\" data-widget_type=\"heading.default\">\n\t\t\t\t<div class=\"elementor-widget-container\">\n\t\t\t<h2 class=\"elementor-heading-title elementor-size-default\">Mini-f\u00fbt Cuv\u00e9e des Trolls\n<\/h2>\t\t<\/div>\n\t\t\t\t<\/div>\n\t\t\t\t<div data-dce-background-color=\"#FFFFFF00\" class=\"elementor-element elementor-element-ee096bd elementor-align-center elementor-widget elementor-widget-button\" data-id=\"ee096bd\" data-element_type=\"widget\" data-widget_type=\"button.default\">\n\t\t\t\t<div class=\"elementor-widget-container\">\n\t\t\t\t\t<div class=\"elementor-button-wrapper\">\n\t\t\t<a class=\"elementor-button elementor-button-link elementor-size-md\" href=\"\/wp-content\/uploads\/2021\/05\/mini-fut.png\">\n\t\t\t\t\t\t<span class=\"elementor-button-content-wrapper\">\n\t\t\t\t\t\t\t\t\t<span class=\"elementor-button-text\">T\u00e9l\u00e9charger<\/span>\n\t\t\t\t\t<\/span>\n\t\t\t\t\t<\/a>\n\t\t<\/div>\n\t\t\t\t<\/div>\n\t\t\t\t<\/div>\n\t\t\t\t\t<\/div>\n\t\t<\/div>\n\t\t\t\t\t<\/div>\n\t\t<\/section>\n\t\t\t\t<\/div>\n\t\t","protected":false},"excerpt":{"rendered":"<p>Mini-f\u00fbt Cuv\u00e9e des Trolls T\u00e9l\u00e9charger<\/p>\n","protected":false},"author":22,"featured_media":0,"parent":0,"menu_order":0,"comment_status":"closed","ping_status":"closed","template":"","meta":{"_acf_changed":false,"footnotes":""},"class_list":["post-36810","page","type-page","status-publish","hentry"],"acf":[],"yoast_head":"<!-- This site is optimized with the Yoast SEO plugin v23.6 - https:\/\/yoast.com\/wordpress\/plugins\/seo\/ -->\n<title>Zone t\u00e9l\u00e9chargement - Autres formats - Dubuisson<\/title>\n<meta name=\"robots\" content=\"noindex, follow, max-snippet:-1, max-image-preview:large, max-video-preview:-1\" \/>\n<meta property=\"og:locale\" content=\"fr_FR\" \/>\n<meta property=\"og:type\" content=\"article\" \/>\n<meta property=\"og:title\" content=\"Zone t\u00e9l\u00e9chargement - Autres formats - Dubuisson\" \/>\n<meta property=\"og:description\" content=\"Mini-f\u00fbt Cuv\u00e9e des Trolls T\u00e9l\u00e9charger\" \/>\n<meta property=\"og:url\" content=\"https:\/\/elementor.dubuisson.com\/fr\/zone-telechargement-autres-formats\/\" \/>\n<meta property=\"og:site_name\" content=\"Dubuisson\" \/>\n<meta property=\"og:image\" content=\"https:\/\/elementor.dubuisson.com\/wp-content\/uploads\/2021\/05\/mini-fut-1.png\" \/>\n<meta name=\"twitter:card\" content=\"summary_large_image\" \/>\n<script type=\"application\/ld+json\" class=\"yoast-schema-graph\">{\"@context\":\"https:\/\/schema.org\",\"@graph\":[{\"@type\":\"WebPage\",\"@id\":\"https:\/\/elementor.dubuisson.com\/fr\/zone-telechargement-autres-formats\/\",\"url\":\"https:\/\/elementor.dubuisson.com\/fr\/zone-telechargement-autres-formats\/\",\"name\":\"Zone t\u00e9l\u00e9chargement - Autres formats - Dubuisson\",\"isPartOf\":{\"@id\":\"https:\/\/elementor.dubuisson.com\/#website\"},\"primaryImageOfPage\":{\"@id\":\"https:\/\/elementor.dubuisson.com\/fr\/zone-telechargement-autres-formats\/#primaryimage\"},\"image\":{\"@id\":\"https:\/\/elementor.dubuisson.com\/fr\/zone-telechargement-autres-formats\/#primaryimage\"},\"thumbnailUrl\":\"https:\/\/elementor.dubuisson.com\/wp-content\/uploads\/2021\/05\/mini-fut-1.png\",\"datePublished\":\"2022-04-26T13:42:49+00:00\",\"dateModified\":\"2022-04-26T13:42:49+00:00\",\"breadcrumb\":{\"@id\":\"https:\/\/elementor.dubuisson.com\/fr\/zone-telechargement-autres-formats\/#breadcrumb\"},\"inLanguage\":\"fr-FR\",\"potentialAction\":[{\"@type\":\"ReadAction\",\"target\":[\"https:\/\/elementor.dubuisson.com\/fr\/zone-telechargement-autres-formats\/\"]}]},{\"@type\":\"ImageObject\",\"inLanguage\":\"fr-FR\",\"@id\":\"https:\/\/elementor.dubuisson.com\/fr\/zone-telechargement-autres-formats\/#primaryimage\",\"url\":\"https:\/\/elementor.dubuisson.com\/wp-content\/uploads\/2021\/05\/mini-fut-1.png\",\"contentUrl\":\"https:\/\/elementor.dubuisson.com\/wp-content\/uploads\/2021\/05\/mini-fut-1.png\"},{\"@type\":\"BreadcrumbList\",\"@id\":\"https:\/\/elementor.dubuisson.com\/fr\/zone-telechargement-autres-formats\/#breadcrumb\",\"itemListElement\":[{\"@type\":\"ListItem\",\"position\":1,\"name\":\"Accueil\",\"item\":\"https:\/\/elementor.dubuisson.com\/fr\/accueil\/\"},{\"@type\":\"ListItem\",\"position\":2,\"name\":\"Zone t\u00e9l\u00e9chargement &#8211; Autres formats\"}]},{\"@type\":\"WebSite\",\"@id\":\"https:\/\/elementor.dubuisson.com\/#website\",\"url\":\"https:\/\/elementor.dubuisson.com\/\",\"name\":\"Dubuisson\",\"description\":\"Une des plus anciennes et authentiques brasseries de Belgique\",\"publisher\":{\"@id\":\"https:\/\/elementor.dubuisson.com\/#organization\"},\"potentialAction\":[{\"@type\":\"SearchAction\",\"target\":{\"@type\":\"EntryPoint\",\"urlTemplate\":\"https:\/\/elementor.dubuisson.com\/?s={search_term_string}\"},\"query-input\":{\"@type\":\"PropertyValueSpecification\",\"valueRequired\":true,\"valueName\":\"search_term_string\"}}],\"inLanguage\":\"fr-FR\"},{\"@type\":\"Organization\",\"@id\":\"https:\/\/elementor.dubuisson.com\/#organization\",\"name\":\"Dubuisson\",\"url\":\"https:\/\/elementor.dubuisson.com\/\",\"logo\":{\"@type\":\"ImageObject\",\"inLanguage\":\"fr-FR\",\"@id\":\"https:\/\/elementor.dubuisson.com\/#\/schema\/logo\/image\/\",\"url\":\"https:\/\/elementor.dubuisson.com\/wp-content\/uploads\/2022\/03\/Logo-Dubuisson.svg\",\"contentUrl\":\"https:\/\/elementor.dubuisson.com\/wp-content\/uploads\/2022\/03\/Logo-Dubuisson.svg\",\"width\":146,\"height\":101,\"caption\":\"Dubuisson\"},\"image\":{\"@id\":\"https:\/\/elementor.dubuisson.com\/#\/schema\/logo\/image\/\"},\"sameAs\":[\"https:\/\/www.youtube.com\/channel\/UCS25K-MOakQA3nVglJzLYGA\"]}]}<\/script>\n<!-- \/ Yoast SEO plugin. -->","yoast_head_json":{"title":"Zone t\u00e9l\u00e9chargement - Autres formats - Dubuisson","robots":{"index":"noindex","follow":"follow","max-snippet":"max-snippet:-1","max-image-preview":"max-image-preview:large","max-video-preview":"max-video-preview:-1"},"og_locale":"fr_FR","og_type":"article","og_title":"Zone t\u00e9l\u00e9chargement - Autres formats - Dubuisson","og_description":"Mini-f\u00fbt Cuv\u00e9e des Trolls T\u00e9l\u00e9charger","og_url":"https:\/\/elementor.dubuisson.com\/fr\/zone-telechargement-autres-formats\/","og_site_name":"Dubuisson","og_image":[{"url":"https:\/\/elementor.dubuisson.com\/wp-content\/uploads\/2021\/05\/mini-fut-1.png"}],"twitter_card":"summary_large_image","schema":{"@context":"https:\/\/schema.org","@graph":[{"@type":"WebPage","@id":"https:\/\/elementor.dubuisson.com\/fr\/zone-telechargement-autres-formats\/","url":"https:\/\/elementor.dubuisson.com\/fr\/zone-telechargement-autres-formats\/","name":"Zone t\u00e9l\u00e9chargement - Autres formats - Dubuisson","isPartOf":{"@id":"https:\/\/elementor.dubuisson.com\/#website"},"primaryImageOfPage":{"@id":"https:\/\/elementor.dubuisson.com\/fr\/zone-telechargement-autres-formats\/#primaryimage"},"image":{"@id":"https:\/\/elementor.dubuisson.com\/fr\/zone-telechargement-autres-formats\/#primaryimage"},"thumbnailUrl":"https:\/\/elementor.dubuisson.com\/wp-content\/uploads\/2021\/05\/mini-fut-1.png","datePublished":"2022-04-26T13:42:49+00:00","dateModified":"2022-04-26T13:42:49+00:00","breadcrumb":{"@id":"https:\/\/elementor.dubuisson.com\/fr\/zone-telechargement-autres-formats\/#breadcrumb"},"inLanguage":"fr-FR","potentialAction":[{"@type":"ReadAction","target":["https:\/\/elementor.dubuisson.com\/fr\/zone-telechargement-autres-formats\/"]}]},{"@type":"ImageObject","inLanguage":"fr-FR","@id":"https:\/\/elementor.dubuisson.com\/fr\/zone-telechargement-autres-formats\/#primaryimage","url":"https:\/\/elementor.dubuisson.com\/wp-content\/uploads\/2021\/05\/mini-fut-1.png","contentUrl":"https:\/\/elementor.dubuisson.com\/wp-content\/uploads\/2021\/05\/mini-fut-1.png"},{"@type":"BreadcrumbList","@id":"https:\/\/elementor.dubuisson.com\/fr\/zone-telechargement-autres-formats\/#breadcrumb","itemListElement":[{"@type":"ListItem","position":1,"name":"Accueil","item":"https:\/\/elementor.dubuisson.com\/fr\/accueil\/"},{"@type":"ListItem","position":2,"name":"Zone t\u00e9l\u00e9chargement &#8211; Autres formats"}]},{"@type":"WebSite","@id":"https:\/\/elementor.dubuisson.com\/#website","url":"https:\/\/elementor.dubuisson.com\/","name":"Dubuisson","description":"Une des plus anciennes et authentiques brasseries de Belgique","publisher":{"@id":"https:\/\/elementor.dubuisson.com\/#organization"},"potentialAction":[{"@type":"SearchAction","target":{"@type":"EntryPoint","urlTemplate":"https:\/\/elementor.dubuisson.com\/?s={search_term_string}"},"query-input":{"@type":"PropertyValueSpecification","valueRequired":true,"valueName":"search_term_string"}}],"inLanguage":"fr-FR"},{"@type":"Organization","@id":"https:\/\/elementor.dubuisson.com\/#organization","name":"Dubuisson","url":"https:\/\/elementor.dubuisson.com\/","logo":{"@type":"ImageObject","inLanguage":"fr-FR","@id":"https:\/\/elementor.dubuisson.com\/#\/schema\/logo\/image\/","url":"https:\/\/elementor.dubuisson.com\/wp-content\/uploads\/2022\/03\/Logo-Dubuisson.svg","contentUrl":"https:\/\/elementor.dubuisson.com\/wp-content\/uploads\/2022\/03\/Logo-Dubuisson.svg","width":146,"height":101,"caption":"Dubuisson"},"image":{"@id":"https:\/\/elementor.dubuisson.com\/#\/schema\/logo\/image\/"},"sameAs":["https:\/\/www.youtube.com\/channel\/UCS25K-MOakQA3nVglJzLYGA"]}]}},"_links":{"self":[{"href":"https:\/\/elementor.dubuisson.com\/fr\/wp-json\/wp\/v2\/pages\/36810"}],"collection":[{"href":"https:\/\/elementor.dubuisson.com\/fr\/wp-json\/wp\/v2\/pages"}],"about":[{"href":"https:\/\/elementor.dubuisson.com\/fr\/wp-json\/wp\/v2\/types\/page"}],"author":[{"embeddable":true,"href":"https:\/\/elementor.dubuisson.com\/fr\/wp-json\/wp\/v2\/users\/22"}],"replies":[{"embeddable":true,"href":"https:\/\/elementor.dubuisson.com\/fr\/wp-json\/wp\/v2\/comments?post=36810"}],"version-history":[{"count":0,"href":"https:\/\/elementor.dubuisson.com\/fr\/wp-json\/wp\/v2\/pages\/36810\/revisions"}],"wp:attachment":[{"href":"https:\/\/elementor.dubuisson.com\/fr\/wp-json\/wp\/v2\/media?parent=36810"}],"curies":[{"name":"wp","href":"https:\/\/api.w.org\/{rel}","templated":true}]}}