{"id":21643,"date":"2022-01-01T16:07:31","date_gmt":"2022-01-25T14:50:05","guid":{"rendered":"https:\/\/elementor.dubuisson.com\/?post_type=product&#038;p=21643"},"modified":"2022-02-03T09:01:31","modified_gmt":"2022-02-03T08:01:31","slug":"bush-de-charmes-pack-de-6x75cl","status":"publish","type":"product","link":"https:\/\/elementor.dubuisson.com\/fr\/produit-fr\/bush-de-charmes-pack-de-6x75cl\/","title":{"rendered":"Bush de Charmes &#8211; Pack de 6x75cl"},"content":{"rendered":"<p>La Bush de Charmes est le r\u00e9sultat d\u2019un m\u00fbrissement en foudres de ch\u00eane (ayant contenu du vin de Bourgogne blanc plus pr\u00e9cis\u00e9ment le fameux Charmes Meursault) de notre Bush Triple pendant une p\u00e9riode de 9 mois. Un produit d&#8217;exception \u00e0 la fronti\u00e8re entre la bi\u00e8re blonde et le vin blanc!<\/p>\n<p>Contenu : 6 x 75cl de Bush de Charmes<\/p>\n","protected":false},"excerpt":{"rendered":"<p>La Bush de Charmes est le r\u00e9sultat d\u2019un m\u00fbrissement en foudres de ch\u00eane (ayant contenu du vin de Bourgogne blanc plus pr\u00e9cis\u00e9ment le fameux Charmes Meursault) de notre Bush Triple pendant une p\u00e9riode de 9 mois. Un produit d&#8217;exception \u00e0 la fronti\u00e8re entre la bi\u00e8re blonde et le vin blanc! Contenu : 6 x 75cl [&hellip;]<\/p>\n","protected":false},"featured_media":21015,"template":"","meta":{"_acf_changed":false},"product_cat":[507,382,389],"product_tag":[],"class_list":{"0":"post-21643","1":"product","2":"type-product","3":"status-publish","4":"has-post-thumbnail","6":"product_cat-tous-les-produits-fr","7":"product_cat-bieres-fr","8":"product_cat-pack-de-6x75cl-fr","9":"product_shipping_class-c1","11":"first","12":"instock","13":"taxable","14":"shipping-taxable","15":"purchasable","16":"product-type-simple"},"acf":[],"yoast_head":"<!-- This site is optimized with the Yoast SEO plugin v23.6 - https:\/\/yoast.com\/wordpress\/plugins\/seo\/ -->\n<title>Bush de Charmes - Pack de 6x75cl - Dubuisson<\/title>\n<meta name=\"robots\" content=\"noindex, follow, max-snippet:-1, max-image-preview:large, max-video-preview:-1\" \/>\n<meta property=\"og:locale\" content=\"fr_FR\" \/>\n<meta property=\"og:type\" content=\"article\" \/>\n<meta property=\"og:title\" content=\"Bush de Charmes - Pack de 6x75cl - Dubuisson\" \/>\n<meta property=\"og:description\" content=\"La Bush de Charmes est le r\u00e9sultat d\u2019un m\u00fbrissement en foudres de ch\u00eane (ayant contenu du vin de Bourgogne blanc plus pr\u00e9cis\u00e9ment le fameux Charmes Meursault) de notre Bush Triple pendant une p\u00e9riode de 9 mois. Un produit d&#8217;exception \u00e0 la fronti\u00e8re entre la bi\u00e8re blonde et le vin blanc! Contenu : 6 x 75cl [&hellip;]\" \/>\n<meta property=\"og:url\" content=\"https:\/\/elementor.dubuisson.com\/fr\/produit-fr\/bush-de-charmes-pack-de-6x75cl\/\" \/>\n<meta property=\"og:site_name\" content=\"Dubuisson\" \/>\n<meta property=\"article:modified_time\" content=\"2022-02-03T08:01:31+00:00\" \/>\n<meta property=\"og:image\" content=\"https:\/\/elementor.dubuisson.com\/wp-content\/uploads\/2021\/08\/BUSH_DE_CHARMES_6.jpg\" \/>\n\t<meta property=\"og:image:width\" content=\"1476\" \/>\n\t<meta property=\"og:image:height\" content=\"1476\" \/>\n\t<meta property=\"og:image:type\" content=\"image\/jpeg\" \/>\n<meta name=\"twitter:card\" content=\"summary_large_image\" \/>\n<script type=\"application\/ld+json\" class=\"yoast-schema-graph\">{\"@context\":\"https:\/\/schema.org\",\"@graph\":[{\"@type\":\"WebPage\",\"@id\":\"https:\/\/elementor.dubuisson.com\/fr\/produit-fr\/bush-de-charmes-pack-de-6x75cl\/\",\"url\":\"https:\/\/elementor.dubuisson.com\/fr\/produit-fr\/bush-de-charmes-pack-de-6x75cl\/\",\"name\":\"Bush de Charmes - Pack de 6x75cl - Dubuisson\",\"isPartOf\":{\"@id\":\"https:\/\/elementor.dubuisson.com\/#website\"},\"primaryImageOfPage\":{\"@id\":\"https:\/\/elementor.dubuisson.com\/fr\/produit-fr\/bush-de-charmes-pack-de-6x75cl\/#primaryimage\"},\"image\":{\"@id\":\"https:\/\/elementor.dubuisson.com\/fr\/produit-fr\/bush-de-charmes-pack-de-6x75cl\/#primaryimage\"},\"thumbnailUrl\":\"https:\/\/elementor.dubuisson.com\/wp-content\/uploads\/2021\/08\/BUSH_DE_CHARMES_6.jpg\",\"datePublished\":\"2022-01-25T14:50:05+00:00\",\"dateModified\":\"2022-02-03T08:01:31+00:00\",\"breadcrumb\":{\"@id\":\"https:\/\/elementor.dubuisson.com\/fr\/produit-fr\/bush-de-charmes-pack-de-6x75cl\/#breadcrumb\"},\"inLanguage\":\"fr-FR\",\"potentialAction\":[{\"@type\":\"ReadAction\",\"target\":[\"https:\/\/elementor.dubuisson.com\/fr\/produit-fr\/bush-de-charmes-pack-de-6x75cl\/\"]}]},{\"@type\":\"ImageObject\",\"inLanguage\":\"fr-FR\",\"@id\":\"https:\/\/elementor.dubuisson.com\/fr\/produit-fr\/bush-de-charmes-pack-de-6x75cl\/#primaryimage\",\"url\":\"https:\/\/elementor.dubuisson.com\/wp-content\/uploads\/2021\/08\/BUSH_DE_CHARMES_6.jpg\",\"contentUrl\":\"https:\/\/elementor.dubuisson.com\/wp-content\/uploads\/2021\/08\/BUSH_DE_CHARMES_6.jpg\",\"width\":1476,\"height\":1476},{\"@type\":\"BreadcrumbList\",\"@id\":\"https:\/\/elementor.dubuisson.com\/fr\/produit-fr\/bush-de-charmes-pack-de-6x75cl\/#breadcrumb\",\"itemListElement\":[{\"@type\":\"ListItem\",\"position\":1,\"name\":\"Accueil\",\"item\":\"https:\/\/elementor.dubuisson.com\/fr\/accueil\/\"},{\"@type\":\"ListItem\",\"position\":2,\"name\":\"Shop\",\"item\":\"https:\/\/elementor.dubuisson.com\/fr\/boutique\/\"},{\"@type\":\"ListItem\",\"position\":3,\"name\":\"Bush de Charmes &#8211; Pack de 6x75cl\"}]},{\"@type\":\"WebSite\",\"@id\":\"https:\/\/elementor.dubuisson.com\/#website\",\"url\":\"https:\/\/elementor.dubuisson.com\/\",\"name\":\"Dubuisson\",\"description\":\"Une des plus anciennes et authentiques brasseries de Belgique\",\"publisher\":{\"@id\":\"https:\/\/elementor.dubuisson.com\/#organization\"},\"potentialAction\":[{\"@type\":\"SearchAction\",\"target\":{\"@type\":\"EntryPoint\",\"urlTemplate\":\"https:\/\/elementor.dubuisson.com\/?s={search_term_string}\"},\"query-input\":{\"@type\":\"PropertyValueSpecification\",\"valueRequired\":true,\"valueName\":\"search_term_string\"}}],\"inLanguage\":\"fr-FR\"},{\"@type\":\"Organization\",\"@id\":\"https:\/\/elementor.dubuisson.com\/#organization\",\"name\":\"Dubuisson\",\"url\":\"https:\/\/elementor.dubuisson.com\/\",\"logo\":{\"@type\":\"ImageObject\",\"inLanguage\":\"fr-FR\",\"@id\":\"https:\/\/elementor.dubuisson.com\/#\/schema\/logo\/image\/\",\"url\":\"https:\/\/elementor.dubuisson.com\/wp-content\/uploads\/2022\/03\/Logo-Dubuisson.svg\",\"contentUrl\":\"https:\/\/elementor.dubuisson.com\/wp-content\/uploads\/2022\/03\/Logo-Dubuisson.svg\",\"width\":146,\"height\":101,\"caption\":\"Dubuisson\"},\"image\":{\"@id\":\"https:\/\/elementor.dubuisson.com\/#\/schema\/logo\/image\/\"},\"sameAs\":[\"https:\/\/www.youtube.com\/channel\/UCS25K-MOakQA3nVglJzLYGA\"]}]}<\/script>\n<!-- \/ Yoast SEO plugin. -->","yoast_head_json":{"title":"Bush de Charmes - Pack de 6x75cl - Dubuisson","robots":{"index":"noindex","follow":"follow","max-snippet":"max-snippet:-1","max-image-preview":"max-image-preview:large","max-video-preview":"max-video-preview:-1"},"og_locale":"fr_FR","og_type":"article","og_title":"Bush de Charmes - Pack de 6x75cl - Dubuisson","og_description":"La Bush de Charmes est le r\u00e9sultat d\u2019un m\u00fbrissement en foudres de ch\u00eane (ayant contenu du vin de Bourgogne blanc plus pr\u00e9cis\u00e9ment le fameux Charmes Meursault) de notre Bush Triple pendant une p\u00e9riode de 9 mois. Un produit d&#8217;exception \u00e0 la fronti\u00e8re entre la bi\u00e8re blonde et le vin blanc! Contenu : 6 x 75cl [&hellip;]","og_url":"https:\/\/elementor.dubuisson.com\/fr\/produit-fr\/bush-de-charmes-pack-de-6x75cl\/","og_site_name":"Dubuisson","article_modified_time":"2022-02-03T08:01:31+00:00","og_image":[{"width":1476,"height":1476,"url":"https:\/\/elementor.dubuisson.com\/wp-content\/uploads\/2021\/08\/BUSH_DE_CHARMES_6.jpg","type":"image\/jpeg"}],"twitter_card":"summary_large_image","schema":{"@context":"https:\/\/schema.org","@graph":[{"@type":"WebPage","@id":"https:\/\/elementor.dubuisson.com\/fr\/produit-fr\/bush-de-charmes-pack-de-6x75cl\/","url":"https:\/\/elementor.dubuisson.com\/fr\/produit-fr\/bush-de-charmes-pack-de-6x75cl\/","name":"Bush de Charmes - Pack de 6x75cl - Dubuisson","isPartOf":{"@id":"https:\/\/elementor.dubuisson.com\/#website"},"primaryImageOfPage":{"@id":"https:\/\/elementor.dubuisson.com\/fr\/produit-fr\/bush-de-charmes-pack-de-6x75cl\/#primaryimage"},"image":{"@id":"https:\/\/elementor.dubuisson.com\/fr\/produit-fr\/bush-de-charmes-pack-de-6x75cl\/#primaryimage"},"thumbnailUrl":"https:\/\/elementor.dubuisson.com\/wp-content\/uploads\/2021\/08\/BUSH_DE_CHARMES_6.jpg","datePublished":"2022-01-25T14:50:05+00:00","dateModified":"2022-02-03T08:01:31+00:00","breadcrumb":{"@id":"https:\/\/elementor.dubuisson.com\/fr\/produit-fr\/bush-de-charmes-pack-de-6x75cl\/#breadcrumb"},"inLanguage":"fr-FR","potentialAction":[{"@type":"ReadAction","target":["https:\/\/elementor.dubuisson.com\/fr\/produit-fr\/bush-de-charmes-pack-de-6x75cl\/"]}]},{"@type":"ImageObject","inLanguage":"fr-FR","@id":"https:\/\/elementor.dubuisson.com\/fr\/produit-fr\/bush-de-charmes-pack-de-6x75cl\/#primaryimage","url":"https:\/\/elementor.dubuisson.com\/wp-content\/uploads\/2021\/08\/BUSH_DE_CHARMES_6.jpg","contentUrl":"https:\/\/elementor.dubuisson.com\/wp-content\/uploads\/2021\/08\/BUSH_DE_CHARMES_6.jpg","width":1476,"height":1476},{"@type":"BreadcrumbList","@id":"https:\/\/elementor.dubuisson.com\/fr\/produit-fr\/bush-de-charmes-pack-de-6x75cl\/#breadcrumb","itemListElement":[{"@type":"ListItem","position":1,"name":"Accueil","item":"https:\/\/elementor.dubuisson.com\/fr\/accueil\/"},{"@type":"ListItem","position":2,"name":"Shop","item":"https:\/\/elementor.dubuisson.com\/fr\/boutique\/"},{"@type":"ListItem","position":3,"name":"Bush de Charmes &#8211; Pack de 6x75cl"}]},{"@type":"WebSite","@id":"https:\/\/elementor.dubuisson.com\/#website","url":"https:\/\/elementor.dubuisson.com\/","name":"Dubuisson","description":"Une des plus anciennes et authentiques brasseries de Belgique","publisher":{"@id":"https:\/\/elementor.dubuisson.com\/#organization"},"potentialAction":[{"@type":"SearchAction","target":{"@type":"EntryPoint","urlTemplate":"https:\/\/elementor.dubuisson.com\/?s={search_term_string}"},"query-input":{"@type":"PropertyValueSpecification","valueRequired":true,"valueName":"search_term_string"}}],"inLanguage":"fr-FR"},{"@type":"Organization","@id":"https:\/\/elementor.dubuisson.com\/#organization","name":"Dubuisson","url":"https:\/\/elementor.dubuisson.com\/","logo":{"@type":"ImageObject","inLanguage":"fr-FR","@id":"https:\/\/elementor.dubuisson.com\/#\/schema\/logo\/image\/","url":"https:\/\/elementor.dubuisson.com\/wp-content\/uploads\/2022\/03\/Logo-Dubuisson.svg","contentUrl":"https:\/\/elementor.dubuisson.com\/wp-content\/uploads\/2022\/03\/Logo-Dubuisson.svg","width":146,"height":101,"caption":"Dubuisson"},"image":{"@id":"https:\/\/elementor.dubuisson.com\/#\/schema\/logo\/image\/"},"sameAs":["https:\/\/www.youtube.com\/channel\/UCS25K-MOakQA3nVglJzLYGA"]}]}},"_links":{"self":[{"href":"https:\/\/elementor.dubuisson.com\/fr\/wp-json\/wp\/v2\/product\/21643"}],"collection":[{"href":"https:\/\/elementor.dubuisson.com\/fr\/wp-json\/wp\/v2\/product"}],"about":[{"href":"https:\/\/elementor.dubuisson.com\/fr\/wp-json\/wp\/v2\/types\/product"}],"version-history":[{"count":0,"href":"https:\/\/elementor.dubuisson.com\/fr\/wp-json\/wp\/v2\/product\/21643\/revisions"}],"wp:featuredmedia":[{"embeddable":true,"href":"https:\/\/elementor.dubuisson.com\/fr\/wp-json\/wp\/v2\/media\/21015"}],"wp:attachment":[{"href":"https:\/\/elementor.dubuisson.com\/fr\/wp-json\/wp\/v2\/media?parent=21643"}],"wp:term":[{"taxonomy":"product_cat","embeddable":true,"href":"https:\/\/elementor.dubuisson.com\/fr\/wp-json\/wp\/v2\/product_cat?post=21643"},{"taxonomy":"product_tag","embeddable":true,"href":"https:\/\/elementor.dubuisson.com\/fr\/wp-json\/wp\/v2\/product_tag?post=21643"}],"curies":[{"name":"wp","href":"https:\/\/api.w.org\/{rel}","templated":true}]}}