{"id":21647,"date":"2022-01-01T16:01:18","date_gmt":"2022-11-21T13:36:17","guid":{"rendered":"https:\/\/elementor.dubuisson.com\/?post_type=product&#038;p=21647"},"modified":"2022-11-21T14:36:18","modified_gmt":"2022-11-21T13:36:18","slug":"bush-de-noel-pack-de-6x75cl","status":"publish","type":"product","link":"https:\/\/elementor.dubuisson.com\/fr\/produit-fr\/bush-de-noel-pack-de-6x75cl\/","title":{"rendered":"Bush de No\u00ebl &#8211; Pack de 6x75cl"},"content":{"rendered":"<p>La Bush de No\u00ebl n&#8217;est disponible qu&#8217;en saison! Si elle est sur ce webshop et que vous lisez ce message, c&#8217;est que vous vous approchez des f\u00eates (ou que notre webmaster a mal fait son boulot ;)). Quoi qu&#8217;il en soit, sautez sur l&#8217;occasion, cette bi\u00e8re brune \u00e0 la fois puissante et ronde est un incontournable des f\u00eates! A avoir absolument dans votre frigo pour la fin de l&#8217;ann\u00e9e (et m\u00eame un peu plus t\u00f4t si vous le souhaitez).<\/p>\n<p>Contenu : 6x 75cl de Bush de No\u00ebl<\/p>\n","protected":false},"excerpt":{"rendered":"<p>La Bush de No\u00ebl n&#8217;est disponible qu&#8217;en saison! Si elle est sur ce webshop et que vous lisez ce message, c&#8217;est que vous vous approchez des f\u00eates (ou que notre webmaster a mal fait son boulot ;)). Quoi qu&#8217;il en soit, sautez sur l&#8217;occasion, cette bi\u00e8re brune \u00e0 la fois puissante et ronde est un [&hellip;]<\/p>\n","protected":false},"featured_media":21064,"template":"","meta":{"_acf_changed":false},"product_cat":[507,382,389],"product_tag":[],"class_list":{"0":"post-21647","1":"product","2":"type-product","3":"status-publish","4":"has-post-thumbnail","6":"product_cat-tous-les-produits-fr","7":"product_cat-bieres-fr","8":"product_cat-pack-de-6x75cl-fr","9":"product_shipping_class-c1","11":"first","12":"instock","13":"taxable","14":"shipping-taxable","15":"purchasable","16":"product-type-simple"},"acf":[],"yoast_head":"<!-- This site is optimized with the Yoast SEO plugin v23.6 - https:\/\/yoast.com\/wordpress\/plugins\/seo\/ -->\n<title>Bush de No\u00ebl - Pack de 6x75cl - Dubuisson<\/title>\n<meta name=\"robots\" content=\"noindex, follow, max-snippet:-1, max-image-preview:large, max-video-preview:-1\" \/>\n<meta property=\"og:locale\" content=\"fr_FR\" \/>\n<meta property=\"og:type\" content=\"article\" \/>\n<meta property=\"og:title\" content=\"Bush de No\u00ebl - Pack de 6x75cl - Dubuisson\" \/>\n<meta property=\"og:description\" content=\"La Bush de No\u00ebl n&#8217;est disponible qu&#8217;en saison! Si elle est sur ce webshop et que vous lisez ce message, c&#8217;est que vous vous approchez des f\u00eates (ou que notre webmaster a mal fait son boulot ;)). Quoi qu&#8217;il en soit, sautez sur l&#8217;occasion, cette bi\u00e8re brune \u00e0 la fois puissante et ronde est un [&hellip;]\" \/>\n<meta property=\"og:url\" content=\"https:\/\/elementor.dubuisson.com\/fr\/produit-fr\/bush-de-noel-pack-de-6x75cl\/\" \/>\n<meta property=\"og:site_name\" content=\"Dubuisson\" \/>\n<meta property=\"article:modified_time\" content=\"2022-11-21T13:36:18+00:00\" \/>\n<meta property=\"og:image\" content=\"https:\/\/elementor.dubuisson.com\/wp-content\/uploads\/2021\/08\/BUSH_NOEL_75_6.jpg\" \/>\n\t<meta property=\"og:image:width\" content=\"1476\" \/>\n\t<meta property=\"og:image:height\" content=\"1476\" \/>\n\t<meta property=\"og:image:type\" content=\"image\/jpeg\" \/>\n<meta name=\"twitter:card\" content=\"summary_large_image\" \/>\n<script type=\"application\/ld+json\" class=\"yoast-schema-graph\">{\"@context\":\"https:\/\/schema.org\",\"@graph\":[{\"@type\":\"WebPage\",\"@id\":\"https:\/\/elementor.dubuisson.com\/fr\/produit-fr\/bush-de-noel-pack-de-6x75cl\/\",\"url\":\"https:\/\/elementor.dubuisson.com\/fr\/produit-fr\/bush-de-noel-pack-de-6x75cl\/\",\"name\":\"Bush de No\u00ebl - Pack de 6x75cl - Dubuisson\",\"isPartOf\":{\"@id\":\"https:\/\/elementor.dubuisson.com\/#website\"},\"primaryImageOfPage\":{\"@id\":\"https:\/\/elementor.dubuisson.com\/fr\/produit-fr\/bush-de-noel-pack-de-6x75cl\/#primaryimage\"},\"image\":{\"@id\":\"https:\/\/elementor.dubuisson.com\/fr\/produit-fr\/bush-de-noel-pack-de-6x75cl\/#primaryimage\"},\"thumbnailUrl\":\"https:\/\/elementor.dubuisson.com\/wp-content\/uploads\/2021\/08\/BUSH_NOEL_75_6.jpg\",\"datePublished\":\"2022-11-21T13:36:17+00:00\",\"dateModified\":\"2022-11-21T13:36:18+00:00\",\"breadcrumb\":{\"@id\":\"https:\/\/elementor.dubuisson.com\/fr\/produit-fr\/bush-de-noel-pack-de-6x75cl\/#breadcrumb\"},\"inLanguage\":\"fr-FR\",\"potentialAction\":[{\"@type\":\"ReadAction\",\"target\":[\"https:\/\/elementor.dubuisson.com\/fr\/produit-fr\/bush-de-noel-pack-de-6x75cl\/\"]}]},{\"@type\":\"ImageObject\",\"inLanguage\":\"fr-FR\",\"@id\":\"https:\/\/elementor.dubuisson.com\/fr\/produit-fr\/bush-de-noel-pack-de-6x75cl\/#primaryimage\",\"url\":\"https:\/\/elementor.dubuisson.com\/wp-content\/uploads\/2021\/08\/BUSH_NOEL_75_6.jpg\",\"contentUrl\":\"https:\/\/elementor.dubuisson.com\/wp-content\/uploads\/2021\/08\/BUSH_NOEL_75_6.jpg\",\"width\":1476,\"height\":1476},{\"@type\":\"BreadcrumbList\",\"@id\":\"https:\/\/elementor.dubuisson.com\/fr\/produit-fr\/bush-de-noel-pack-de-6x75cl\/#breadcrumb\",\"itemListElement\":[{\"@type\":\"ListItem\",\"position\":1,\"name\":\"Accueil\",\"item\":\"https:\/\/elementor.dubuisson.com\/fr\/accueil\/\"},{\"@type\":\"ListItem\",\"position\":2,\"name\":\"Shop\",\"item\":\"https:\/\/elementor.dubuisson.com\/fr\/boutique\/\"},{\"@type\":\"ListItem\",\"position\":3,\"name\":\"Bush de No\u00ebl &#8211; Pack de 6x75cl\"}]},{\"@type\":\"WebSite\",\"@id\":\"https:\/\/elementor.dubuisson.com\/#website\",\"url\":\"https:\/\/elementor.dubuisson.com\/\",\"name\":\"Dubuisson\",\"description\":\"Une des plus anciennes et authentiques brasseries de Belgique\",\"publisher\":{\"@id\":\"https:\/\/elementor.dubuisson.com\/#organization\"},\"potentialAction\":[{\"@type\":\"SearchAction\",\"target\":{\"@type\":\"EntryPoint\",\"urlTemplate\":\"https:\/\/elementor.dubuisson.com\/?s={search_term_string}\"},\"query-input\":{\"@type\":\"PropertyValueSpecification\",\"valueRequired\":true,\"valueName\":\"search_term_string\"}}],\"inLanguage\":\"fr-FR\"},{\"@type\":\"Organization\",\"@id\":\"https:\/\/elementor.dubuisson.com\/#organization\",\"name\":\"Dubuisson\",\"url\":\"https:\/\/elementor.dubuisson.com\/\",\"logo\":{\"@type\":\"ImageObject\",\"inLanguage\":\"fr-FR\",\"@id\":\"https:\/\/elementor.dubuisson.com\/#\/schema\/logo\/image\/\",\"url\":\"https:\/\/elementor.dubuisson.com\/wp-content\/uploads\/2022\/03\/Logo-Dubuisson.svg\",\"contentUrl\":\"https:\/\/elementor.dubuisson.com\/wp-content\/uploads\/2022\/03\/Logo-Dubuisson.svg\",\"width\":146,\"height\":101,\"caption\":\"Dubuisson\"},\"image\":{\"@id\":\"https:\/\/elementor.dubuisson.com\/#\/schema\/logo\/image\/\"},\"sameAs\":[\"https:\/\/www.youtube.com\/channel\/UCS25K-MOakQA3nVglJzLYGA\"]}]}<\/script>\n<!-- \/ Yoast SEO plugin. -->","yoast_head_json":{"title":"Bush de No\u00ebl - Pack de 6x75cl - Dubuisson","robots":{"index":"noindex","follow":"follow","max-snippet":"max-snippet:-1","max-image-preview":"max-image-preview:large","max-video-preview":"max-video-preview:-1"},"og_locale":"fr_FR","og_type":"article","og_title":"Bush de No\u00ebl - Pack de 6x75cl - Dubuisson","og_description":"La Bush de No\u00ebl n&#8217;est disponible qu&#8217;en saison! Si elle est sur ce webshop et que vous lisez ce message, c&#8217;est que vous vous approchez des f\u00eates (ou que notre webmaster a mal fait son boulot ;)). Quoi qu&#8217;il en soit, sautez sur l&#8217;occasion, cette bi\u00e8re brune \u00e0 la fois puissante et ronde est un [&hellip;]","og_url":"https:\/\/elementor.dubuisson.com\/fr\/produit-fr\/bush-de-noel-pack-de-6x75cl\/","og_site_name":"Dubuisson","article_modified_time":"2022-11-21T13:36:18+00:00","og_image":[{"width":1476,"height":1476,"url":"https:\/\/elementor.dubuisson.com\/wp-content\/uploads\/2021\/08\/BUSH_NOEL_75_6.jpg","type":"image\/jpeg"}],"twitter_card":"summary_large_image","schema":{"@context":"https:\/\/schema.org","@graph":[{"@type":"WebPage","@id":"https:\/\/elementor.dubuisson.com\/fr\/produit-fr\/bush-de-noel-pack-de-6x75cl\/","url":"https:\/\/elementor.dubuisson.com\/fr\/produit-fr\/bush-de-noel-pack-de-6x75cl\/","name":"Bush de No\u00ebl - Pack de 6x75cl - Dubuisson","isPartOf":{"@id":"https:\/\/elementor.dubuisson.com\/#website"},"primaryImageOfPage":{"@id":"https:\/\/elementor.dubuisson.com\/fr\/produit-fr\/bush-de-noel-pack-de-6x75cl\/#primaryimage"},"image":{"@id":"https:\/\/elementor.dubuisson.com\/fr\/produit-fr\/bush-de-noel-pack-de-6x75cl\/#primaryimage"},"thumbnailUrl":"https:\/\/elementor.dubuisson.com\/wp-content\/uploads\/2021\/08\/BUSH_NOEL_75_6.jpg","datePublished":"2022-11-21T13:36:17+00:00","dateModified":"2022-11-21T13:36:18+00:00","breadcrumb":{"@id":"https:\/\/elementor.dubuisson.com\/fr\/produit-fr\/bush-de-noel-pack-de-6x75cl\/#breadcrumb"},"inLanguage":"fr-FR","potentialAction":[{"@type":"ReadAction","target":["https:\/\/elementor.dubuisson.com\/fr\/produit-fr\/bush-de-noel-pack-de-6x75cl\/"]}]},{"@type":"ImageObject","inLanguage":"fr-FR","@id":"https:\/\/elementor.dubuisson.com\/fr\/produit-fr\/bush-de-noel-pack-de-6x75cl\/#primaryimage","url":"https:\/\/elementor.dubuisson.com\/wp-content\/uploads\/2021\/08\/BUSH_NOEL_75_6.jpg","contentUrl":"https:\/\/elementor.dubuisson.com\/wp-content\/uploads\/2021\/08\/BUSH_NOEL_75_6.jpg","width":1476,"height":1476},{"@type":"BreadcrumbList","@id":"https:\/\/elementor.dubuisson.com\/fr\/produit-fr\/bush-de-noel-pack-de-6x75cl\/#breadcrumb","itemListElement":[{"@type":"ListItem","position":1,"name":"Accueil","item":"https:\/\/elementor.dubuisson.com\/fr\/accueil\/"},{"@type":"ListItem","position":2,"name":"Shop","item":"https:\/\/elementor.dubuisson.com\/fr\/boutique\/"},{"@type":"ListItem","position":3,"name":"Bush de No\u00ebl &#8211; Pack de 6x75cl"}]},{"@type":"WebSite","@id":"https:\/\/elementor.dubuisson.com\/#website","url":"https:\/\/elementor.dubuisson.com\/","name":"Dubuisson","description":"Une des plus anciennes et authentiques brasseries de Belgique","publisher":{"@id":"https:\/\/elementor.dubuisson.com\/#organization"},"potentialAction":[{"@type":"SearchAction","target":{"@type":"EntryPoint","urlTemplate":"https:\/\/elementor.dubuisson.com\/?s={search_term_string}"},"query-input":{"@type":"PropertyValueSpecification","valueRequired":true,"valueName":"search_term_string"}}],"inLanguage":"fr-FR"},{"@type":"Organization","@id":"https:\/\/elementor.dubuisson.com\/#organization","name":"Dubuisson","url":"https:\/\/elementor.dubuisson.com\/","logo":{"@type":"ImageObject","inLanguage":"fr-FR","@id":"https:\/\/elementor.dubuisson.com\/#\/schema\/logo\/image\/","url":"https:\/\/elementor.dubuisson.com\/wp-content\/uploads\/2022\/03\/Logo-Dubuisson.svg","contentUrl":"https:\/\/elementor.dubuisson.com\/wp-content\/uploads\/2022\/03\/Logo-Dubuisson.svg","width":146,"height":101,"caption":"Dubuisson"},"image":{"@id":"https:\/\/elementor.dubuisson.com\/#\/schema\/logo\/image\/"},"sameAs":["https:\/\/www.youtube.com\/channel\/UCS25K-MOakQA3nVglJzLYGA"]}]}},"_links":{"self":[{"href":"https:\/\/elementor.dubuisson.com\/fr\/wp-json\/wp\/v2\/product\/21647"}],"collection":[{"href":"https:\/\/elementor.dubuisson.com\/fr\/wp-json\/wp\/v2\/product"}],"about":[{"href":"https:\/\/elementor.dubuisson.com\/fr\/wp-json\/wp\/v2\/types\/product"}],"version-history":[{"count":1,"href":"https:\/\/elementor.dubuisson.com\/fr\/wp-json\/wp\/v2\/product\/21647\/revisions"}],"predecessor-version":[{"id":37526,"href":"https:\/\/elementor.dubuisson.com\/fr\/wp-json\/wp\/v2\/product\/21647\/revisions\/37526"}],"wp:featuredmedia":[{"embeddable":true,"href":"https:\/\/elementor.dubuisson.com\/fr\/wp-json\/wp\/v2\/media\/21064"}],"wp:attachment":[{"href":"https:\/\/elementor.dubuisson.com\/fr\/wp-json\/wp\/v2\/media?parent=21647"}],"wp:term":[{"taxonomy":"product_cat","embeddable":true,"href":"https:\/\/elementor.dubuisson.com\/fr\/wp-json\/wp\/v2\/product_cat?post=21647"},{"taxonomy":"product_tag","embeddable":true,"href":"https:\/\/elementor.dubuisson.com\/fr\/wp-json\/wp\/v2\/product_tag?post=21647"}],"curies":[{"name":"wp","href":"https:\/\/api.w.org\/{rel}","templated":true}]}}