{"id":37508,"date":"2022-11-18T11:19:55","date_gmt":"2022-11-18T10:19:55","guid":{"rendered":"https:\/\/elementor.dubuisson.com\/product\/blanche-dubuisson-pack-de-6x33cl\/"},"modified":"2022-11-18T11:19:55","modified_gmt":"2022-11-18T10:19:55","slug":"blanche-dubuisson-pack-de-6x33cl","status":"publish","type":"product","link":"https:\/\/elementor.dubuisson.com\/fr\/produit-fr\/blanche-dubuisson-pack-de-6x33cl\/","title":{"rendered":"Blanche Dubuisson &#8211; Pack de 6x33cl"},"content":{"rendered":"<p>Une bi\u00e8re exclusive, con\u00e7ue et pr\u00e9vue pour nos \u00e9tablissements. C&#8217;est l&#8217;une des rares \u00e0 avoir la chance d&#8217;\u00eatre mise en bouteille! Si vous aimez la blanche, foncez, vous ne serez pas d\u00e9\u00e7u!<\/p>\n<p>Contenu : 6x 33cl Blanche Dubuisson<\/p>\n","protected":false},"excerpt":{"rendered":"<p>Une bi\u00e8re exclusive, con\u00e7ue et pr\u00e9vue pour nos \u00e9tablissements. C&#8217;est l&#8217;une des rares \u00e0 avoir la chance d&#8217;\u00eatre mise en bouteille! Si vous aimez la blanche, foncez, vous ne serez pas d\u00e9\u00e7u! Contenu : 6x 33cl Blanche Dubuisson<\/p>\n","protected":false},"featured_media":37258,"template":"","meta":{"_acf_changed":false},"product_cat":[507,382,390],"product_tag":[],"class_list":{"0":"post-37508","1":"product","2":"type-product","3":"status-publish","4":"has-post-thumbnail","6":"product_cat-tous-les-produits-fr","7":"product_cat-bieres-fr","8":"product_cat-pack-de-6x33cl-fr","10":"first","11":"instock","12":"taxable","13":"shipping-taxable","14":"purchasable","15":"product-type-simple"},"acf":[],"yoast_head":"<!-- This site is optimized with the Yoast SEO plugin v23.6 - https:\/\/yoast.com\/wordpress\/plugins\/seo\/ -->\n<title>Blanche Dubuisson - Pack de 6x33cl - Dubuisson<\/title>\n<meta name=\"robots\" content=\"noindex, follow, max-snippet:-1, max-image-preview:large, max-video-preview:-1\" \/>\n<meta property=\"og:locale\" content=\"fr_FR\" \/>\n<meta property=\"og:type\" content=\"article\" \/>\n<meta property=\"og:title\" content=\"Blanche Dubuisson - Pack de 6x33cl - Dubuisson\" \/>\n<meta property=\"og:description\" content=\"Une bi\u00e8re exclusive, con\u00e7ue et pr\u00e9vue pour nos \u00e9tablissements. C&#8217;est l&#8217;une des rares \u00e0 avoir la chance d&#8217;\u00eatre mise en bouteille! Si vous aimez la blanche, foncez, vous ne serez pas d\u00e9\u00e7u! Contenu : 6x 33cl Blanche Dubuisson\" \/>\n<meta property=\"og:url\" content=\"https:\/\/elementor.dubuisson.com\/produit\/blanche-dubuisson-pack-de-6x33cl\/\" \/>\n<meta property=\"og:site_name\" content=\"Dubuisson\" \/>\n<meta name=\"twitter:card\" content=\"summary_large_image\" \/>\n<script type=\"application\/ld+json\" class=\"yoast-schema-graph\">{\"@context\":\"https:\/\/schema.org\",\"@graph\":[{\"@type\":\"WebPage\",\"@id\":\"https:\/\/elementor.dubuisson.com\/produit\/blanche-dubuisson-pack-de-6x33cl\/\",\"url\":\"https:\/\/elementor.dubuisson.com\/produit\/blanche-dubuisson-pack-de-6x33cl\/\",\"name\":\"Blanche Dubuisson - Pack de 6x33cl - Dubuisson\",\"isPartOf\":{\"@id\":\"https:\/\/elementor.dubuisson.com\/#website\"},\"primaryImageOfPage\":{\"@id\":\"https:\/\/elementor.dubuisson.com\/produit\/blanche-dubuisson-pack-de-6x33cl\/#primaryimage\"},\"image\":{\"@id\":\"https:\/\/elementor.dubuisson.com\/produit\/blanche-dubuisson-pack-de-6x33cl\/#primaryimage\"},\"thumbnailUrl\":\"https:\/\/elementor.dubuisson.com\/wp-content\/uploads\/2022\/11\/BLANCHE_6.jpg\",\"datePublished\":\"2022-11-18T10:19:55+00:00\",\"dateModified\":\"2022-11-18T10:19:55+00:00\",\"breadcrumb\":{\"@id\":\"https:\/\/elementor.dubuisson.com\/produit\/blanche-dubuisson-pack-de-6x33cl\/#breadcrumb\"},\"inLanguage\":\"fr-FR\",\"potentialAction\":[{\"@type\":\"ReadAction\",\"target\":[\"https:\/\/elementor.dubuisson.com\/produit\/blanche-dubuisson-pack-de-6x33cl\/\"]}]},{\"@type\":\"ImageObject\",\"inLanguage\":\"fr-FR\",\"@id\":\"https:\/\/elementor.dubuisson.com\/produit\/blanche-dubuisson-pack-de-6x33cl\/#primaryimage\",\"url\":\"https:\/\/elementor.dubuisson.com\/wp-content\/uploads\/2022\/11\/BLANCHE_6.jpg\",\"contentUrl\":\"https:\/\/elementor.dubuisson.com\/wp-content\/uploads\/2022\/11\/BLANCHE_6.jpg\",\"width\":1476,\"height\":1476},{\"@type\":\"BreadcrumbList\",\"@id\":\"https:\/\/elementor.dubuisson.com\/produit\/blanche-dubuisson-pack-de-6x33cl\/#breadcrumb\",\"itemListElement\":[{\"@type\":\"ListItem\",\"position\":1,\"name\":\"Accueil\",\"item\":\"https:\/\/elementor.dubuisson.com\/fr\/accueil\/\"},{\"@type\":\"ListItem\",\"position\":2,\"name\":\"Shop\",\"item\":\"https:\/\/elementor.dubuisson.com\/fr\/boutique\/\"},{\"@type\":\"ListItem\",\"position\":3,\"name\":\"Blanche Dubuisson &#8211; Pack de 6x33cl\"}]},{\"@type\":\"WebSite\",\"@id\":\"https:\/\/elementor.dubuisson.com\/#website\",\"url\":\"https:\/\/elementor.dubuisson.com\/\",\"name\":\"Dubuisson\",\"description\":\"Une des plus anciennes et authentiques brasseries de Belgique\",\"publisher\":{\"@id\":\"https:\/\/elementor.dubuisson.com\/#organization\"},\"potentialAction\":[{\"@type\":\"SearchAction\",\"target\":{\"@type\":\"EntryPoint\",\"urlTemplate\":\"https:\/\/elementor.dubuisson.com\/?s={search_term_string}\"},\"query-input\":{\"@type\":\"PropertyValueSpecification\",\"valueRequired\":true,\"valueName\":\"search_term_string\"}}],\"inLanguage\":\"fr-FR\"},{\"@type\":\"Organization\",\"@id\":\"https:\/\/elementor.dubuisson.com\/#organization\",\"name\":\"Dubuisson\",\"url\":\"https:\/\/elementor.dubuisson.com\/\",\"logo\":{\"@type\":\"ImageObject\",\"inLanguage\":\"fr-FR\",\"@id\":\"https:\/\/elementor.dubuisson.com\/#\/schema\/logo\/image\/\",\"url\":\"https:\/\/elementor.dubuisson.com\/wp-content\/uploads\/2022\/03\/Logo-Dubuisson.svg\",\"contentUrl\":\"https:\/\/elementor.dubuisson.com\/wp-content\/uploads\/2022\/03\/Logo-Dubuisson.svg\",\"width\":146,\"height\":101,\"caption\":\"Dubuisson\"},\"image\":{\"@id\":\"https:\/\/elementor.dubuisson.com\/#\/schema\/logo\/image\/\"},\"sameAs\":[\"https:\/\/www.youtube.com\/channel\/UCS25K-MOakQA3nVglJzLYGA\"]}]}<\/script>\n<!-- \/ Yoast SEO plugin. -->","yoast_head_json":{"title":"Blanche Dubuisson - Pack de 6x33cl - Dubuisson","robots":{"index":"noindex","follow":"follow","max-snippet":"max-snippet:-1","max-image-preview":"max-image-preview:large","max-video-preview":"max-video-preview:-1"},"og_locale":"fr_FR","og_type":"article","og_title":"Blanche Dubuisson - Pack de 6x33cl - Dubuisson","og_description":"Une bi\u00e8re exclusive, con\u00e7ue et pr\u00e9vue pour nos \u00e9tablissements. C&#8217;est l&#8217;une des rares \u00e0 avoir la chance d&#8217;\u00eatre mise en bouteille! Si vous aimez la blanche, foncez, vous ne serez pas d\u00e9\u00e7u! Contenu : 6x 33cl Blanche Dubuisson","og_url":"https:\/\/elementor.dubuisson.com\/produit\/blanche-dubuisson-pack-de-6x33cl\/","og_site_name":"Dubuisson","twitter_card":"summary_large_image","schema":{"@context":"https:\/\/schema.org","@graph":[{"@type":"WebPage","@id":"https:\/\/elementor.dubuisson.com\/produit\/blanche-dubuisson-pack-de-6x33cl\/","url":"https:\/\/elementor.dubuisson.com\/produit\/blanche-dubuisson-pack-de-6x33cl\/","name":"Blanche Dubuisson - Pack de 6x33cl - Dubuisson","isPartOf":{"@id":"https:\/\/elementor.dubuisson.com\/#website"},"primaryImageOfPage":{"@id":"https:\/\/elementor.dubuisson.com\/produit\/blanche-dubuisson-pack-de-6x33cl\/#primaryimage"},"image":{"@id":"https:\/\/elementor.dubuisson.com\/produit\/blanche-dubuisson-pack-de-6x33cl\/#primaryimage"},"thumbnailUrl":"https:\/\/elementor.dubuisson.com\/wp-content\/uploads\/2022\/11\/BLANCHE_6.jpg","datePublished":"2022-11-18T10:19:55+00:00","dateModified":"2022-11-18T10:19:55+00:00","breadcrumb":{"@id":"https:\/\/elementor.dubuisson.com\/produit\/blanche-dubuisson-pack-de-6x33cl\/#breadcrumb"},"inLanguage":"fr-FR","potentialAction":[{"@type":"ReadAction","target":["https:\/\/elementor.dubuisson.com\/produit\/blanche-dubuisson-pack-de-6x33cl\/"]}]},{"@type":"ImageObject","inLanguage":"fr-FR","@id":"https:\/\/elementor.dubuisson.com\/produit\/blanche-dubuisson-pack-de-6x33cl\/#primaryimage","url":"https:\/\/elementor.dubuisson.com\/wp-content\/uploads\/2022\/11\/BLANCHE_6.jpg","contentUrl":"https:\/\/elementor.dubuisson.com\/wp-content\/uploads\/2022\/11\/BLANCHE_6.jpg","width":1476,"height":1476},{"@type":"BreadcrumbList","@id":"https:\/\/elementor.dubuisson.com\/produit\/blanche-dubuisson-pack-de-6x33cl\/#breadcrumb","itemListElement":[{"@type":"ListItem","position":1,"name":"Accueil","item":"https:\/\/elementor.dubuisson.com\/fr\/accueil\/"},{"@type":"ListItem","position":2,"name":"Shop","item":"https:\/\/elementor.dubuisson.com\/fr\/boutique\/"},{"@type":"ListItem","position":3,"name":"Blanche Dubuisson &#8211; Pack de 6x33cl"}]},{"@type":"WebSite","@id":"https:\/\/elementor.dubuisson.com\/#website","url":"https:\/\/elementor.dubuisson.com\/","name":"Dubuisson","description":"Une des plus anciennes et authentiques brasseries de Belgique","publisher":{"@id":"https:\/\/elementor.dubuisson.com\/#organization"},"potentialAction":[{"@type":"SearchAction","target":{"@type":"EntryPoint","urlTemplate":"https:\/\/elementor.dubuisson.com\/?s={search_term_string}"},"query-input":{"@type":"PropertyValueSpecification","valueRequired":true,"valueName":"search_term_string"}}],"inLanguage":"fr-FR"},{"@type":"Organization","@id":"https:\/\/elementor.dubuisson.com\/#organization","name":"Dubuisson","url":"https:\/\/elementor.dubuisson.com\/","logo":{"@type":"ImageObject","inLanguage":"fr-FR","@id":"https:\/\/elementor.dubuisson.com\/#\/schema\/logo\/image\/","url":"https:\/\/elementor.dubuisson.com\/wp-content\/uploads\/2022\/03\/Logo-Dubuisson.svg","contentUrl":"https:\/\/elementor.dubuisson.com\/wp-content\/uploads\/2022\/03\/Logo-Dubuisson.svg","width":146,"height":101,"caption":"Dubuisson"},"image":{"@id":"https:\/\/elementor.dubuisson.com\/#\/schema\/logo\/image\/"},"sameAs":["https:\/\/www.youtube.com\/channel\/UCS25K-MOakQA3nVglJzLYGA"]}]}},"_links":{"self":[{"href":"https:\/\/elementor.dubuisson.com\/fr\/wp-json\/wp\/v2\/product\/37508"}],"collection":[{"href":"https:\/\/elementor.dubuisson.com\/fr\/wp-json\/wp\/v2\/product"}],"about":[{"href":"https:\/\/elementor.dubuisson.com\/fr\/wp-json\/wp\/v2\/types\/product"}],"version-history":[{"count":0,"href":"https:\/\/elementor.dubuisson.com\/fr\/wp-json\/wp\/v2\/product\/37508\/revisions"}],"wp:featuredmedia":[{"embeddable":true,"href":"https:\/\/elementor.dubuisson.com\/fr\/wp-json\/wp\/v2\/media\/37258"}],"wp:attachment":[{"href":"https:\/\/elementor.dubuisson.com\/fr\/wp-json\/wp\/v2\/media?parent=37508"}],"wp:term":[{"taxonomy":"product_cat","embeddable":true,"href":"https:\/\/elementor.dubuisson.com\/fr\/wp-json\/wp\/v2\/product_cat?post=37508"},{"taxonomy":"product_tag","embeddable":true,"href":"https:\/\/elementor.dubuisson.com\/fr\/wp-json\/wp\/v2\/product_tag?post=37508"}],"curies":[{"name":"wp","href":"https:\/\/api.w.org\/{rel}","templated":true}]}}