{"id":36012,"date":"2022-04-21T17:00:55","date_gmt":"2022-04-21T15:00:55","guid":{"rendered":"https:\/\/elementor.dubuisson.com\/mon-compte\/"},"modified":"2022-11-15T08:49:26","modified_gmt":"2022-11-15T07:49:26","slug":"mon-compte","status":"publish","type":"page","link":"https:\/\/elementor.dubuisson.com\/nl\/mon-compte\/","title":{"rendered":"Mon compte"},"content":{"rendered":"\t\t<div data-elementor-type=\"wp-page\" data-elementor-id=\"36012\" class=\"elementor elementor-36012 elementor-24309\" data-elementor-post-type=\"page\">\n\t\t\t\t\t\t<section data-particle_enable=\"false\" data-particle-mobile-disabled=\"false\" data-dce-background-image-url=\"https:\/\/elementor.dubuisson.com\/wp-content\/uploads\/2022\/01\/Header-shop-Dubuisson.png\" class=\"elementor-section elementor-top-section elementor-element elementor-element-49c991b elementor-section-boxed elementor-section-height-default elementor-section-height-default\" data-id=\"49c991b\" data-element_type=\"section\" data-settings=\"{&quot;background_background&quot;:&quot;classic&quot;,&quot;jet_parallax_layout_list&quot;:[]}\">\n\t\t\t\t\t\t<div class=\"elementor-container elementor-column-gap-default\">\n\t\t\t\t\t<div class=\"elementor-column elementor-col-100 elementor-top-column elementor-element elementor-element-9a0c489\" data-id=\"9a0c489\" data-element_type=\"column\">\n\t\t\t<div class=\"elementor-widget-wrap elementor-element-populated\">\n\t\t\t\t\t\t<div class=\"elementor-element elementor-element-2c1b13d e-my-account-tabs-horizontal elementor-widget elementor-widget-woocommerce-my-account\" data-id=\"2c1b13d\" data-element_type=\"widget\" data-widget_type=\"woocommerce-my-account.default\">\n\t\t\t\t<div class=\"elementor-widget-container\">\n\t\t\t<div class=\"e-my-account-tab e-my-account-tab__ \">\t\t\t<div class=\"woocommerce\"><div class=\"woocommerce-notices-wrapper\"><\/div>\n\n\t\t<h2>Inloggen<\/h2>\n\n\t\t<form class=\"woocommerce-form woocommerce-form-login login\" method=\"post\">\n\n\t\t\t\n\t\t\t<p class=\"woocommerce-form-row woocommerce-form-row--wide form-row form-row-wide\">\n\t\t\t\t<label for=\"username\">Gebruikersnaam of e-mailadres&nbsp;<span class=\"required\" aria-hidden=\"true\">*<\/span><span class=\"screen-reader-text\">Vereist<\/span><\/label>\n\t\t\t\t<input type=\"text\" class=\"woocommerce-Input woocommerce-Input--text input-text\" name=\"username\" id=\"username\" autocomplete=\"username\" value=\"\" required aria-required=\"true\" \/>\t\t\t<\/p>\n\t\t\t<p class=\"woocommerce-form-row woocommerce-form-row--wide form-row form-row-wide\">\n\t\t\t\t<label for=\"password\">Wachtwoord&nbsp;<span class=\"required\" aria-hidden=\"true\">*<\/span><span class=\"screen-reader-text\">Vereist<\/span><\/label>\n\t\t\t\t<input class=\"woocommerce-Input woocommerce-Input--text input-text\" type=\"password\" name=\"password\" id=\"password\" autocomplete=\"current-password\" required aria-required=\"true\" \/>\n\t\t\t<\/p>\n\n\t\t\t\n\t\t\t<p class=\"form-row\">\n\t\t\t\t<label class=\"woocommerce-form__label woocommerce-form__label-for-checkbox woocommerce-form-login__rememberme\">\n\t\t\t\t\t<input class=\"woocommerce-form__input woocommerce-form__input-checkbox\" name=\"rememberme\" type=\"checkbox\" id=\"rememberme\" value=\"forever\" \/> <span>Onthouden<\/span>\n\t\t\t\t<\/label>\n\t\t\t\t<input type=\"hidden\" id=\"woocommerce-login-nonce\" name=\"woocommerce-login-nonce\" value=\"9352135e51\" \/><input type=\"hidden\" name=\"_wp_http_referer\" value=\"\/nl\/wp-json\/wp\/v2\/pages\/36012\" \/>\t\t\t\t<button type=\"submit\" class=\"woocommerce-button button woocommerce-form-login__submit\" name=\"login\" value=\"Inloggen\">Inloggen<\/button>\n\t\t\t<\/p>\n\t\t\t<p class=\"woocommerce-LostPassword lost_password\">\n\t\t\t\t<a href=\"https:\/\/elementor.dubuisson.com\/nl\/mon-compte\/wp-login-phpactionlostpassword\/\">Wachtwoord vergeten?<\/a>\n\t\t\t<\/p>\n\n\t\t\t\n\t\t<\/form>\n\n\n<\/div>\t\t<\/div>\n\t\t\t\t<\/div>\n\t\t\t\t<\/div>\n\t\t\t\t\t<\/div>\n\t\t<\/div>\n\t\t\t\t\t<\/div>\n\t\t<\/section>\n\t\t\t\t<\/div>\n\t\t","protected":false},"excerpt":{"rendered":"<p>Inloggen Gebruikersnaam of e-mailadres&nbsp;*Vereist Wachtwoord&nbsp;*Vereist Onthouden Inloggen Wachtwoord vergeten? Tableau de bord Commandes T\u00e9l\u00e9chargements Adresses D\u00e9tails du compte D\u00e9connexion Tableau de bord Commandes T\u00e9l\u00e9chargements Adresses D\u00e9tails du compte D\u00e9connexion Tableau de bord Commandes T\u00e9l\u00e9chargements Adresses D\u00e9tails du compte D\u00e9connexion Tableau de bord Commandes T\u00e9l\u00e9chargements Adresses D\u00e9tails du compte D\u00e9connexion Tableau de bord Commandes T\u00e9l\u00e9chargements Adresses [&hellip;]<\/p>\n","protected":false},"author":19,"featured_media":0,"parent":0,"menu_order":0,"comment_status":"closed","ping_status":"closed","template":"","meta":{"_acf_changed":false,"footnotes":""},"class_list":["post-36012","page","type-page","status-publish","hentry"],"acf":[],"yoast_head":"<!-- This site is optimized with the Yoast SEO plugin v23.6 - https:\/\/yoast.com\/wordpress\/plugins\/seo\/ -->\n<title>Mon compte - Dubuisson<\/title>\n<meta name=\"robots\" content=\"noindex, follow, max-snippet:-1, max-image-preview:large, max-video-preview:-1\" \/>\n<meta property=\"og:locale\" content=\"nl_NL\" \/>\n<meta property=\"og:type\" content=\"article\" \/>\n<meta property=\"og:title\" content=\"Mon compte - Dubuisson\" \/>\n<meta property=\"og:description\" content=\"Inloggen Gebruikersnaam of e-mailadres&nbsp;*Vereist Wachtwoord&nbsp;*Vereist Onthouden Inloggen Wachtwoord vergeten? Tableau de bord Commandes T\u00e9l\u00e9chargements Adresses D\u00e9tails du compte D\u00e9connexion Tableau de bord Commandes T\u00e9l\u00e9chargements Adresses D\u00e9tails du compte D\u00e9connexion Tableau de bord Commandes T\u00e9l\u00e9chargements Adresses D\u00e9tails du compte D\u00e9connexion Tableau de bord Commandes T\u00e9l\u00e9chargements Adresses D\u00e9tails du compte D\u00e9connexion Tableau de bord Commandes T\u00e9l\u00e9chargements Adresses [&hellip;]\" \/>\n<meta property=\"og:url\" content=\"https:\/\/elementor.dubuisson.com\/nl\/mon-compte\/\" \/>\n<meta property=\"og:site_name\" content=\"Dubuisson\" \/>\n<meta property=\"article:modified_time\" content=\"2022-11-15T07:49:26+00:00\" \/>\n<meta name=\"twitter:card\" content=\"summary_large_image\" \/>\n<meta name=\"twitter:label1\" content=\"Geschatte leestijd\" \/>\n\t<meta name=\"twitter:data1\" content=\"1 minuut\" \/>\n<script type=\"application\/ld+json\" class=\"yoast-schema-graph\">{\"@context\":\"https:\/\/schema.org\",\"@graph\":[{\"@type\":\"WebPage\",\"@id\":\"https:\/\/elementor.dubuisson.com\/nl\/mon-compte\/\",\"url\":\"https:\/\/elementor.dubuisson.com\/nl\/mon-compte\/\",\"name\":\"Mon compte - Dubuisson\",\"isPartOf\":{\"@id\":\"https:\/\/elementor.dubuisson.com\/#website\"},\"datePublished\":\"2022-04-21T15:00:55+00:00\",\"dateModified\":\"2022-11-15T07:49:26+00:00\",\"breadcrumb\":{\"@id\":\"https:\/\/elementor.dubuisson.com\/nl\/mon-compte\/#breadcrumb\"},\"inLanguage\":\"nl-NL\",\"potentialAction\":[{\"@type\":\"ReadAction\",\"target\":[\"https:\/\/elementor.dubuisson.com\/nl\/mon-compte\/\"]}]},{\"@type\":\"BreadcrumbList\",\"@id\":\"https:\/\/elementor.dubuisson.com\/nl\/mon-compte\/#breadcrumb\",\"itemListElement\":[{\"@type\":\"ListItem\",\"position\":1,\"name\":\"Accueil\",\"item\":\"https:\/\/elementor.dubuisson.com\/nl\/accueil\/\"},{\"@type\":\"ListItem\",\"position\":2,\"name\":\"Mon compte\"}]},{\"@type\":\"WebSite\",\"@id\":\"https:\/\/elementor.dubuisson.com\/#website\",\"url\":\"https:\/\/elementor.dubuisson.com\/\",\"name\":\"Dubuisson\",\"description\":\"Une des plus anciennes et authentiques brasseries de Belgique\",\"publisher\":{\"@id\":\"https:\/\/elementor.dubuisson.com\/#organization\"},\"potentialAction\":[{\"@type\":\"SearchAction\",\"target\":{\"@type\":\"EntryPoint\",\"urlTemplate\":\"https:\/\/elementor.dubuisson.com\/?s={search_term_string}\"},\"query-input\":{\"@type\":\"PropertyValueSpecification\",\"valueRequired\":true,\"valueName\":\"search_term_string\"}}],\"inLanguage\":\"nl-NL\"},{\"@type\":\"Organization\",\"@id\":\"https:\/\/elementor.dubuisson.com\/#organization\",\"name\":\"Dubuisson\",\"url\":\"https:\/\/elementor.dubuisson.com\/\",\"logo\":{\"@type\":\"ImageObject\",\"inLanguage\":\"nl-NL\",\"@id\":\"https:\/\/elementor.dubuisson.com\/#\/schema\/logo\/image\/\",\"url\":\"https:\/\/elementor.dubuisson.com\/wp-content\/uploads\/2022\/03\/Logo-Dubuisson.svg\",\"contentUrl\":\"https:\/\/elementor.dubuisson.com\/wp-content\/uploads\/2022\/03\/Logo-Dubuisson.svg\",\"width\":146,\"height\":101,\"caption\":\"Dubuisson\"},\"image\":{\"@id\":\"https:\/\/elementor.dubuisson.com\/#\/schema\/logo\/image\/\"},\"sameAs\":[\"https:\/\/www.youtube.com\/channel\/UCS25K-MOakQA3nVglJzLYGA\"]}]}<\/script>\n<!-- \/ Yoast SEO plugin. -->","yoast_head_json":{"title":"Mon compte - Dubuisson","robots":{"index":"noindex","follow":"follow","max-snippet":"max-snippet:-1","max-image-preview":"max-image-preview:large","max-video-preview":"max-video-preview:-1"},"og_locale":"nl_NL","og_type":"article","og_title":"Mon compte - Dubuisson","og_description":"Inloggen Gebruikersnaam of e-mailadres&nbsp;*Vereist Wachtwoord&nbsp;*Vereist Onthouden Inloggen Wachtwoord vergeten? Tableau de bord Commandes T\u00e9l\u00e9chargements Adresses D\u00e9tails du compte D\u00e9connexion Tableau de bord Commandes T\u00e9l\u00e9chargements Adresses D\u00e9tails du compte D\u00e9connexion Tableau de bord Commandes T\u00e9l\u00e9chargements Adresses D\u00e9tails du compte D\u00e9connexion Tableau de bord Commandes T\u00e9l\u00e9chargements Adresses D\u00e9tails du compte D\u00e9connexion Tableau de bord Commandes T\u00e9l\u00e9chargements Adresses [&hellip;]","og_url":"https:\/\/elementor.dubuisson.com\/nl\/mon-compte\/","og_site_name":"Dubuisson","article_modified_time":"2022-11-15T07:49:26+00:00","twitter_card":"summary_large_image","twitter_misc":{"Geschatte leestijd":"1 minuut"},"schema":{"@context":"https:\/\/schema.org","@graph":[{"@type":"WebPage","@id":"https:\/\/elementor.dubuisson.com\/nl\/mon-compte\/","url":"https:\/\/elementor.dubuisson.com\/nl\/mon-compte\/","name":"Mon compte - Dubuisson","isPartOf":{"@id":"https:\/\/elementor.dubuisson.com\/#website"},"datePublished":"2022-04-21T15:00:55+00:00","dateModified":"2022-11-15T07:49:26+00:00","breadcrumb":{"@id":"https:\/\/elementor.dubuisson.com\/nl\/mon-compte\/#breadcrumb"},"inLanguage":"nl-NL","potentialAction":[{"@type":"ReadAction","target":["https:\/\/elementor.dubuisson.com\/nl\/mon-compte\/"]}]},{"@type":"BreadcrumbList","@id":"https:\/\/elementor.dubuisson.com\/nl\/mon-compte\/#breadcrumb","itemListElement":[{"@type":"ListItem","position":1,"name":"Accueil","item":"https:\/\/elementor.dubuisson.com\/nl\/accueil\/"},{"@type":"ListItem","position":2,"name":"Mon compte"}]},{"@type":"WebSite","@id":"https:\/\/elementor.dubuisson.com\/#website","url":"https:\/\/elementor.dubuisson.com\/","name":"Dubuisson","description":"Une des plus anciennes et authentiques brasseries de Belgique","publisher":{"@id":"https:\/\/elementor.dubuisson.com\/#organization"},"potentialAction":[{"@type":"SearchAction","target":{"@type":"EntryPoint","urlTemplate":"https:\/\/elementor.dubuisson.com\/?s={search_term_string}"},"query-input":{"@type":"PropertyValueSpecification","valueRequired":true,"valueName":"search_term_string"}}],"inLanguage":"nl-NL"},{"@type":"Organization","@id":"https:\/\/elementor.dubuisson.com\/#organization","name":"Dubuisson","url":"https:\/\/elementor.dubuisson.com\/","logo":{"@type":"ImageObject","inLanguage":"nl-NL","@id":"https:\/\/elementor.dubuisson.com\/#\/schema\/logo\/image\/","url":"https:\/\/elementor.dubuisson.com\/wp-content\/uploads\/2022\/03\/Logo-Dubuisson.svg","contentUrl":"https:\/\/elementor.dubuisson.com\/wp-content\/uploads\/2022\/03\/Logo-Dubuisson.svg","width":146,"height":101,"caption":"Dubuisson"},"image":{"@id":"https:\/\/elementor.dubuisson.com\/#\/schema\/logo\/image\/"},"sameAs":["https:\/\/www.youtube.com\/channel\/UCS25K-MOakQA3nVglJzLYGA"]}]}},"_links":{"self":[{"href":"https:\/\/elementor.dubuisson.com\/nl\/wp-json\/wp\/v2\/pages\/36012"}],"collection":[{"href":"https:\/\/elementor.dubuisson.com\/nl\/wp-json\/wp\/v2\/pages"}],"about":[{"href":"https:\/\/elementor.dubuisson.com\/nl\/wp-json\/wp\/v2\/types\/page"}],"author":[{"embeddable":true,"href":"https:\/\/elementor.dubuisson.com\/nl\/wp-json\/wp\/v2\/users\/19"}],"replies":[{"embeddable":true,"href":"https:\/\/elementor.dubuisson.com\/nl\/wp-json\/wp\/v2\/comments?post=36012"}],"version-history":[{"count":5,"href":"https:\/\/elementor.dubuisson.com\/nl\/wp-json\/wp\/v2\/pages\/36012\/revisions"}],"predecessor-version":[{"id":36127,"href":"https:\/\/elementor.dubuisson.com\/nl\/wp-json\/wp\/v2\/pages\/36012\/revisions\/36127"}],"wp:attachment":[{"href":"https:\/\/elementor.dubuisson.com\/nl\/wp-json\/wp\/v2\/media?parent=36012"}],"curies":[{"name":"wp","href":"https:\/\/api.w.org\/{rel}","templated":true}]}}