{"id":36814,"date":"2019-06-04T09:38:36","date_gmt":"2019-06-04T07:38:36","guid":{"rendered":"https:\/\/elementor.dubuisson.com\/zone-telechargement-coffrets-cadeau\/"},"modified":"2022-11-16T09:51:00","modified_gmt":"2022-11-16T08:51:00","slug":"download-gebied-cadeaudozen","status":"publish","type":"page","link":"https:\/\/elementor.dubuisson.com\/nl\/download-gebied-cadeaudozen\/","title":{"rendered":"Download gebied &#8211; Cadeaudozen"},"content":{"rendered":"\t\t<div data-elementor-type=\"wp-page\" data-elementor-id=\"36814\" class=\"elementor elementor-36814 elementor-18073\" data-elementor-post-type=\"page\">\n\t\t\t\t\t\t<section data-particle_enable=\"false\" data-particle-mobile-disabled=\"false\" data-dce-background-image-url=\"https:\/\/elementor.dubuisson.com\/wp-content\/uploads\/2019\/06\/Dubuisson-Gamme.jpg\" class=\"elementor-section elementor-top-section elementor-element elementor-element-cee6c3a elementor-section-full_width elementor-section-height-min-height elementor-section-height-default elementor-section-items-middle\" data-id=\"cee6c3a\" data-element_type=\"section\" data-settings=\"{&quot;background_background&quot;:&quot;classic&quot;,&quot;jet_parallax_layout_list&quot;:[]}\">\n\t\t\t\t\t\t<div class=\"elementor-container elementor-column-gap-no\">\n\t\t\t\t\t<div class=\"elementor-column elementor-col-100 elementor-top-column elementor-element elementor-element-3fd6c6e\" data-id=\"3fd6c6e\" data-element_type=\"column\">\n\t\t\t<div class=\"elementor-widget-wrap elementor-element-populated\">\n\t\t\t\t\t\t\t<\/div>\n\t\t<\/div>\n\t\t\t\t\t<\/div>\n\t\t<\/section>\n\t\t\t\t<section data-particle_enable=\"false\" data-particle-mobile-disabled=\"false\" class=\"elementor-section elementor-top-section elementor-element elementor-element-4b30412 elementor-section-full_width elementor-section-content-bottom elementor-section-height-default elementor-section-height-default\" data-id=\"4b30412\" data-element_type=\"section\" data-settings=\"{&quot;jet_parallax_layout_list&quot;:[]}\">\n\t\t\t\t\t\t<div class=\"elementor-container elementor-column-gap-default\">\n\t\t\t\t\t<div class=\"elementor-column elementor-col-33 elementor-top-column elementor-element elementor-element-f8f3386\" data-id=\"f8f3386\" data-element_type=\"column\">\n\t\t\t<div class=\"elementor-widget-wrap elementor-element-populated\">\n\t\t\t\t\t\t<div class=\"elementor-element elementor-element-50ad76e dce_masking-none elementor-widget elementor-widget-image\" data-id=\"50ad76e\" data-element_type=\"widget\" data-widget_type=\"image.default\">\n\t\t\t\t<div class=\"elementor-widget-container\">\n\t\t\t\t\t\t\t\t\t\t\t\t\t<img fetchpriority=\"high\" decoding=\"async\" width=\"350\" height=\"494\" src=\"https:\/\/elementor.dubuisson.com\/wp-content\/uploads\/2019\/07\/DUB_CoffretCuveedesTrolls-1.png\" class=\"attachment-full size-full wp-image-17400\" alt=\"\" srcset=\"https:\/\/elementor.dubuisson.com\/wp-content\/uploads\/2019\/07\/DUB_CoffretCuveedesTrolls-1.png 350w, https:\/\/elementor.dubuisson.com\/wp-content\/uploads\/2019\/07\/DUB_CoffretCuveedesTrolls-1-213x300.png 213w, https:\/\/elementor.dubuisson.com\/wp-content\/uploads\/2019\/07\/DUB_CoffretCuveedesTrolls-1-283x400.png 283w\" sizes=\"(max-width: 350px) 100vw, 350px\" \/>\t\t\t\t\t\t\t\t\t\t\t\t\t<\/div>\n\t\t\t\t<\/div>\n\t\t\t\t<div class=\"elementor-element elementor-element-9c39c4d elementor-widget elementor-widget-heading\" data-id=\"9c39c4d\" data-element_type=\"widget\" data-widget_type=\"heading.default\">\n\t\t\t\t<div class=\"elementor-widget-container\">\n\t\t\t<h2 class=\"elementor-heading-title elementor-size-default\">CADEAUDOZEN CUV\u00c9E DES TROLLS<\/h2>\t\t<\/div>\n\t\t\t\t<\/div>\n\t\t\t\t<div data-dce-background-color=\"#FFFFFF00\" class=\"elementor-element elementor-element-d73c064 elementor-align-center elementor-widget elementor-widget-button\" data-id=\"d73c064\" data-element_type=\"widget\" data-widget_type=\"button.default\">\n\t\t\t\t<div class=\"elementor-widget-container\">\n\t\t\t\t\t<div class=\"elementor-button-wrapper\">\n\t\t\t<a class=\"elementor-button elementor-button-link elementor-size-md\" href=\"\/uploads\/2019\/07\/DUB_CoffretCuveedesTrolls-1.png\">\n\t\t\t\t\t\t<span class=\"elementor-button-content-wrapper\">\n\t\t\t\t\t\t\t\t\t<span class=\"elementor-button-text\">Downloaden<\/span>\n\t\t\t\t\t<\/span>\n\t\t\t\t\t<\/a>\n\t\t<\/div>\n\t\t\t\t<\/div>\n\t\t\t\t<\/div>\n\t\t\t\t\t<\/div>\n\t\t<\/div>\n\t\t\t\t<div class=\"elementor-column elementor-col-33 elementor-top-column elementor-element elementor-element-4d5f47c\" data-id=\"4d5f47c\" data-element_type=\"column\">\n\t\t\t<div class=\"elementor-widget-wrap elementor-element-populated\">\n\t\t\t\t\t\t<div class=\"elementor-element elementor-element-566b6c7 dce_masking-none elementor-widget elementor-widget-image\" data-id=\"566b6c7\" data-element_type=\"widget\" data-widget_type=\"image.default\">\n\t\t\t\t<div class=\"elementor-widget-container\">\n\t\t\t\t\t\t\t\t\t\t\t\t\t<img decoding=\"async\" width=\"350\" height=\"597\" src=\"https:\/\/elementor.dubuisson.com\/wp-content\/uploads\/2019\/07\/DUB_CoffretSurfine-1.png\" class=\"attachment-full size-full wp-image-17316\" alt=\"\" srcset=\"https:\/\/elementor.dubuisson.com\/wp-content\/uploads\/2019\/07\/DUB_CoffretSurfine-1.png 350w, https:\/\/elementor.dubuisson.com\/wp-content\/uploads\/2019\/07\/DUB_CoffretSurfine-1-176x300.png 176w, https:\/\/elementor.dubuisson.com\/wp-content\/uploads\/2019\/07\/DUB_CoffretSurfine-1-334x570.png 334w, https:\/\/elementor.dubuisson.com\/wp-content\/uploads\/2019\/07\/DUB_CoffretSurfine-1-293x500.png 293w, https:\/\/elementor.dubuisson.com\/wp-content\/uploads\/2019\/07\/DUB_CoffretSurfine-1-235x400.png 235w\" sizes=\"(max-width: 350px) 100vw, 350px\" \/>\t\t\t\t\t\t\t\t\t\t\t\t\t<\/div>\n\t\t\t\t<\/div>\n\t\t\t\t<div class=\"elementor-element elementor-element-a92d9ce elementor-widget elementor-widget-heading\" data-id=\"a92d9ce\" data-element_type=\"widget\" data-widget_type=\"heading.default\">\n\t\t\t\t<div class=\"elementor-widget-container\">\n\t\t\t<h2 class=\"elementor-heading-title elementor-size-default\">CADEAUDOZEN SURFINE<\/h2>\t\t<\/div>\n\t\t\t\t<\/div>\n\t\t\t\t<div data-dce-background-color=\"#FFFFFF00\" class=\"elementor-element elementor-element-094d98b elementor-align-center elementor-widget elementor-widget-button\" data-id=\"094d98b\" data-element_type=\"widget\" data-widget_type=\"button.default\">\n\t\t\t\t<div class=\"elementor-widget-container\">\n\t\t\t\t\t<div class=\"elementor-button-wrapper\">\n\t\t\t<a class=\"elementor-button elementor-button-link elementor-size-md\" href=\"\/wp-content\/uploads\/2019\/07\/DUB_CoffretSurfine-1.png\">\n\t\t\t\t\t\t<span class=\"elementor-button-content-wrapper\">\n\t\t\t\t\t\t\t\t\t<span class=\"elementor-button-text\">Downloaden<\/span>\n\t\t\t\t\t<\/span>\n\t\t\t\t\t<\/a>\n\t\t<\/div>\n\t\t\t\t<\/div>\n\t\t\t\t<\/div>\n\t\t\t\t\t<\/div>\n\t\t<\/div>\n\t\t\t\t<div class=\"elementor-column elementor-col-33 elementor-top-column elementor-element elementor-element-741deb2\" data-id=\"741deb2\" data-element_type=\"column\">\n\t\t\t<div class=\"elementor-widget-wrap elementor-element-populated\">\n\t\t\t\t\t\t<div class=\"elementor-element elementor-element-64c2f6a dce_masking-none elementor-widget elementor-widget-image\" data-id=\"64c2f6a\" data-element_type=\"widget\" data-widget_type=\"image.default\">\n\t\t\t\t<div class=\"elementor-widget-container\">\n\t\t\t\t\t\t\t\t\t\t\t\t\t<img decoding=\"async\" width=\"350\" height=\"443\" src=\"https:\/\/elementor.dubuisson.com\/wp-content\/uploads\/2019\/07\/DUB_CoffretBushdeNoel-1.png\" class=\"attachment-full size-full wp-image-17218\" alt=\"\" srcset=\"https:\/\/elementor.dubuisson.com\/wp-content\/uploads\/2019\/07\/DUB_CoffretBushdeNoel-1.png 350w, https:\/\/elementor.dubuisson.com\/wp-content\/uploads\/2019\/07\/DUB_CoffretBushdeNoel-1-237x300.png 237w, https:\/\/elementor.dubuisson.com\/wp-content\/uploads\/2019\/07\/DUB_CoffretBushdeNoel-1-316x400.png 316w\" sizes=\"(max-width: 350px) 100vw, 350px\" \/>\t\t\t\t\t\t\t\t\t\t\t\t\t<\/div>\n\t\t\t\t<\/div>\n\t\t\t\t<div class=\"elementor-element elementor-element-a7f03b3 elementor-widget elementor-widget-heading\" data-id=\"a7f03b3\" data-element_type=\"widget\" data-widget_type=\"heading.default\">\n\t\t\t\t<div class=\"elementor-widget-container\">\n\t\t\t<h2 class=\"elementor-heading-title elementor-size-default\">CADEAUDOZEN BUSH DE NO\u00cbL<\/h2>\t\t<\/div>\n\t\t\t\t<\/div>\n\t\t\t\t<div data-dce-background-color=\"#FFFFFF00\" class=\"elementor-element elementor-element-5e73a0f elementor-align-center elementor-widget elementor-widget-button\" data-id=\"5e73a0f\" data-element_type=\"widget\" data-widget_type=\"button.default\">\n\t\t\t\t<div class=\"elementor-widget-container\">\n\t\t\t\t\t<div class=\"elementor-button-wrapper\">\n\t\t\t<a class=\"elementor-button elementor-button-link elementor-size-md\" href=\"\/wp-content\/uploads\/2019\/07\/DUB_CoffretBushdeNoel-1.png\">\n\t\t\t\t\t\t<span class=\"elementor-button-content-wrapper\">\n\t\t\t\t\t\t\t\t\t<span class=\"elementor-button-text\">Downloaden<\/span>\n\t\t\t\t\t<\/span>\n\t\t\t\t\t<\/a>\n\t\t<\/div>\n\t\t\t\t<\/div>\n\t\t\t\t<\/div>\n\t\t\t\t\t<\/div>\n\t\t<\/div>\n\t\t\t\t\t<\/div>\n\t\t<\/section>\n\t\t\t\t<section data-particle_enable=\"false\" data-particle-mobile-disabled=\"false\" class=\"elementor-section elementor-top-section elementor-element elementor-element-a7c6be8 elementor-section-full_width elementor-section-content-bottom elementor-section-height-default elementor-section-height-default\" data-id=\"a7c6be8\" data-element_type=\"section\" data-settings=\"{&quot;jet_parallax_layout_list&quot;:[]}\">\n\t\t\t\t\t\t<div class=\"elementor-container elementor-column-gap-default\">\n\t\t\t\t\t<div class=\"elementor-column elementor-col-33 elementor-top-column elementor-element elementor-element-1ea97b4\" data-id=\"1ea97b4\" data-element_type=\"column\">\n\t\t\t<div class=\"elementor-widget-wrap elementor-element-populated\">\n\t\t\t\t\t\t<div class=\"elementor-element elementor-element-b5b6b04 dce_masking-none elementor-widget elementor-widget-image\" data-id=\"b5b6b04\" data-element_type=\"widget\" data-widget_type=\"image.default\">\n\t\t\t\t<div class=\"elementor-widget-container\">\n\t\t\t\t\t\t\t\t\t\t\t\t\t<img loading=\"lazy\" decoding=\"async\" width=\"350\" height=\"464\" src=\"https:\/\/elementor.dubuisson.com\/wp-content\/uploads\/2019\/07\/DUB_CoffretBushCaractere-Triple-1.png\" class=\"attachment-full size-full wp-image-17358\" alt=\"\" srcset=\"https:\/\/elementor.dubuisson.com\/wp-content\/uploads\/2019\/07\/DUB_CoffretBushCaractere-Triple-1.png 350w, https:\/\/elementor.dubuisson.com\/wp-content\/uploads\/2019\/07\/DUB_CoffretBushCaractere-Triple-1-226x300.png 226w, https:\/\/elementor.dubuisson.com\/wp-content\/uploads\/2019\/07\/DUB_CoffretBushCaractere-Triple-1-302x400.png 302w\" sizes=\"(max-width: 350px) 100vw, 350px\" \/>\t\t\t\t\t\t\t\t\t\t\t\t\t<\/div>\n\t\t\t\t<\/div>\n\t\t\t\t<div class=\"elementor-element elementor-element-ff23358 elementor-widget elementor-widget-heading\" data-id=\"ff23358\" data-element_type=\"widget\" data-widget_type=\"heading.default\">\n\t\t\t\t<div class=\"elementor-widget-container\">\n\t\t\t<h2 class=\"elementor-heading-title elementor-size-default\">CADEAUDOZEN BUSH TRIPLE &amp; CARACT\u00c8RE<\/h2>\t\t<\/div>\n\t\t\t\t<\/div>\n\t\t\t\t<div data-dce-background-color=\"#FFFFFF00\" class=\"elementor-element elementor-element-1fe5f3f elementor-align-center elementor-widget elementor-widget-button\" data-id=\"1fe5f3f\" data-element_type=\"widget\" data-widget_type=\"button.default\">\n\t\t\t\t<div class=\"elementor-widget-container\">\n\t\t\t\t\t<div class=\"elementor-button-wrapper\">\n\t\t\t<a class=\"elementor-button elementor-button-link elementor-size-md\" href=\"\/wp-content\/uploads\/2019\/07\/DUB_CoffretBushCaractere-Triple-1.png\">\n\t\t\t\t\t\t<span class=\"elementor-button-content-wrapper\">\n\t\t\t\t\t\t\t\t\t<span class=\"elementor-button-text\">Downloaden<\/span>\n\t\t\t\t\t<\/span>\n\t\t\t\t\t<\/a>\n\t\t<\/div>\n\t\t\t\t<\/div>\n\t\t\t\t<\/div>\n\t\t\t\t\t<\/div>\n\t\t<\/div>\n\t\t\t\t<div class=\"elementor-column elementor-col-33 elementor-top-column elementor-element elementor-element-d1d2f4e\" data-id=\"d1d2f4e\" data-element_type=\"column\">\n\t\t\t<div class=\"elementor-widget-wrap elementor-element-populated\">\n\t\t\t\t\t\t<div class=\"elementor-element elementor-element-aca69d3 dce_masking-none elementor-widget elementor-widget-image\" data-id=\"aca69d3\" data-element_type=\"widget\" data-widget_type=\"image.default\">\n\t\t\t\t<div class=\"elementor-widget-container\">\n\t\t\t\t\t\t\t\t\t\t\t\t\t<img loading=\"lazy\" decoding=\"async\" width=\"800\" height=\"800\" src=\"https:\/\/elementor.dubuisson.com\/wp-content\/uploads\/2019\/06\/Alliance.png\" class=\"attachment-full size-full wp-image-14374\" alt=\"\" srcset=\"https:\/\/elementor.dubuisson.com\/wp-content\/uploads\/2019\/06\/Alliance.png 800w, https:\/\/elementor.dubuisson.com\/wp-content\/uploads\/2019\/06\/Alliance-150x150.png 150w, https:\/\/elementor.dubuisson.com\/wp-content\/uploads\/2019\/06\/Alliance-300x300.png 300w, https:\/\/elementor.dubuisson.com\/wp-content\/uploads\/2019\/06\/Alliance-768x768.png 768w, https:\/\/elementor.dubuisson.com\/wp-content\/uploads\/2019\/06\/Alliance-570x570.png 570w, https:\/\/elementor.dubuisson.com\/wp-content\/uploads\/2019\/06\/Alliance-500x500.png 500w, https:\/\/elementor.dubuisson.com\/wp-content\/uploads\/2019\/06\/Alliance-400x400.png 400w, https:\/\/elementor.dubuisson.com\/wp-content\/uploads\/2019\/06\/Alliance-600x600.png 600w, https:\/\/elementor.dubuisson.com\/wp-content\/uploads\/2019\/06\/Alliance-100x100.png 100w\" sizes=\"(max-width: 800px) 100vw, 800px\" \/>\t\t\t\t\t\t\t\t\t\t\t\t\t<\/div>\n\t\t\t\t<\/div>\n\t\t\t\t<div class=\"elementor-element elementor-element-59f9b42 elementor-widget elementor-widget-heading\" data-id=\"59f9b42\" data-element_type=\"widget\" data-widget_type=\"heading.default\">\n\t\t\t\t<div class=\"elementor-widget-container\">\n\t\t\t<h2 class=\"elementor-heading-title elementor-size-default\">CADEAUDOZEN ALLIANCE<\/h2>\t\t<\/div>\n\t\t\t\t<\/div>\n\t\t\t\t<div data-dce-background-color=\"#FFFFFF00\" class=\"elementor-element elementor-element-0ebf8b3 elementor-align-center elementor-widget elementor-widget-button\" data-id=\"0ebf8b3\" data-element_type=\"widget\" data-widget_type=\"button.default\">\n\t\t\t\t<div class=\"elementor-widget-container\">\n\t\t\t\t\t<div class=\"elementor-button-wrapper\">\n\t\t\t<a class=\"elementor-button elementor-button-link elementor-size-md\" href=\"\/wp-content\/uploads\/2019\/06\/Alliance.png\">\n\t\t\t\t\t\t<span class=\"elementor-button-content-wrapper\">\n\t\t\t\t\t\t\t\t\t<span class=\"elementor-button-text\">Downloaden<\/span>\n\t\t\t\t\t<\/span>\n\t\t\t\t\t<\/a>\n\t\t<\/div>\n\t\t\t\t<\/div>\n\t\t\t\t<\/div>\n\t\t\t\t\t<\/div>\n\t\t<\/div>\n\t\t\t\t<div class=\"elementor-column elementor-col-33 elementor-top-column elementor-element elementor-element-1e3fdd8\" data-id=\"1e3fdd8\" data-element_type=\"column\">\n\t\t\t<div class=\"elementor-widget-wrap\">\n\t\t\t\t\t\t\t<\/div>\n\t\t<\/div>\n\t\t\t\t\t<\/div>\n\t\t<\/section>\n\t\t\t\t<\/div>\n\t\t","protected":false},"excerpt":{"rendered":"<p>CADEAUDOZEN CUV\u00c9E DES TROLLS Downloaden CADEAUDOZEN SURFINE Downloaden CADEAUDOZEN BUSH DE NO\u00cbL Downloaden CADEAUDOZEN BUSH TRIPLE &#038; CARACT\u00c8RE Downloaden CADEAUDOZEN ALLIANCE Downloaden<\/p>\n","protected":false},"author":22,"featured_media":0,"parent":0,"menu_order":0,"comment_status":"closed","ping_status":"closed","template":"","meta":{"_acf_changed":false,"footnotes":""},"class_list":["post-36814","page","type-page","status-publish","hentry"],"acf":[],"yoast_head":"<!-- This site is optimized with the Yoast SEO plugin v23.6 - https:\/\/yoast.com\/wordpress\/plugins\/seo\/ -->\n<title>Download gebied - Cadeaudozen - Dubuisson<\/title>\n<meta name=\"robots\" content=\"noindex, follow, max-snippet:-1, max-image-preview:large, max-video-preview:-1\" \/>\n<meta property=\"og:locale\" content=\"nl_NL\" \/>\n<meta property=\"og:type\" content=\"article\" \/>\n<meta property=\"og:title\" content=\"Download gebied - Cadeaudozen - Dubuisson\" \/>\n<meta property=\"og:description\" content=\"CADEAUDOZEN CUV\u00c9E DES TROLLS Downloaden CADEAUDOZEN SURFINE Downloaden CADEAUDOZEN BUSH DE NO\u00cbL Downloaden CADEAUDOZEN BUSH TRIPLE &#038; CARACT\u00c8RE Downloaden CADEAUDOZEN ALLIANCE Downloaden\" \/>\n<meta property=\"og:url\" content=\"https:\/\/elementor.dubuisson.com\/nl\/download-gebied-cadeaudozen\/\" \/>\n<meta property=\"og:site_name\" content=\"Dubuisson\" \/>\n<meta property=\"article:modified_time\" content=\"2022-11-16T08:51:00+00:00\" \/>\n<meta property=\"og:image\" content=\"https:\/\/elementor.dubuisson.com\/wp-content\/uploads\/2019\/07\/DUB_CoffretCuveedesTrolls-1.png\" \/>\n<meta name=\"twitter:card\" content=\"summary_large_image\" \/>\n<meta name=\"twitter:label1\" content=\"Geschatte leestijd\" \/>\n\t<meta name=\"twitter:data1\" content=\"2 minuten\" \/>\n<script type=\"application\/ld+json\" class=\"yoast-schema-graph\">{\"@context\":\"https:\/\/schema.org\",\"@graph\":[{\"@type\":\"WebPage\",\"@id\":\"https:\/\/elementor.dubuisson.com\/nl\/download-gebied-cadeaudozen\/\",\"url\":\"https:\/\/elementor.dubuisson.com\/nl\/download-gebied-cadeaudozen\/\",\"name\":\"Download gebied - Cadeaudozen - Dubuisson\",\"isPartOf\":{\"@id\":\"https:\/\/elementor.dubuisson.com\/#website\"},\"primaryImageOfPage\":{\"@id\":\"https:\/\/elementor.dubuisson.com\/nl\/download-gebied-cadeaudozen\/#primaryimage\"},\"image\":{\"@id\":\"https:\/\/elementor.dubuisson.com\/nl\/download-gebied-cadeaudozen\/#primaryimage\"},\"thumbnailUrl\":\"https:\/\/elementor.dubuisson.com\/wp-content\/uploads\/2019\/07\/DUB_CoffretCuveedesTrolls-1.png\",\"datePublished\":\"2019-06-04T07:38:36+00:00\",\"dateModified\":\"2022-11-16T08:51:00+00:00\",\"breadcrumb\":{\"@id\":\"https:\/\/elementor.dubuisson.com\/nl\/download-gebied-cadeaudozen\/#breadcrumb\"},\"inLanguage\":\"nl-NL\",\"potentialAction\":[{\"@type\":\"ReadAction\",\"target\":[\"https:\/\/elementor.dubuisson.com\/nl\/download-gebied-cadeaudozen\/\"]}]},{\"@type\":\"ImageObject\",\"inLanguage\":\"nl-NL\",\"@id\":\"https:\/\/elementor.dubuisson.com\/nl\/download-gebied-cadeaudozen\/#primaryimage\",\"url\":\"https:\/\/elementor.dubuisson.com\/wp-content\/uploads\/2019\/07\/DUB_CoffretCuveedesTrolls-1.png\",\"contentUrl\":\"https:\/\/elementor.dubuisson.com\/wp-content\/uploads\/2019\/07\/DUB_CoffretCuveedesTrolls-1.png\"},{\"@type\":\"BreadcrumbList\",\"@id\":\"https:\/\/elementor.dubuisson.com\/nl\/download-gebied-cadeaudozen\/#breadcrumb\",\"itemListElement\":[{\"@type\":\"ListItem\",\"position\":1,\"name\":\"Accueil\",\"item\":\"https:\/\/elementor.dubuisson.com\/nl\/accueil\/\"},{\"@type\":\"ListItem\",\"position\":2,\"name\":\"Download gebied &#8211; Cadeaudozen\"}]},{\"@type\":\"WebSite\",\"@id\":\"https:\/\/elementor.dubuisson.com\/#website\",\"url\":\"https:\/\/elementor.dubuisson.com\/\",\"name\":\"Dubuisson\",\"description\":\"Une des plus anciennes et authentiques brasseries de Belgique\",\"publisher\":{\"@id\":\"https:\/\/elementor.dubuisson.com\/#organization\"},\"potentialAction\":[{\"@type\":\"SearchAction\",\"target\":{\"@type\":\"EntryPoint\",\"urlTemplate\":\"https:\/\/elementor.dubuisson.com\/?s={search_term_string}\"},\"query-input\":{\"@type\":\"PropertyValueSpecification\",\"valueRequired\":true,\"valueName\":\"search_term_string\"}}],\"inLanguage\":\"nl-NL\"},{\"@type\":\"Organization\",\"@id\":\"https:\/\/elementor.dubuisson.com\/#organization\",\"name\":\"Dubuisson\",\"url\":\"https:\/\/elementor.dubuisson.com\/\",\"logo\":{\"@type\":\"ImageObject\",\"inLanguage\":\"nl-NL\",\"@id\":\"https:\/\/elementor.dubuisson.com\/#\/schema\/logo\/image\/\",\"url\":\"https:\/\/elementor.dubuisson.com\/wp-content\/uploads\/2022\/03\/Logo-Dubuisson.svg\",\"contentUrl\":\"https:\/\/elementor.dubuisson.com\/wp-content\/uploads\/2022\/03\/Logo-Dubuisson.svg\",\"width\":146,\"height\":101,\"caption\":\"Dubuisson\"},\"image\":{\"@id\":\"https:\/\/elementor.dubuisson.com\/#\/schema\/logo\/image\/\"},\"sameAs\":[\"https:\/\/www.youtube.com\/channel\/UCS25K-MOakQA3nVglJzLYGA\"]}]}<\/script>\n<!-- \/ Yoast SEO plugin. -->","yoast_head_json":{"title":"Download gebied - Cadeaudozen - Dubuisson","robots":{"index":"noindex","follow":"follow","max-snippet":"max-snippet:-1","max-image-preview":"max-image-preview:large","max-video-preview":"max-video-preview:-1"},"og_locale":"nl_NL","og_type":"article","og_title":"Download gebied - Cadeaudozen - Dubuisson","og_description":"CADEAUDOZEN CUV\u00c9E DES TROLLS Downloaden CADEAUDOZEN SURFINE Downloaden CADEAUDOZEN BUSH DE NO\u00cbL Downloaden CADEAUDOZEN BUSH TRIPLE &#038; CARACT\u00c8RE Downloaden CADEAUDOZEN ALLIANCE Downloaden","og_url":"https:\/\/elementor.dubuisson.com\/nl\/download-gebied-cadeaudozen\/","og_site_name":"Dubuisson","article_modified_time":"2022-11-16T08:51:00+00:00","og_image":[{"url":"https:\/\/elementor.dubuisson.com\/wp-content\/uploads\/2019\/07\/DUB_CoffretCuveedesTrolls-1.png"}],"twitter_card":"summary_large_image","twitter_misc":{"Geschatte leestijd":"2 minuten"},"schema":{"@context":"https:\/\/schema.org","@graph":[{"@type":"WebPage","@id":"https:\/\/elementor.dubuisson.com\/nl\/download-gebied-cadeaudozen\/","url":"https:\/\/elementor.dubuisson.com\/nl\/download-gebied-cadeaudozen\/","name":"Download gebied - Cadeaudozen - Dubuisson","isPartOf":{"@id":"https:\/\/elementor.dubuisson.com\/#website"},"primaryImageOfPage":{"@id":"https:\/\/elementor.dubuisson.com\/nl\/download-gebied-cadeaudozen\/#primaryimage"},"image":{"@id":"https:\/\/elementor.dubuisson.com\/nl\/download-gebied-cadeaudozen\/#primaryimage"},"thumbnailUrl":"https:\/\/elementor.dubuisson.com\/wp-content\/uploads\/2019\/07\/DUB_CoffretCuveedesTrolls-1.png","datePublished":"2019-06-04T07:38:36+00:00","dateModified":"2022-11-16T08:51:00+00:00","breadcrumb":{"@id":"https:\/\/elementor.dubuisson.com\/nl\/download-gebied-cadeaudozen\/#breadcrumb"},"inLanguage":"nl-NL","potentialAction":[{"@type":"ReadAction","target":["https:\/\/elementor.dubuisson.com\/nl\/download-gebied-cadeaudozen\/"]}]},{"@type":"ImageObject","inLanguage":"nl-NL","@id":"https:\/\/elementor.dubuisson.com\/nl\/download-gebied-cadeaudozen\/#primaryimage","url":"https:\/\/elementor.dubuisson.com\/wp-content\/uploads\/2019\/07\/DUB_CoffretCuveedesTrolls-1.png","contentUrl":"https:\/\/elementor.dubuisson.com\/wp-content\/uploads\/2019\/07\/DUB_CoffretCuveedesTrolls-1.png"},{"@type":"BreadcrumbList","@id":"https:\/\/elementor.dubuisson.com\/nl\/download-gebied-cadeaudozen\/#breadcrumb","itemListElement":[{"@type":"ListItem","position":1,"name":"Accueil","item":"https:\/\/elementor.dubuisson.com\/nl\/accueil\/"},{"@type":"ListItem","position":2,"name":"Download gebied &#8211; Cadeaudozen"}]},{"@type":"WebSite","@id":"https:\/\/elementor.dubuisson.com\/#website","url":"https:\/\/elementor.dubuisson.com\/","name":"Dubuisson","description":"Une des plus anciennes et authentiques brasseries de Belgique","publisher":{"@id":"https:\/\/elementor.dubuisson.com\/#organization"},"potentialAction":[{"@type":"SearchAction","target":{"@type":"EntryPoint","urlTemplate":"https:\/\/elementor.dubuisson.com\/?s={search_term_string}"},"query-input":{"@type":"PropertyValueSpecification","valueRequired":true,"valueName":"search_term_string"}}],"inLanguage":"nl-NL"},{"@type":"Organization","@id":"https:\/\/elementor.dubuisson.com\/#organization","name":"Dubuisson","url":"https:\/\/elementor.dubuisson.com\/","logo":{"@type":"ImageObject","inLanguage":"nl-NL","@id":"https:\/\/elementor.dubuisson.com\/#\/schema\/logo\/image\/","url":"https:\/\/elementor.dubuisson.com\/wp-content\/uploads\/2022\/03\/Logo-Dubuisson.svg","contentUrl":"https:\/\/elementor.dubuisson.com\/wp-content\/uploads\/2022\/03\/Logo-Dubuisson.svg","width":146,"height":101,"caption":"Dubuisson"},"image":{"@id":"https:\/\/elementor.dubuisson.com\/#\/schema\/logo\/image\/"},"sameAs":["https:\/\/www.youtube.com\/channel\/UCS25K-MOakQA3nVglJzLYGA"]}]}},"_links":{"self":[{"href":"https:\/\/elementor.dubuisson.com\/nl\/wp-json\/wp\/v2\/pages\/36814"}],"collection":[{"href":"https:\/\/elementor.dubuisson.com\/nl\/wp-json\/wp\/v2\/pages"}],"about":[{"href":"https:\/\/elementor.dubuisson.com\/nl\/wp-json\/wp\/v2\/types\/page"}],"author":[{"embeddable":true,"href":"https:\/\/elementor.dubuisson.com\/nl\/wp-json\/wp\/v2\/users\/22"}],"replies":[{"embeddable":true,"href":"https:\/\/elementor.dubuisson.com\/nl\/wp-json\/wp\/v2\/comments?post=36814"}],"version-history":[{"count":5,"href":"https:\/\/elementor.dubuisson.com\/nl\/wp-json\/wp\/v2\/pages\/36814\/revisions"}],"predecessor-version":[{"id":36898,"href":"https:\/\/elementor.dubuisson.com\/nl\/wp-json\/wp\/v2\/pages\/36814\/revisions\/36898"}],"wp:attachment":[{"href":"https:\/\/elementor.dubuisson.com\/nl\/wp-json\/wp\/v2\/media?parent=36814"}],"curies":[{"name":"wp","href":"https:\/\/api.w.org\/{rel}","templated":true}]}}