{"id":21840,"date":"2021-08-31T16:25:41","date_gmt":"2021-08-31T14:25:41","guid":{"rendered":"https:\/\/elementor.dubuisson.com\/product\/glazen-peche-mel-bush\/"},"modified":"2022-02-15T17:50:08","modified_gmt":"2022-02-15T16:50:08","slug":"glazen-peche-mel-bush","status":"publish","type":"product","link":"https:\/\/elementor.dubuisson.com\/nl\/produkt\/glazen-peche-mel-bush\/","title":{"rendered":"Glazen P\u00eache Mel Bush"},"content":{"rendered":"<p>Wist je dat? De P\u00eache Mel Bush was oorspronkelijk een cocktail, die door ons brouwerij gecre\u00eberd werd, bestaande uit twee bieren (een Bush en een P\u00eacheresse) die geserveerd werden in een groot 50 cl cocktail glas. Sindsdien wordt het bier zelf gebrouwen, maar het glas heeft de cocktailvorm behouden!<\/p>\n<p>Dit pakket bevat : 4 x 33cl P\u00eache Mel&#8217;Bush glazen<\/p>\n","protected":false},"excerpt":{"rendered":"<p>Wist je dat? De P\u00eache Mel Bush was oorspronkelijk een cocktail, die door ons brouwerij gecre\u00eberd werd, bestaande uit twee bieren (een Bush en een P\u00eacheresse) die geserveerd werden in een groot 50 cl cocktail glas. Sindsdien wordt het bier zelf gebrouwen, maar het glas heeft de cocktailvorm behouden! Dit pakket bevat : 4 x [&hellip;]<\/p>\n","protected":false},"featured_media":21363,"template":"","meta":{"_acf_changed":false},"product_cat":[520,517,521],"product_tag":[],"class_list":{"0":"post-21840","1":"product","2":"type-product","3":"status-publish","4":"has-post-thumbnail","6":"product_cat-alle-producten","7":"product_cat-cadeau-pakket","8":"product_cat-glazen","9":"product_shipping_class-c1","11":"first","12":"instock","13":"taxable","14":"shipping-taxable","15":"purchasable","16":"product-type-simple"},"acf":[],"yoast_head":"<!-- This site is optimized with the Yoast SEO plugin v23.6 - https:\/\/yoast.com\/wordpress\/plugins\/seo\/ -->\n<title>Glazen P\u00eache Mel Bush - Dubuisson<\/title>\n<meta name=\"robots\" content=\"noindex, follow, max-snippet:-1, max-image-preview:large, max-video-preview:-1\" \/>\n<meta property=\"og:locale\" content=\"nl_NL\" \/>\n<meta property=\"og:type\" content=\"article\" \/>\n<meta property=\"og:title\" content=\"Glazen P\u00eache Mel Bush - Dubuisson\" \/>\n<meta property=\"og:description\" content=\"Wist je dat? De P\u00eache Mel Bush was oorspronkelijk een cocktail, die door ons brouwerij gecre\u00eberd werd, bestaande uit twee bieren (een Bush en een P\u00eacheresse) die geserveerd werden in een groot 50 cl cocktail glas. Sindsdien wordt het bier zelf gebrouwen, maar het glas heeft de cocktailvorm behouden! Dit pakket bevat : 4 x [&hellip;]\" \/>\n<meta property=\"og:url\" content=\"https:\/\/elementor.dubuisson.com\/nl\/produkt\/glazen-peche-mel-bush\/\" \/>\n<meta property=\"og:site_name\" content=\"Dubuisson\" \/>\n<meta property=\"article:modified_time\" content=\"2022-02-15T16:50:08+00:00\" \/>\n<meta property=\"og:image\" content=\"https:\/\/elementor.dubuisson.com\/wp-content\/uploads\/2021\/08\/VERRES_PMB.jpg\" \/>\n\t<meta property=\"og:image:width\" content=\"1476\" \/>\n\t<meta property=\"og:image:height\" content=\"1476\" \/>\n\t<meta property=\"og:image:type\" content=\"image\/jpeg\" \/>\n<meta name=\"twitter:card\" content=\"summary_large_image\" \/>\n<script type=\"application\/ld+json\" class=\"yoast-schema-graph\">{\"@context\":\"https:\/\/schema.org\",\"@graph\":[{\"@type\":\"WebPage\",\"@id\":\"https:\/\/elementor.dubuisson.com\/nl\/produkt\/glazen-peche-mel-bush\/\",\"url\":\"https:\/\/elementor.dubuisson.com\/nl\/produkt\/glazen-peche-mel-bush\/\",\"name\":\"Glazen P\u00eache Mel Bush - Dubuisson\",\"isPartOf\":{\"@id\":\"https:\/\/elementor.dubuisson.com\/#website\"},\"primaryImageOfPage\":{\"@id\":\"https:\/\/elementor.dubuisson.com\/nl\/produkt\/glazen-peche-mel-bush\/#primaryimage\"},\"image\":{\"@id\":\"https:\/\/elementor.dubuisson.com\/nl\/produkt\/glazen-peche-mel-bush\/#primaryimage\"},\"thumbnailUrl\":\"https:\/\/elementor.dubuisson.com\/wp-content\/uploads\/2021\/08\/VERRES_PMB.jpg\",\"datePublished\":\"2021-08-31T14:25:41+00:00\",\"dateModified\":\"2022-02-15T16:50:08+00:00\",\"breadcrumb\":{\"@id\":\"https:\/\/elementor.dubuisson.com\/nl\/produkt\/glazen-peche-mel-bush\/#breadcrumb\"},\"inLanguage\":\"nl-NL\",\"potentialAction\":[{\"@type\":\"ReadAction\",\"target\":[\"https:\/\/elementor.dubuisson.com\/nl\/produkt\/glazen-peche-mel-bush\/\"]}]},{\"@type\":\"ImageObject\",\"inLanguage\":\"nl-NL\",\"@id\":\"https:\/\/elementor.dubuisson.com\/nl\/produkt\/glazen-peche-mel-bush\/#primaryimage\",\"url\":\"https:\/\/elementor.dubuisson.com\/wp-content\/uploads\/2021\/08\/VERRES_PMB.jpg\",\"contentUrl\":\"https:\/\/elementor.dubuisson.com\/wp-content\/uploads\/2021\/08\/VERRES_PMB.jpg\",\"width\":1476,\"height\":1476},{\"@type\":\"BreadcrumbList\",\"@id\":\"https:\/\/elementor.dubuisson.com\/nl\/produkt\/glazen-peche-mel-bush\/#breadcrumb\",\"itemListElement\":[{\"@type\":\"ListItem\",\"position\":1,\"name\":\"Accueil\",\"item\":\"https:\/\/elementor.dubuisson.com\/nl\/accueil\/\"},{\"@type\":\"ListItem\",\"position\":2,\"name\":\"Winkel\",\"item\":\"https:\/\/elementor.dubuisson.com\/nl\/winkel\/\"},{\"@type\":\"ListItem\",\"position\":3,\"name\":\"Glazen P\u00eache Mel Bush\"}]},{\"@type\":\"WebSite\",\"@id\":\"https:\/\/elementor.dubuisson.com\/#website\",\"url\":\"https:\/\/elementor.dubuisson.com\/\",\"name\":\"Dubuisson\",\"description\":\"Une des plus anciennes et authentiques brasseries de Belgique\",\"publisher\":{\"@id\":\"https:\/\/elementor.dubuisson.com\/#organization\"},\"potentialAction\":[{\"@type\":\"SearchAction\",\"target\":{\"@type\":\"EntryPoint\",\"urlTemplate\":\"https:\/\/elementor.dubuisson.com\/?s={search_term_string}\"},\"query-input\":{\"@type\":\"PropertyValueSpecification\",\"valueRequired\":true,\"valueName\":\"search_term_string\"}}],\"inLanguage\":\"nl-NL\"},{\"@type\":\"Organization\",\"@id\":\"https:\/\/elementor.dubuisson.com\/#organization\",\"name\":\"Dubuisson\",\"url\":\"https:\/\/elementor.dubuisson.com\/\",\"logo\":{\"@type\":\"ImageObject\",\"inLanguage\":\"nl-NL\",\"@id\":\"https:\/\/elementor.dubuisson.com\/#\/schema\/logo\/image\/\",\"url\":\"https:\/\/elementor.dubuisson.com\/wp-content\/uploads\/2022\/03\/Logo-Dubuisson.svg\",\"contentUrl\":\"https:\/\/elementor.dubuisson.com\/wp-content\/uploads\/2022\/03\/Logo-Dubuisson.svg\",\"width\":146,\"height\":101,\"caption\":\"Dubuisson\"},\"image\":{\"@id\":\"https:\/\/elementor.dubuisson.com\/#\/schema\/logo\/image\/\"},\"sameAs\":[\"https:\/\/www.youtube.com\/channel\/UCS25K-MOakQA3nVglJzLYGA\"]}]}<\/script>\n<!-- \/ Yoast SEO plugin. -->","yoast_head_json":{"title":"Glazen P\u00eache Mel Bush - Dubuisson","robots":{"index":"noindex","follow":"follow","max-snippet":"max-snippet:-1","max-image-preview":"max-image-preview:large","max-video-preview":"max-video-preview:-1"},"og_locale":"nl_NL","og_type":"article","og_title":"Glazen P\u00eache Mel Bush - Dubuisson","og_description":"Wist je dat? De P\u00eache Mel Bush was oorspronkelijk een cocktail, die door ons brouwerij gecre\u00eberd werd, bestaande uit twee bieren (een Bush en een P\u00eacheresse) die geserveerd werden in een groot 50 cl cocktail glas. Sindsdien wordt het bier zelf gebrouwen, maar het glas heeft de cocktailvorm behouden! Dit pakket bevat : 4 x [&hellip;]","og_url":"https:\/\/elementor.dubuisson.com\/nl\/produkt\/glazen-peche-mel-bush\/","og_site_name":"Dubuisson","article_modified_time":"2022-02-15T16:50:08+00:00","og_image":[{"width":1476,"height":1476,"url":"https:\/\/elementor.dubuisson.com\/wp-content\/uploads\/2021\/08\/VERRES_PMB.jpg","type":"image\/jpeg"}],"twitter_card":"summary_large_image","schema":{"@context":"https:\/\/schema.org","@graph":[{"@type":"WebPage","@id":"https:\/\/elementor.dubuisson.com\/nl\/produkt\/glazen-peche-mel-bush\/","url":"https:\/\/elementor.dubuisson.com\/nl\/produkt\/glazen-peche-mel-bush\/","name":"Glazen P\u00eache Mel Bush - Dubuisson","isPartOf":{"@id":"https:\/\/elementor.dubuisson.com\/#website"},"primaryImageOfPage":{"@id":"https:\/\/elementor.dubuisson.com\/nl\/produkt\/glazen-peche-mel-bush\/#primaryimage"},"image":{"@id":"https:\/\/elementor.dubuisson.com\/nl\/produkt\/glazen-peche-mel-bush\/#primaryimage"},"thumbnailUrl":"https:\/\/elementor.dubuisson.com\/wp-content\/uploads\/2021\/08\/VERRES_PMB.jpg","datePublished":"2021-08-31T14:25:41+00:00","dateModified":"2022-02-15T16:50:08+00:00","breadcrumb":{"@id":"https:\/\/elementor.dubuisson.com\/nl\/produkt\/glazen-peche-mel-bush\/#breadcrumb"},"inLanguage":"nl-NL","potentialAction":[{"@type":"ReadAction","target":["https:\/\/elementor.dubuisson.com\/nl\/produkt\/glazen-peche-mel-bush\/"]}]},{"@type":"ImageObject","inLanguage":"nl-NL","@id":"https:\/\/elementor.dubuisson.com\/nl\/produkt\/glazen-peche-mel-bush\/#primaryimage","url":"https:\/\/elementor.dubuisson.com\/wp-content\/uploads\/2021\/08\/VERRES_PMB.jpg","contentUrl":"https:\/\/elementor.dubuisson.com\/wp-content\/uploads\/2021\/08\/VERRES_PMB.jpg","width":1476,"height":1476},{"@type":"BreadcrumbList","@id":"https:\/\/elementor.dubuisson.com\/nl\/produkt\/glazen-peche-mel-bush\/#breadcrumb","itemListElement":[{"@type":"ListItem","position":1,"name":"Accueil","item":"https:\/\/elementor.dubuisson.com\/nl\/accueil\/"},{"@type":"ListItem","position":2,"name":"Winkel","item":"https:\/\/elementor.dubuisson.com\/nl\/winkel\/"},{"@type":"ListItem","position":3,"name":"Glazen P\u00eache Mel Bush"}]},{"@type":"WebSite","@id":"https:\/\/elementor.dubuisson.com\/#website","url":"https:\/\/elementor.dubuisson.com\/","name":"Dubuisson","description":"Une des plus anciennes et authentiques brasseries de Belgique","publisher":{"@id":"https:\/\/elementor.dubuisson.com\/#organization"},"potentialAction":[{"@type":"SearchAction","target":{"@type":"EntryPoint","urlTemplate":"https:\/\/elementor.dubuisson.com\/?s={search_term_string}"},"query-input":{"@type":"PropertyValueSpecification","valueRequired":true,"valueName":"search_term_string"}}],"inLanguage":"nl-NL"},{"@type":"Organization","@id":"https:\/\/elementor.dubuisson.com\/#organization","name":"Dubuisson","url":"https:\/\/elementor.dubuisson.com\/","logo":{"@type":"ImageObject","inLanguage":"nl-NL","@id":"https:\/\/elementor.dubuisson.com\/#\/schema\/logo\/image\/","url":"https:\/\/elementor.dubuisson.com\/wp-content\/uploads\/2022\/03\/Logo-Dubuisson.svg","contentUrl":"https:\/\/elementor.dubuisson.com\/wp-content\/uploads\/2022\/03\/Logo-Dubuisson.svg","width":146,"height":101,"caption":"Dubuisson"},"image":{"@id":"https:\/\/elementor.dubuisson.com\/#\/schema\/logo\/image\/"},"sameAs":["https:\/\/www.youtube.com\/channel\/UCS25K-MOakQA3nVglJzLYGA"]}]}},"_links":{"self":[{"href":"https:\/\/elementor.dubuisson.com\/nl\/wp-json\/wp\/v2\/product\/21840"}],"collection":[{"href":"https:\/\/elementor.dubuisson.com\/nl\/wp-json\/wp\/v2\/product"}],"about":[{"href":"https:\/\/elementor.dubuisson.com\/nl\/wp-json\/wp\/v2\/types\/product"}],"version-history":[{"count":0,"href":"https:\/\/elementor.dubuisson.com\/nl\/wp-json\/wp\/v2\/product\/21840\/revisions"}],"wp:featuredmedia":[{"embeddable":true,"href":"https:\/\/elementor.dubuisson.com\/nl\/wp-json\/wp\/v2\/media\/21363"}],"wp:attachment":[{"href":"https:\/\/elementor.dubuisson.com\/nl\/wp-json\/wp\/v2\/media?parent=21840"}],"wp:term":[{"taxonomy":"product_cat","embeddable":true,"href":"https:\/\/elementor.dubuisson.com\/nl\/wp-json\/wp\/v2\/product_cat?post=21840"},{"taxonomy":"product_tag","embeddable":true,"href":"https:\/\/elementor.dubuisson.com\/nl\/wp-json\/wp\/v2\/product_tag?post=21840"}],"curies":[{"name":"wp","href":"https:\/\/api.w.org\/{rel}","templated":true}]}}