{"id":21858,"date":"2022-01-01T17:02:50","date_gmt":"2022-01-01T16:02:50","guid":{"rendered":"https:\/\/elementor.dubuisson.com\/product\/peche-mel-bush-pack-van-6-x-33cl\/"},"modified":"2022-02-03T08:50:07","modified_gmt":"2022-02-03T07:50:07","slug":"peche-mel-bush-pack-van-6-x-33cl","status":"publish","type":"product","link":"https:\/\/elementor.dubuisson.com\/nl\/produkt\/peche-mel-bush-pack-van-6-x-33cl\/","title":{"rendered":"P\u00eache Mel Bush &#8211; Pack van 6 x 33cl"},"content":{"rendered":"<p>De P\u00eache Mel Bush was oorspronkelijk een cocktail, die door ons brouwerij gecre\u00eberd werd, bestaande uit twee bieren (een Bush en een P\u00eacheresse). En toen besloot de Brasserie Dubuisson deze twee bieren te verzegelen en er \u00e9\u00e9n van te maken : de P\u00eache Mel Bush. Het resultaat : een sterk fruitig bier met een natuurlijk perzikaroma dat absoluut perfect is. Als je een fan bent van het genre, hebben we zojuist je favoriet gevonden! Zonder twijfel, de vrucht van een mooie ontmoeting.<\/p>\n<p>Dit pakket bevat : 6 x 33 cl P\u00eache Mel Bush<\/p>\n","protected":false},"excerpt":{"rendered":"<p>De P\u00eache Mel Bush was oorspronkelijk een cocktail, die door ons brouwerij gecre\u00eberd werd, bestaande uit twee bieren (een Bush en een P\u00eacheresse). En toen besloot de Brasserie Dubuisson deze twee bieren te verzegelen en er \u00e9\u00e9n van te maken : de P\u00eache Mel Bush. Het resultaat : een sterk fruitig bier met een natuurlijk [&hellip;]<\/p>\n","protected":false},"featured_media":21272,"template":"","meta":{"_acf_changed":false},"product_cat":[520,394,513],"product_tag":[],"class_list":{"0":"post-21858","1":"product","2":"type-product","3":"status-publish","4":"has-post-thumbnail","6":"product_cat-alle-producten","7":"product_cat-bieren","8":"product_cat-pack-de-6x33cl-nl","9":"product_shipping_class-c1","11":"first","12":"instock","13":"taxable","14":"shipping-taxable","15":"purchasable","16":"product-type-simple"},"acf":[],"yoast_head":"<!-- This site is optimized with the Yoast SEO plugin v23.6 - https:\/\/yoast.com\/wordpress\/plugins\/seo\/ -->\n<title>P\u00eache Mel Bush - Pack van 6 x 33cl - Dubuisson<\/title>\n<meta name=\"robots\" content=\"noindex, follow, max-snippet:-1, max-image-preview:large, max-video-preview:-1\" \/>\n<meta property=\"og:locale\" content=\"nl_NL\" \/>\n<meta property=\"og:type\" content=\"article\" \/>\n<meta property=\"og:title\" content=\"P\u00eache Mel Bush - Pack van 6 x 33cl - Dubuisson\" \/>\n<meta property=\"og:description\" content=\"De P\u00eache Mel Bush was oorspronkelijk een cocktail, die door ons brouwerij gecre\u00eberd werd, bestaande uit twee bieren (een Bush en een P\u00eacheresse). En toen besloot de Brasserie Dubuisson deze twee bieren te verzegelen en er \u00e9\u00e9n van te maken : de P\u00eache Mel Bush. Het resultaat : een sterk fruitig bier met een natuurlijk [&hellip;]\" \/>\n<meta property=\"og:url\" content=\"https:\/\/elementor.dubuisson.com\/nl\/produkt\/peche-mel-bush-pack-van-6-x-33cl\/\" \/>\n<meta property=\"og:site_name\" content=\"Dubuisson\" \/>\n<meta property=\"article:modified_time\" content=\"2022-02-03T07:50:07+00:00\" \/>\n<meta property=\"og:image\" content=\"https:\/\/elementor.dubuisson.com\/wp-content\/uploads\/2021\/08\/PMB_6.jpg\" \/>\n\t<meta property=\"og:image:width\" content=\"1476\" \/>\n\t<meta property=\"og:image:height\" content=\"1476\" \/>\n\t<meta property=\"og:image:type\" content=\"image\/jpeg\" \/>\n<meta name=\"twitter:card\" content=\"summary_large_image\" \/>\n<script type=\"application\/ld+json\" class=\"yoast-schema-graph\">{\"@context\":\"https:\/\/schema.org\",\"@graph\":[{\"@type\":\"WebPage\",\"@id\":\"https:\/\/elementor.dubuisson.com\/nl\/produkt\/peche-mel-bush-pack-van-6-x-33cl\/\",\"url\":\"https:\/\/elementor.dubuisson.com\/nl\/produkt\/peche-mel-bush-pack-van-6-x-33cl\/\",\"name\":\"P\u00eache Mel Bush - Pack van 6 x 33cl - Dubuisson\",\"isPartOf\":{\"@id\":\"https:\/\/elementor.dubuisson.com\/#website\"},\"primaryImageOfPage\":{\"@id\":\"https:\/\/elementor.dubuisson.com\/nl\/produkt\/peche-mel-bush-pack-van-6-x-33cl\/#primaryimage\"},\"image\":{\"@id\":\"https:\/\/elementor.dubuisson.com\/nl\/produkt\/peche-mel-bush-pack-van-6-x-33cl\/#primaryimage\"},\"thumbnailUrl\":\"https:\/\/elementor.dubuisson.com\/wp-content\/uploads\/2021\/08\/PMB_6.jpg\",\"datePublished\":\"2022-01-01T16:02:50+00:00\",\"dateModified\":\"2022-02-03T07:50:07+00:00\",\"breadcrumb\":{\"@id\":\"https:\/\/elementor.dubuisson.com\/nl\/produkt\/peche-mel-bush-pack-van-6-x-33cl\/#breadcrumb\"},\"inLanguage\":\"nl-NL\",\"potentialAction\":[{\"@type\":\"ReadAction\",\"target\":[\"https:\/\/elementor.dubuisson.com\/nl\/produkt\/peche-mel-bush-pack-van-6-x-33cl\/\"]}]},{\"@type\":\"ImageObject\",\"inLanguage\":\"nl-NL\",\"@id\":\"https:\/\/elementor.dubuisson.com\/nl\/produkt\/peche-mel-bush-pack-van-6-x-33cl\/#primaryimage\",\"url\":\"https:\/\/elementor.dubuisson.com\/wp-content\/uploads\/2021\/08\/PMB_6.jpg\",\"contentUrl\":\"https:\/\/elementor.dubuisson.com\/wp-content\/uploads\/2021\/08\/PMB_6.jpg\",\"width\":1476,\"height\":1476},{\"@type\":\"BreadcrumbList\",\"@id\":\"https:\/\/elementor.dubuisson.com\/nl\/produkt\/peche-mel-bush-pack-van-6-x-33cl\/#breadcrumb\",\"itemListElement\":[{\"@type\":\"ListItem\",\"position\":1,\"name\":\"Accueil\",\"item\":\"https:\/\/elementor.dubuisson.com\/nl\/accueil\/\"},{\"@type\":\"ListItem\",\"position\":2,\"name\":\"Winkel\",\"item\":\"https:\/\/elementor.dubuisson.com\/nl\/winkel\/\"},{\"@type\":\"ListItem\",\"position\":3,\"name\":\"P\u00eache Mel Bush &#8211; Pack van 6 x 33cl\"}]},{\"@type\":\"WebSite\",\"@id\":\"https:\/\/elementor.dubuisson.com\/#website\",\"url\":\"https:\/\/elementor.dubuisson.com\/\",\"name\":\"Dubuisson\",\"description\":\"Une des plus anciennes et authentiques brasseries de Belgique\",\"publisher\":{\"@id\":\"https:\/\/elementor.dubuisson.com\/#organization\"},\"potentialAction\":[{\"@type\":\"SearchAction\",\"target\":{\"@type\":\"EntryPoint\",\"urlTemplate\":\"https:\/\/elementor.dubuisson.com\/?s={search_term_string}\"},\"query-input\":{\"@type\":\"PropertyValueSpecification\",\"valueRequired\":true,\"valueName\":\"search_term_string\"}}],\"inLanguage\":\"nl-NL\"},{\"@type\":\"Organization\",\"@id\":\"https:\/\/elementor.dubuisson.com\/#organization\",\"name\":\"Dubuisson\",\"url\":\"https:\/\/elementor.dubuisson.com\/\",\"logo\":{\"@type\":\"ImageObject\",\"inLanguage\":\"nl-NL\",\"@id\":\"https:\/\/elementor.dubuisson.com\/#\/schema\/logo\/image\/\",\"url\":\"https:\/\/elementor.dubuisson.com\/wp-content\/uploads\/2022\/03\/Logo-Dubuisson.svg\",\"contentUrl\":\"https:\/\/elementor.dubuisson.com\/wp-content\/uploads\/2022\/03\/Logo-Dubuisson.svg\",\"width\":146,\"height\":101,\"caption\":\"Dubuisson\"},\"image\":{\"@id\":\"https:\/\/elementor.dubuisson.com\/#\/schema\/logo\/image\/\"},\"sameAs\":[\"https:\/\/www.youtube.com\/channel\/UCS25K-MOakQA3nVglJzLYGA\"]}]}<\/script>\n<!-- \/ Yoast SEO plugin. -->","yoast_head_json":{"title":"P\u00eache Mel Bush - Pack van 6 x 33cl - Dubuisson","robots":{"index":"noindex","follow":"follow","max-snippet":"max-snippet:-1","max-image-preview":"max-image-preview:large","max-video-preview":"max-video-preview:-1"},"og_locale":"nl_NL","og_type":"article","og_title":"P\u00eache Mel Bush - Pack van 6 x 33cl - Dubuisson","og_description":"De P\u00eache Mel Bush was oorspronkelijk een cocktail, die door ons brouwerij gecre\u00eberd werd, bestaande uit twee bieren (een Bush en een P\u00eacheresse). En toen besloot de Brasserie Dubuisson deze twee bieren te verzegelen en er \u00e9\u00e9n van te maken : de P\u00eache Mel Bush. Het resultaat : een sterk fruitig bier met een natuurlijk [&hellip;]","og_url":"https:\/\/elementor.dubuisson.com\/nl\/produkt\/peche-mel-bush-pack-van-6-x-33cl\/","og_site_name":"Dubuisson","article_modified_time":"2022-02-03T07:50:07+00:00","og_image":[{"width":1476,"height":1476,"url":"https:\/\/elementor.dubuisson.com\/wp-content\/uploads\/2021\/08\/PMB_6.jpg","type":"image\/jpeg"}],"twitter_card":"summary_large_image","schema":{"@context":"https:\/\/schema.org","@graph":[{"@type":"WebPage","@id":"https:\/\/elementor.dubuisson.com\/nl\/produkt\/peche-mel-bush-pack-van-6-x-33cl\/","url":"https:\/\/elementor.dubuisson.com\/nl\/produkt\/peche-mel-bush-pack-van-6-x-33cl\/","name":"P\u00eache Mel Bush - Pack van 6 x 33cl - Dubuisson","isPartOf":{"@id":"https:\/\/elementor.dubuisson.com\/#website"},"primaryImageOfPage":{"@id":"https:\/\/elementor.dubuisson.com\/nl\/produkt\/peche-mel-bush-pack-van-6-x-33cl\/#primaryimage"},"image":{"@id":"https:\/\/elementor.dubuisson.com\/nl\/produkt\/peche-mel-bush-pack-van-6-x-33cl\/#primaryimage"},"thumbnailUrl":"https:\/\/elementor.dubuisson.com\/wp-content\/uploads\/2021\/08\/PMB_6.jpg","datePublished":"2022-01-01T16:02:50+00:00","dateModified":"2022-02-03T07:50:07+00:00","breadcrumb":{"@id":"https:\/\/elementor.dubuisson.com\/nl\/produkt\/peche-mel-bush-pack-van-6-x-33cl\/#breadcrumb"},"inLanguage":"nl-NL","potentialAction":[{"@type":"ReadAction","target":["https:\/\/elementor.dubuisson.com\/nl\/produkt\/peche-mel-bush-pack-van-6-x-33cl\/"]}]},{"@type":"ImageObject","inLanguage":"nl-NL","@id":"https:\/\/elementor.dubuisson.com\/nl\/produkt\/peche-mel-bush-pack-van-6-x-33cl\/#primaryimage","url":"https:\/\/elementor.dubuisson.com\/wp-content\/uploads\/2021\/08\/PMB_6.jpg","contentUrl":"https:\/\/elementor.dubuisson.com\/wp-content\/uploads\/2021\/08\/PMB_6.jpg","width":1476,"height":1476},{"@type":"BreadcrumbList","@id":"https:\/\/elementor.dubuisson.com\/nl\/produkt\/peche-mel-bush-pack-van-6-x-33cl\/#breadcrumb","itemListElement":[{"@type":"ListItem","position":1,"name":"Accueil","item":"https:\/\/elementor.dubuisson.com\/nl\/accueil\/"},{"@type":"ListItem","position":2,"name":"Winkel","item":"https:\/\/elementor.dubuisson.com\/nl\/winkel\/"},{"@type":"ListItem","position":3,"name":"P\u00eache Mel Bush &#8211; Pack van 6 x 33cl"}]},{"@type":"WebSite","@id":"https:\/\/elementor.dubuisson.com\/#website","url":"https:\/\/elementor.dubuisson.com\/","name":"Dubuisson","description":"Une des plus anciennes et authentiques brasseries de Belgique","publisher":{"@id":"https:\/\/elementor.dubuisson.com\/#organization"},"potentialAction":[{"@type":"SearchAction","target":{"@type":"EntryPoint","urlTemplate":"https:\/\/elementor.dubuisson.com\/?s={search_term_string}"},"query-input":{"@type":"PropertyValueSpecification","valueRequired":true,"valueName":"search_term_string"}}],"inLanguage":"nl-NL"},{"@type":"Organization","@id":"https:\/\/elementor.dubuisson.com\/#organization","name":"Dubuisson","url":"https:\/\/elementor.dubuisson.com\/","logo":{"@type":"ImageObject","inLanguage":"nl-NL","@id":"https:\/\/elementor.dubuisson.com\/#\/schema\/logo\/image\/","url":"https:\/\/elementor.dubuisson.com\/wp-content\/uploads\/2022\/03\/Logo-Dubuisson.svg","contentUrl":"https:\/\/elementor.dubuisson.com\/wp-content\/uploads\/2022\/03\/Logo-Dubuisson.svg","width":146,"height":101,"caption":"Dubuisson"},"image":{"@id":"https:\/\/elementor.dubuisson.com\/#\/schema\/logo\/image\/"},"sameAs":["https:\/\/www.youtube.com\/channel\/UCS25K-MOakQA3nVglJzLYGA"]}]}},"_links":{"self":[{"href":"https:\/\/elementor.dubuisson.com\/nl\/wp-json\/wp\/v2\/product\/21858"}],"collection":[{"href":"https:\/\/elementor.dubuisson.com\/nl\/wp-json\/wp\/v2\/product"}],"about":[{"href":"https:\/\/elementor.dubuisson.com\/nl\/wp-json\/wp\/v2\/types\/product"}],"version-history":[{"count":0,"href":"https:\/\/elementor.dubuisson.com\/nl\/wp-json\/wp\/v2\/product\/21858\/revisions"}],"wp:featuredmedia":[{"embeddable":true,"href":"https:\/\/elementor.dubuisson.com\/nl\/wp-json\/wp\/v2\/media\/21272"}],"wp:attachment":[{"href":"https:\/\/elementor.dubuisson.com\/nl\/wp-json\/wp\/v2\/media?parent=21858"}],"wp:term":[{"taxonomy":"product_cat","embeddable":true,"href":"https:\/\/elementor.dubuisson.com\/nl\/wp-json\/wp\/v2\/product_cat?post=21858"},{"taxonomy":"product_tag","embeddable":true,"href":"https:\/\/elementor.dubuisson.com\/nl\/wp-json\/wp\/v2\/product_tag?post=21858"}],"curies":[{"name":"wp","href":"https:\/\/api.w.org\/{rel}","templated":true}]}}