{"id":36271,"date":"2022-11-15T10:59:26","date_gmt":"2022-11-15T09:59:26","guid":{"rendered":"https:\/\/elementor.dubuisson.com\/conditions-generales-dutilisation\/"},"modified":"2022-11-15T11:10:56","modified_gmt":"2022-11-15T10:10:56","slug":"conditions-generales-dutilisation","status":"publish","type":"page","link":"https:\/\/elementor.dubuisson.com\/us\/conditions-generales-dutilisation\/","title":{"rendered":"Conditions g\u00e9n\u00e9rales d&#8217;utilisation"},"content":{"rendered":"\t\t<div data-elementor-type=\"wp-page\" data-elementor-id=\"36271\" class=\"elementor elementor-36271 elementor-36260\" data-elementor-post-type=\"page\">\n\t\t\t\t\t\t<section data-particle_enable=\"false\" data-particle-mobile-disabled=\"false\" class=\"elementor-section elementor-top-section elementor-element elementor-element-82b6258 elementor-section-full_width elementor-section-height-default elementor-section-height-default\" data-id=\"82b6258\" data-element_type=\"section\" data-settings=\"{&quot;background_background&quot;:&quot;gradient&quot;,&quot;jet_parallax_layout_list&quot;:[]}\">\n\t\t\t\t\t\t<div class=\"elementor-container elementor-column-gap-default\">\n\t\t\t\t\t<div class=\"elementor-column elementor-col-100 elementor-top-column elementor-element elementor-element-2c262c3\" data-id=\"2c262c3\" data-element_type=\"column\">\n\t\t\t<div class=\"elementor-widget-wrap elementor-element-populated\">\n\t\t\t\t\t\t\t<\/div>\n\t\t<\/div>\n\t\t\t\t\t<\/div>\n\t\t<\/section>\n\t\t\t\t<section data-particle_enable=\"false\" data-particle-mobile-disabled=\"false\" class=\"elementor-section elementor-top-section elementor-element elementor-element-38e2456 elementor-section-boxed elementor-section-height-default elementor-section-height-default\" data-id=\"38e2456\" data-element_type=\"section\" data-settings=\"{&quot;jet_parallax_layout_list&quot;:[]}\">\n\t\t\t\t\t\t<div class=\"elementor-container elementor-column-gap-default\">\n\t\t\t\t\t<div class=\"elementor-column elementor-col-100 elementor-top-column elementor-element elementor-element-050ba4e\" data-id=\"050ba4e\" data-element_type=\"column\">\n\t\t\t<div class=\"elementor-widget-wrap elementor-element-populated\">\n\t\t\t\t\t\t<div class=\"elementor-element elementor-element-7c33729 elementor-widget elementor-widget-text-editor\" data-id=\"7c33729\" data-element_type=\"widget\" data-widget_type=\"text-editor.default\">\n\t\t\t\t<div class=\"elementor-widget-container\">\n\t\t\t\t\t\t\t<p>Les pr\u00e9sentes conditions d\u2019utilisation s\u2019appliquent au site\u00a0\u00ab www.dubuisson.com\u00bb ci-apr\u00e8s d\u00e9nomm\u00e9 \u00ab le site Internet \u00bb ou \u00ab le site \u00bb. Nous vous demandons de lire attentivement ces conditions avant de visiter le site Internet. L\u2019utilisation du site signifie que vous \u00eates d\u2019accord avec les conditions d\u2019utilisation impos\u00e9e par la Brasserie Dubuisson SPRL. Si vous n\u2019acceptez pas les pr\u00e9sentes conditions d\u2019utilisation, nous vous demandons de ne pas utiliser ce site.<\/p><p>\u00ab Brasserie Dubuisson \u00bb se r\u00e9serve le droit de modifier \u00e0 tout moment les conditions. Les modifications seront publi\u00e9es sur ce site et prendront effet automatiquement 14 jours apr\u00e8s la date de publication sur le site. Cette date sera mentionn\u00e9e au bas des conditions d\u2019utilisation.<\/p><p><strong>Droits de propri\u00e9t\u00e9 intellectuelle<br \/><\/strong><br \/>L\u2019utilisateur reconna\u00eet que le site Internet \u00abDubuisson\u00bb contient des textes, des dessins, des photos, des films, des images, des donn\u00e9es, des bases de donn\u00e9es, des logiciels, des marques, des logos, des appellations, des d\u00e9nominations commerciales et des noms de domaine ainsi que d\u2019autres \u00e9l\u00e9ments qui sont prot\u00e9g\u00e9s par des droits intellectuels et appartiennent \u00e0 la Brasserie Dubuisson SPRL ou \u00e0 des tiers.<\/p><p>\u00ab Brasserie Dubuisson \u00bb vous permet de regarder et de t\u00e9l\u00e9charger les informations propos\u00e9es sur ce site pour votre usage personnel. Il n\u2019est pas permis, sans accord \u00e9crit pr\u00e9alable de la Brasserie Dubuisson SPRL, de sauvegarder, reproduire, modifier, publier, distribuer, envoyer, vendre ou transmettre de toute autre mani\u00e8re les informations propos\u00e9es sur ce site (sauf dans la mesure n\u00e9cessaire pour pouvoir regarder ou t\u00e9l\u00e9charger les informations pour votre usage personnel) ou d\u2019accorder des droits y aff\u00e9rents \u00e0 des tiers.<\/p><p><strong>Plate-forme de communication Internet<\/strong><\/p><p>Le site est une plate-forme de communication Internet qui offre des\u00a0possibilit\u00e9s d\u2019interactivit\u00e9 \u00e0 l\u2019utilisateur. Brasserie Dubuisson<br \/>SPRL n\u2019offre aucune garantie concernant les informations propos\u00e9es et ne peut donc pas \u00eatre tenue responsable des dommages li\u00e9s \u00e0 l\u2019utilisation de donn\u00e9es \u00e9chang\u00e9es et communiqu\u00e9es par des utilisateurs ou des tiers \u00e0 travers le site.<\/p><p>En tant qu\u2019utilisateur du site, vous vous engagez \u00e0 n\u2019envoyer que des informations et des messages pertinents au site. Vous respecterez les principes de l\u2019\u00e9tiquette en vigueur sur l\u2019Internet (\u00e0 savoir un ensemble de r\u00e8gles de savoir-vivre concernant l\u2019emploi correct de l\u2019Internet). La Brasserie Dubuisson SPRL se r\u00e9serve le droit de publier ou de ne pas publier, de refuser ou d\u2019\u00e9liminer \u00e0 tout moment unilat\u00e9ralement la totalit\u00e9 ou une partie des informations fournies par les utilisateurs, et ceci sans notification ni motivation. L\u2019utilisateur reconna\u00eet que les informations fournies peuvent \u00eatre rendues publiques, de sorte que la Brasserie Dubuisson SPRL pourra publier les donn\u00e9es en question sur le site et qu\u2019elles pourront \u00eatre consult\u00e9es par d\u2019autres personnes, sans que l\u2019utilisateur en ait \u00e9t\u00e9 pr\u00e9alablement averti.<\/p><p><strong>Utilisation non autoris\u00e9e du site<\/strong><\/p><p>Vous vous engagez \u00e0 :<br \/>(i) ne pas utiliser de fa\u00e7on ill\u00e9gale les informations auxquelles vous avez acc\u00e8s par le biais de ce site ;<br \/>(ii) ne pas utiliser le site d\u2019une telle fa\u00e7on que celui-ci soit endommag\u00e9 ou d\u00e9form\u00e9, ou que son acc\u00e8s se trouve entrav\u00e9 ou emp\u00each\u00e9,<br \/>(iii) ne pas utiliser le site pour l\u2019envoi de virus ou pour la transmission ou la distribution de documentation outrageante, obsc\u00e8ne ou mena\u00e7ante ; et<br \/>(iv) de ne pas utiliser le site Internet d\u2019une fa\u00e7on qui viole les droits d\u2019une personne physique, d\u2019une personne morale ou d\u2019une association.<\/p><p><strong>Responsabilit\u00e9<\/strong><\/p><p>La Brasserie Dubuisson SPRL prend toutes les pr\u00e9cautions raisonnables pour assurer que les informations fournies sur le site soient correctes. Des m\u00e9prises et des erreurs peuvent toutefois se produire. La Brasserie Dubuisson SPRL offre le site \u00ab tel quel \u00bb, sans donner aucune garantie quant aux informations offertes. L\u2019utilisateur ne peut pas partir du principe que les informations offertes sont toujours correctes. Si vous d\u00e9sirez \u00eatre s\u00fbr que certaines informations sont correctes, vous devez contacter la Brasserie Dubuisson\u00a0sprl directement.<\/p><p>Les informations sur le site sont modifi\u00e9es p\u00e9riodiquement.<br \/>La Brasserie Dubuisson sprl se r\u00e9serve le droit d\u2019apporter \u00e0 tout moment des corrections et\/ou des modifications au site.<\/p><p>Si des conseils sont donn\u00e9s sur le site, que ce soit de fa\u00e7on directe ou indirecte, ils le sont sans aucune forme de garantie et sans que laBrasserie Dubuisson sprl puisse en \u00eatre tenue pour responsable. Vous devez toujours consulter un expert dans la mati\u00e8re pour obtenir des renseignements suppl\u00e9mentaires pertinents \u00e0 votre situation.<\/p><p>La Brasserie Dubuisson sprl n\u2019est pas responsable des inexactitudes ou des imperfections dans les donn\u00e9es offertes sur le site. Cela vaut tant pour les informations publi\u00e9es par la Brasserie<br \/>Dubuisson sprl elle-m\u00eame sur le site que pour des informations provenant des utilisateurs ou de tiers. Aucun dommage li\u00e9 \u00e0 l\u2019utilisation de donn\u00e9es incorrectes ou d\u2019erreurs du site ne donne droit \u00e0 une compensation quelconque. La Brasserie Dubuisson sprl ne peut pas \u00eatre tenue responsable par les utilisateurs ou les tiers des dommages subis, qu\u2019ils soient directs, indirects, accidentels, de caract\u00e8re moral ou mat\u00e9riel, des pertes de b\u00e9n\u00e9fice ou de tout autre type de dommage, li\u00e9s \u00e0 l\u2019utilisation ou \u00e0 l\u2019interpr\u00e9tation des informations offertes sur le site.<\/p><p>Pour la r\u00e9alisation technique du site, la Brasserie Dubuisson sprl a fait appel aux technologies les plus avanc\u00e9es. La Brasserie Dubuisson sprl ne peut pas \u00eatre tenue responsable de pannes (provisoires) ou d\u2019un \u00e9ventuel dysfonctionnement du syst\u00e8me.<\/p><p>Vous comprenez et acceptez que l\u2019emploi du site et des informations et\/ou des donn\u00e9es qui s\u2019y trouvent, s\u2019effectue \u00e0 vos risques et p\u00e9rils et que vous serez seul responsable des dommages subis par votre ordinateur ou de la perte de vos donn\u00e9es en cons\u00e9quence du t\u00e9l\u00e9chargement de donn\u00e9es et\/ou chiffres.<\/p><p><strong>Preuve et droit applicable<\/strong><\/p><p>Le droit belge s\u2019applique au site Internet et aux pr\u00e9sentes conditions d\u2019utilisation. Les parties acceptent que la communication \u00e9lectronique entre elles rev\u00eate la valeur juridique de la preuve \u00e9crite. En cas de litiges ou de contestations, seuls les tribunaux de Tournai sont comp\u00e9tents, \u00e0 l\u2019exception de dispositions l\u00e9gales qui n\u2019accepteraient pas cette autorit\u00e9.<\/p><p>La BRASSERIE DUBUISSON SPRL n\u2019est pas non plus responsable des sites g\u00e9r\u00e9s par des tiers et vers lesquels le site renvoie. La\u00a0BRASSERIE DUBUISSON SPRL n\u2019exerce aucun contr\u00f4le sur les sites Internet de ces tiers et n\u2019assume aucune responsabilit\u00e9 concernant le contenu de ces sites. L\u2019insertion de liens vers ceux- ci ne signifie pas que la BRASSERIE DUBUISSON SPRL approuve leur contenu et n\u2019implique pas n\u00e9cessairement une collaboration entre la BRASSERIE DUBUISSON et le propri\u00e9taire des sites en question. Il est possible que les sites auxquels renvoie le site de la BRASSERIE DUBUISSON suivent une politique de respect de donn\u00e9es personnelles et de s\u00e9curit\u00e9 autre que celle de la BRASSERIE DUBUISSON SPRL.<\/p>\t\t\t\t\t\t<\/div>\n\t\t\t\t<\/div>\n\t\t\t\t\t<\/div>\n\t\t<\/div>\n\t\t\t\t\t<\/div>\n\t\t<\/section>\n\t\t\t\t<\/div>\n\t\t","protected":false},"excerpt":{"rendered":"<p>Les pr\u00e9sentes conditions d\u2019utilisation s\u2019appliquent au site\u00a0\u00ab www.dubuisson.com\u00bb ci-apr\u00e8s d\u00e9nomm\u00e9 \u00ab le site Internet \u00bb ou \u00ab le site \u00bb. Nous vous demandons de lire attentivement ces conditions avant de visiter le site Internet. L\u2019utilisation du site signifie que vous \u00eates d\u2019accord avec les conditions d\u2019utilisation impos\u00e9e par la Brasserie Dubuisson SPRL. Si vous n\u2019acceptez [&hellip;]<\/p>\n","protected":false},"author":22,"featured_media":0,"parent":0,"menu_order":0,"comment_status":"closed","ping_status":"closed","template":"","meta":{"_acf_changed":false,"footnotes":""},"class_list":["post-36271","page","type-page","status-publish","hentry"],"acf":[],"yoast_head":"<!-- This site is optimized with the Yoast SEO plugin v23.6 - https:\/\/yoast.com\/wordpress\/plugins\/seo\/ -->\n<title>Conditions g\u00e9n\u00e9rales d&#039;utilisation - Dubuisson<\/title>\n<meta name=\"robots\" content=\"noindex, follow, max-snippet:-1, max-image-preview:large, max-video-preview:-1\" \/>\n<meta property=\"og:locale\" content=\"en_US\" \/>\n<meta property=\"og:type\" content=\"article\" \/>\n<meta property=\"og:title\" content=\"Conditions g\u00e9n\u00e9rales d&#039;utilisation - Dubuisson\" \/>\n<meta property=\"og:description\" content=\"Les pr\u00e9sentes conditions d\u2019utilisation s\u2019appliquent au site\u00a0\u00ab www.dubuisson.com\u00bb ci-apr\u00e8s d\u00e9nomm\u00e9 \u00ab le site Internet \u00bb ou \u00ab le site \u00bb. Nous vous demandons de lire attentivement ces conditions avant de visiter le site Internet. L\u2019utilisation du site signifie que vous \u00eates d\u2019accord avec les conditions d\u2019utilisation impos\u00e9e par la Brasserie Dubuisson SPRL. Si vous n\u2019acceptez [&hellip;]\" \/>\n<meta property=\"og:url\" content=\"https:\/\/elementor.dubuisson.com\/us\/conditions-generales-dutilisation\/\" \/>\n<meta property=\"og:site_name\" content=\"Dubuisson\" \/>\n<meta property=\"article:modified_time\" content=\"2022-11-15T10:10:56+00:00\" \/>\n<meta name=\"twitter:card\" content=\"summary_large_image\" \/>\n<meta name=\"twitter:label1\" content=\"Est. reading time\" \/>\n\t<meta name=\"twitter:data1\" content=\"6 minutes\" \/>\n<script type=\"application\/ld+json\" class=\"yoast-schema-graph\">{\"@context\":\"https:\/\/schema.org\",\"@graph\":[{\"@type\":\"WebPage\",\"@id\":\"https:\/\/elementor.dubuisson.com\/us\/conditions-generales-dutilisation\/\",\"url\":\"https:\/\/elementor.dubuisson.com\/us\/conditions-generales-dutilisation\/\",\"name\":\"Conditions g\u00e9n\u00e9rales d'utilisation - Dubuisson\",\"isPartOf\":{\"@id\":\"https:\/\/elementor.dubuisson.com\/#website\"},\"datePublished\":\"2022-11-15T09:59:26+00:00\",\"dateModified\":\"2022-11-15T10:10:56+00:00\",\"breadcrumb\":{\"@id\":\"https:\/\/elementor.dubuisson.com\/us\/conditions-generales-dutilisation\/#breadcrumb\"},\"inLanguage\":\"en-US\",\"potentialAction\":[{\"@type\":\"ReadAction\",\"target\":[\"https:\/\/elementor.dubuisson.com\/us\/conditions-generales-dutilisation\/\"]}]},{\"@type\":\"BreadcrumbList\",\"@id\":\"https:\/\/elementor.dubuisson.com\/us\/conditions-generales-dutilisation\/#breadcrumb\",\"itemListElement\":[{\"@type\":\"ListItem\",\"position\":1,\"name\":\"Accueil\",\"item\":\"https:\/\/elementor.dubuisson.com\/us\/accueil-2\/\"},{\"@type\":\"ListItem\",\"position\":2,\"name\":\"Conditions g\u00e9n\u00e9rales d&#8217;utilisation\"}]},{\"@type\":\"WebSite\",\"@id\":\"https:\/\/elementor.dubuisson.com\/#website\",\"url\":\"https:\/\/elementor.dubuisson.com\/\",\"name\":\"Dubuisson\",\"description\":\"Une des plus anciennes et authentiques brasseries de Belgique\",\"publisher\":{\"@id\":\"https:\/\/elementor.dubuisson.com\/#organization\"},\"potentialAction\":[{\"@type\":\"SearchAction\",\"target\":{\"@type\":\"EntryPoint\",\"urlTemplate\":\"https:\/\/elementor.dubuisson.com\/?s={search_term_string}\"},\"query-input\":{\"@type\":\"PropertyValueSpecification\",\"valueRequired\":true,\"valueName\":\"search_term_string\"}}],\"inLanguage\":\"en-US\"},{\"@type\":\"Organization\",\"@id\":\"https:\/\/elementor.dubuisson.com\/#organization\",\"name\":\"Dubuisson\",\"url\":\"https:\/\/elementor.dubuisson.com\/\",\"logo\":{\"@type\":\"ImageObject\",\"inLanguage\":\"en-US\",\"@id\":\"https:\/\/elementor.dubuisson.com\/#\/schema\/logo\/image\/\",\"url\":\"https:\/\/elementor.dubuisson.com\/wp-content\/uploads\/2022\/03\/Logo-Dubuisson.svg\",\"contentUrl\":\"https:\/\/elementor.dubuisson.com\/wp-content\/uploads\/2022\/03\/Logo-Dubuisson.svg\",\"width\":146,\"height\":101,\"caption\":\"Dubuisson\"},\"image\":{\"@id\":\"https:\/\/elementor.dubuisson.com\/#\/schema\/logo\/image\/\"},\"sameAs\":[\"https:\/\/www.youtube.com\/channel\/UCS25K-MOakQA3nVglJzLYGA\"]}]}<\/script>\n<!-- \/ Yoast SEO plugin. -->","yoast_head_json":{"title":"Conditions g\u00e9n\u00e9rales d'utilisation - Dubuisson","robots":{"index":"noindex","follow":"follow","max-snippet":"max-snippet:-1","max-image-preview":"max-image-preview:large","max-video-preview":"max-video-preview:-1"},"og_locale":"en_US","og_type":"article","og_title":"Conditions g\u00e9n\u00e9rales d'utilisation - Dubuisson","og_description":"Les pr\u00e9sentes conditions d\u2019utilisation s\u2019appliquent au site\u00a0\u00ab www.dubuisson.com\u00bb ci-apr\u00e8s d\u00e9nomm\u00e9 \u00ab le site Internet \u00bb ou \u00ab le site \u00bb. Nous vous demandons de lire attentivement ces conditions avant de visiter le site Internet. L\u2019utilisation du site signifie que vous \u00eates d\u2019accord avec les conditions d\u2019utilisation impos\u00e9e par la Brasserie Dubuisson SPRL. Si vous n\u2019acceptez [&hellip;]","og_url":"https:\/\/elementor.dubuisson.com\/us\/conditions-generales-dutilisation\/","og_site_name":"Dubuisson","article_modified_time":"2022-11-15T10:10:56+00:00","twitter_card":"summary_large_image","twitter_misc":{"Est. reading time":"6 minutes"},"schema":{"@context":"https:\/\/schema.org","@graph":[{"@type":"WebPage","@id":"https:\/\/elementor.dubuisson.com\/us\/conditions-generales-dutilisation\/","url":"https:\/\/elementor.dubuisson.com\/us\/conditions-generales-dutilisation\/","name":"Conditions g\u00e9n\u00e9rales d'utilisation - Dubuisson","isPartOf":{"@id":"https:\/\/elementor.dubuisson.com\/#website"},"datePublished":"2022-11-15T09:59:26+00:00","dateModified":"2022-11-15T10:10:56+00:00","breadcrumb":{"@id":"https:\/\/elementor.dubuisson.com\/us\/conditions-generales-dutilisation\/#breadcrumb"},"inLanguage":"en-US","potentialAction":[{"@type":"ReadAction","target":["https:\/\/elementor.dubuisson.com\/us\/conditions-generales-dutilisation\/"]}]},{"@type":"BreadcrumbList","@id":"https:\/\/elementor.dubuisson.com\/us\/conditions-generales-dutilisation\/#breadcrumb","itemListElement":[{"@type":"ListItem","position":1,"name":"Accueil","item":"https:\/\/elementor.dubuisson.com\/us\/accueil-2\/"},{"@type":"ListItem","position":2,"name":"Conditions g\u00e9n\u00e9rales d&#8217;utilisation"}]},{"@type":"WebSite","@id":"https:\/\/elementor.dubuisson.com\/#website","url":"https:\/\/elementor.dubuisson.com\/","name":"Dubuisson","description":"Une des plus anciennes et authentiques brasseries de Belgique","publisher":{"@id":"https:\/\/elementor.dubuisson.com\/#organization"},"potentialAction":[{"@type":"SearchAction","target":{"@type":"EntryPoint","urlTemplate":"https:\/\/elementor.dubuisson.com\/?s={search_term_string}"},"query-input":{"@type":"PropertyValueSpecification","valueRequired":true,"valueName":"search_term_string"}}],"inLanguage":"en-US"},{"@type":"Organization","@id":"https:\/\/elementor.dubuisson.com\/#organization","name":"Dubuisson","url":"https:\/\/elementor.dubuisson.com\/","logo":{"@type":"ImageObject","inLanguage":"en-US","@id":"https:\/\/elementor.dubuisson.com\/#\/schema\/logo\/image\/","url":"https:\/\/elementor.dubuisson.com\/wp-content\/uploads\/2022\/03\/Logo-Dubuisson.svg","contentUrl":"https:\/\/elementor.dubuisson.com\/wp-content\/uploads\/2022\/03\/Logo-Dubuisson.svg","width":146,"height":101,"caption":"Dubuisson"},"image":{"@id":"https:\/\/elementor.dubuisson.com\/#\/schema\/logo\/image\/"},"sameAs":["https:\/\/www.youtube.com\/channel\/UCS25K-MOakQA3nVglJzLYGA"]}]}},"_links":{"self":[{"href":"https:\/\/elementor.dubuisson.com\/us\/wp-json\/wp\/v2\/pages\/36271"}],"collection":[{"href":"https:\/\/elementor.dubuisson.com\/us\/wp-json\/wp\/v2\/pages"}],"about":[{"href":"https:\/\/elementor.dubuisson.com\/us\/wp-json\/wp\/v2\/types\/page"}],"author":[{"embeddable":true,"href":"https:\/\/elementor.dubuisson.com\/us\/wp-json\/wp\/v2\/users\/22"}],"replies":[{"embeddable":true,"href":"https:\/\/elementor.dubuisson.com\/us\/wp-json\/wp\/v2\/comments?post=36271"}],"version-history":[{"count":3,"href":"https:\/\/elementor.dubuisson.com\/us\/wp-json\/wp\/v2\/pages\/36271\/revisions"}],"predecessor-version":[{"id":36343,"href":"https:\/\/elementor.dubuisson.com\/us\/wp-json\/wp\/v2\/pages\/36271\/revisions\/36343"}],"wp:attachment":[{"href":"https:\/\/elementor.dubuisson.com\/us\/wp-json\/wp\/v2\/media?parent=36271"}],"curies":[{"name":"wp","href":"https:\/\/api.w.org\/{rel}","templated":true}]}}