{"id":21408,"date":"2022-01-01T16:00:49","date_gmt":"2022-01-01T15:00:49","guid":{"rendered":"https:\/\/elementor.dubuisson.com\/?post_type=product&#038;p=21408"},"modified":"2022-11-17T13:56:13","modified_gmt":"2022-11-17T12:56:13","slug":"blanche-dubuisson-pack-de-6x75cl","status":"publish","type":"product","link":"https:\/\/elementor.dubuisson.com\/us\/produit\/blanche-dubuisson-pack-de-6x75cl\/","title":{"rendered":"Blanche Dubuisson &#8211; Pack de 6x75cl"},"content":{"rendered":"<p>La Blanche Dubuisson est une exclusivit\u00e9 ! Elle a avant tout \u00e9t\u00e9 cr\u00e9\u00e9e pour nos micro-brasseries. Nous la mettons en bouteille de 75cl en quantit\u00e9 tr\u00e8s limit\u00e9e et elle n&#8217;est disponible que dans peu d&#8217;endroits. Un produit rare donc, pour une bi\u00e8re blanche particuli\u00e8rement bonne et bien r\u00e9ussie! Une petite exclusivit\u00e9 \u00e0 tester donc!<\/p>\n<p>Contenu : 6x 75cl de Blanche Dubuisson<\/p>\n","protected":false},"excerpt":{"rendered":"<p>La Blanche Dubuisson est une exclusivit\u00e9 ! Elle a avant tout \u00e9t\u00e9 cr\u00e9\u00e9e pour nos micro-brasseries. Nous la mettons en bouteille de 75cl en quantit\u00e9 tr\u00e8s limit\u00e9e et elle n&#8217;est disponible que dans peu d&#8217;endroits. Un produit rare donc, pour une bi\u00e8re blanche particuli\u00e8rement bonne et bien r\u00e9ussie! Une petite exclusivit\u00e9 \u00e0 tester donc! Contenu [&hellip;]<\/p>\n","protected":false},"featured_media":20963,"template":"","meta":{"_acf_changed":false},"product_cat":[498,337,372],"product_tag":[],"class_list":{"0":"post-21408","1":"product","2":"type-product","3":"status-publish","4":"has-post-thumbnail","6":"product_cat-tous-les-produits","7":"product_cat-bieres","8":"product_cat-pack-de-6x75cl","9":"product_shipping_class-c1","11":"first","12":"instock","13":"taxable","14":"shipping-taxable","15":"purchasable","16":"product-type-simple"},"acf":[],"yoast_head":"<!-- This site is optimized with the Yoast SEO plugin v23.6 - https:\/\/yoast.com\/wordpress\/plugins\/seo\/ -->\n<title>Blanche Dubuisson - Pack de 6x75cl - Dubuisson<\/title>\n<meta name=\"robots\" content=\"noindex, follow, max-snippet:-1, max-image-preview:large, max-video-preview:-1\" \/>\n<meta property=\"og:locale\" content=\"en_US\" \/>\n<meta property=\"og:type\" content=\"article\" \/>\n<meta property=\"og:title\" content=\"Blanche Dubuisson - Pack de 6x75cl - Dubuisson\" \/>\n<meta property=\"og:description\" content=\"La Blanche Dubuisson est une exclusivit\u00e9 ! Elle a avant tout \u00e9t\u00e9 cr\u00e9\u00e9e pour nos micro-brasseries. Nous la mettons en bouteille de 75cl en quantit\u00e9 tr\u00e8s limit\u00e9e et elle n&#8217;est disponible que dans peu d&#8217;endroits. Un produit rare donc, pour une bi\u00e8re blanche particuli\u00e8rement bonne et bien r\u00e9ussie! Une petite exclusivit\u00e9 \u00e0 tester donc! Contenu [&hellip;]\" \/>\n<meta property=\"og:url\" content=\"https:\/\/elementor.dubuisson.com\/produit\/blanche-dubuisson-pack-de-6x75cl\/\" \/>\n<meta property=\"og:site_name\" content=\"Dubuisson\" \/>\n<meta property=\"article:modified_time\" content=\"2022-11-17T12:56:13+00:00\" \/>\n<meta property=\"og:image\" content=\"https:\/\/elementor.dubuisson.com\/wp-content\/uploads\/2021\/08\/BLANCHE_DUBUISSON_6.jpg\" \/>\n\t<meta property=\"og:image:width\" content=\"1476\" \/>\n\t<meta property=\"og:image:height\" content=\"1476\" \/>\n\t<meta property=\"og:image:type\" content=\"image\/jpeg\" \/>\n<meta name=\"twitter:card\" content=\"summary_large_image\" \/>\n<script type=\"application\/ld+json\" class=\"yoast-schema-graph\">{\"@context\":\"https:\/\/schema.org\",\"@graph\":[{\"@type\":\"WebPage\",\"@id\":\"https:\/\/elementor.dubuisson.com\/produit\/blanche-dubuisson-pack-de-6x75cl\/\",\"url\":\"https:\/\/elementor.dubuisson.com\/produit\/blanche-dubuisson-pack-de-6x75cl\/\",\"name\":\"Blanche Dubuisson - Pack de 6x75cl - Dubuisson\",\"isPartOf\":{\"@id\":\"https:\/\/elementor.dubuisson.com\/#website\"},\"primaryImageOfPage\":{\"@id\":\"https:\/\/elementor.dubuisson.com\/produit\/blanche-dubuisson-pack-de-6x75cl\/#primaryimage\"},\"image\":{\"@id\":\"https:\/\/elementor.dubuisson.com\/produit\/blanche-dubuisson-pack-de-6x75cl\/#primaryimage\"},\"thumbnailUrl\":\"https:\/\/elementor.dubuisson.com\/wp-content\/uploads\/2021\/08\/BLANCHE_DUBUISSON_6.jpg\",\"datePublished\":\"2022-01-01T15:00:49+00:00\",\"dateModified\":\"2022-11-17T12:56:13+00:00\",\"breadcrumb\":{\"@id\":\"https:\/\/elementor.dubuisson.com\/produit\/blanche-dubuisson-pack-de-6x75cl\/#breadcrumb\"},\"inLanguage\":\"en-US\",\"potentialAction\":[{\"@type\":\"ReadAction\",\"target\":[\"https:\/\/elementor.dubuisson.com\/produit\/blanche-dubuisson-pack-de-6x75cl\/\"]}]},{\"@type\":\"ImageObject\",\"inLanguage\":\"en-US\",\"@id\":\"https:\/\/elementor.dubuisson.com\/produit\/blanche-dubuisson-pack-de-6x75cl\/#primaryimage\",\"url\":\"https:\/\/elementor.dubuisson.com\/wp-content\/uploads\/2021\/08\/BLANCHE_DUBUISSON_6.jpg\",\"contentUrl\":\"https:\/\/elementor.dubuisson.com\/wp-content\/uploads\/2021\/08\/BLANCHE_DUBUISSON_6.jpg\",\"width\":1476,\"height\":1476},{\"@type\":\"BreadcrumbList\",\"@id\":\"https:\/\/elementor.dubuisson.com\/produit\/blanche-dubuisson-pack-de-6x75cl\/#breadcrumb\",\"itemListElement\":[{\"@type\":\"ListItem\",\"position\":1,\"name\":\"Accueil\",\"item\":\"https:\/\/elementor.dubuisson.com\/us\/accueil-2\/\"},{\"@type\":\"ListItem\",\"position\":2,\"name\":\"Shop\",\"item\":\"https:\/\/elementor.dubuisson.com\/shop\/\"},{\"@type\":\"ListItem\",\"position\":3,\"name\":\"Blanche Dubuisson &#8211; Pack de 6x75cl\"}]},{\"@type\":\"WebSite\",\"@id\":\"https:\/\/elementor.dubuisson.com\/#website\",\"url\":\"https:\/\/elementor.dubuisson.com\/\",\"name\":\"Dubuisson\",\"description\":\"Une des plus anciennes et authentiques brasseries de Belgique\",\"publisher\":{\"@id\":\"https:\/\/elementor.dubuisson.com\/#organization\"},\"potentialAction\":[{\"@type\":\"SearchAction\",\"target\":{\"@type\":\"EntryPoint\",\"urlTemplate\":\"https:\/\/elementor.dubuisson.com\/?s={search_term_string}\"},\"query-input\":{\"@type\":\"PropertyValueSpecification\",\"valueRequired\":true,\"valueName\":\"search_term_string\"}}],\"inLanguage\":\"en-US\"},{\"@type\":\"Organization\",\"@id\":\"https:\/\/elementor.dubuisson.com\/#organization\",\"name\":\"Dubuisson\",\"url\":\"https:\/\/elementor.dubuisson.com\/\",\"logo\":{\"@type\":\"ImageObject\",\"inLanguage\":\"en-US\",\"@id\":\"https:\/\/elementor.dubuisson.com\/#\/schema\/logo\/image\/\",\"url\":\"https:\/\/elementor.dubuisson.com\/wp-content\/uploads\/2022\/03\/Logo-Dubuisson.svg\",\"contentUrl\":\"https:\/\/elementor.dubuisson.com\/wp-content\/uploads\/2022\/03\/Logo-Dubuisson.svg\",\"width\":146,\"height\":101,\"caption\":\"Dubuisson\"},\"image\":{\"@id\":\"https:\/\/elementor.dubuisson.com\/#\/schema\/logo\/image\/\"},\"sameAs\":[\"https:\/\/www.youtube.com\/channel\/UCS25K-MOakQA3nVglJzLYGA\"]}]}<\/script>\n<!-- \/ Yoast SEO plugin. -->","yoast_head_json":{"title":"Blanche Dubuisson - Pack de 6x75cl - Dubuisson","robots":{"index":"noindex","follow":"follow","max-snippet":"max-snippet:-1","max-image-preview":"max-image-preview:large","max-video-preview":"max-video-preview:-1"},"og_locale":"en_US","og_type":"article","og_title":"Blanche Dubuisson - Pack de 6x75cl - Dubuisson","og_description":"La Blanche Dubuisson est une exclusivit\u00e9 ! Elle a avant tout \u00e9t\u00e9 cr\u00e9\u00e9e pour nos micro-brasseries. Nous la mettons en bouteille de 75cl en quantit\u00e9 tr\u00e8s limit\u00e9e et elle n&#8217;est disponible que dans peu d&#8217;endroits. Un produit rare donc, pour une bi\u00e8re blanche particuli\u00e8rement bonne et bien r\u00e9ussie! Une petite exclusivit\u00e9 \u00e0 tester donc! Contenu [&hellip;]","og_url":"https:\/\/elementor.dubuisson.com\/produit\/blanche-dubuisson-pack-de-6x75cl\/","og_site_name":"Dubuisson","article_modified_time":"2022-11-17T12:56:13+00:00","og_image":[{"width":1476,"height":1476,"url":"https:\/\/elementor.dubuisson.com\/wp-content\/uploads\/2021\/08\/BLANCHE_DUBUISSON_6.jpg","type":"image\/jpeg"}],"twitter_card":"summary_large_image","schema":{"@context":"https:\/\/schema.org","@graph":[{"@type":"WebPage","@id":"https:\/\/elementor.dubuisson.com\/produit\/blanche-dubuisson-pack-de-6x75cl\/","url":"https:\/\/elementor.dubuisson.com\/produit\/blanche-dubuisson-pack-de-6x75cl\/","name":"Blanche Dubuisson - Pack de 6x75cl - Dubuisson","isPartOf":{"@id":"https:\/\/elementor.dubuisson.com\/#website"},"primaryImageOfPage":{"@id":"https:\/\/elementor.dubuisson.com\/produit\/blanche-dubuisson-pack-de-6x75cl\/#primaryimage"},"image":{"@id":"https:\/\/elementor.dubuisson.com\/produit\/blanche-dubuisson-pack-de-6x75cl\/#primaryimage"},"thumbnailUrl":"https:\/\/elementor.dubuisson.com\/wp-content\/uploads\/2021\/08\/BLANCHE_DUBUISSON_6.jpg","datePublished":"2022-01-01T15:00:49+00:00","dateModified":"2022-11-17T12:56:13+00:00","breadcrumb":{"@id":"https:\/\/elementor.dubuisson.com\/produit\/blanche-dubuisson-pack-de-6x75cl\/#breadcrumb"},"inLanguage":"en-US","potentialAction":[{"@type":"ReadAction","target":["https:\/\/elementor.dubuisson.com\/produit\/blanche-dubuisson-pack-de-6x75cl\/"]}]},{"@type":"ImageObject","inLanguage":"en-US","@id":"https:\/\/elementor.dubuisson.com\/produit\/blanche-dubuisson-pack-de-6x75cl\/#primaryimage","url":"https:\/\/elementor.dubuisson.com\/wp-content\/uploads\/2021\/08\/BLANCHE_DUBUISSON_6.jpg","contentUrl":"https:\/\/elementor.dubuisson.com\/wp-content\/uploads\/2021\/08\/BLANCHE_DUBUISSON_6.jpg","width":1476,"height":1476},{"@type":"BreadcrumbList","@id":"https:\/\/elementor.dubuisson.com\/produit\/blanche-dubuisson-pack-de-6x75cl\/#breadcrumb","itemListElement":[{"@type":"ListItem","position":1,"name":"Accueil","item":"https:\/\/elementor.dubuisson.com\/us\/accueil-2\/"},{"@type":"ListItem","position":2,"name":"Shop","item":"https:\/\/elementor.dubuisson.com\/shop\/"},{"@type":"ListItem","position":3,"name":"Blanche Dubuisson &#8211; Pack de 6x75cl"}]},{"@type":"WebSite","@id":"https:\/\/elementor.dubuisson.com\/#website","url":"https:\/\/elementor.dubuisson.com\/","name":"Dubuisson","description":"Une des plus anciennes et authentiques brasseries de Belgique","publisher":{"@id":"https:\/\/elementor.dubuisson.com\/#organization"},"potentialAction":[{"@type":"SearchAction","target":{"@type":"EntryPoint","urlTemplate":"https:\/\/elementor.dubuisson.com\/?s={search_term_string}"},"query-input":{"@type":"PropertyValueSpecification","valueRequired":true,"valueName":"search_term_string"}}],"inLanguage":"en-US"},{"@type":"Organization","@id":"https:\/\/elementor.dubuisson.com\/#organization","name":"Dubuisson","url":"https:\/\/elementor.dubuisson.com\/","logo":{"@type":"ImageObject","inLanguage":"en-US","@id":"https:\/\/elementor.dubuisson.com\/#\/schema\/logo\/image\/","url":"https:\/\/elementor.dubuisson.com\/wp-content\/uploads\/2022\/03\/Logo-Dubuisson.svg","contentUrl":"https:\/\/elementor.dubuisson.com\/wp-content\/uploads\/2022\/03\/Logo-Dubuisson.svg","width":146,"height":101,"caption":"Dubuisson"},"image":{"@id":"https:\/\/elementor.dubuisson.com\/#\/schema\/logo\/image\/"},"sameAs":["https:\/\/www.youtube.com\/channel\/UCS25K-MOakQA3nVglJzLYGA"]}]}},"_links":{"self":[{"href":"https:\/\/elementor.dubuisson.com\/us\/wp-json\/wp\/v2\/product\/21408"}],"collection":[{"href":"https:\/\/elementor.dubuisson.com\/us\/wp-json\/wp\/v2\/product"}],"about":[{"href":"https:\/\/elementor.dubuisson.com\/us\/wp-json\/wp\/v2\/types\/product"}],"version-history":[{"count":1,"href":"https:\/\/elementor.dubuisson.com\/us\/wp-json\/wp\/v2\/product\/21408\/revisions"}],"predecessor-version":[{"id":37196,"href":"https:\/\/elementor.dubuisson.com\/us\/wp-json\/wp\/v2\/product\/21408\/revisions\/37196"}],"wp:featuredmedia":[{"embeddable":true,"href":"https:\/\/elementor.dubuisson.com\/us\/wp-json\/wp\/v2\/media\/20963"}],"wp:attachment":[{"href":"https:\/\/elementor.dubuisson.com\/us\/wp-json\/wp\/v2\/media?parent=21408"}],"wp:term":[{"taxonomy":"product_cat","embeddable":true,"href":"https:\/\/elementor.dubuisson.com\/us\/wp-json\/wp\/v2\/product_cat?post=21408"},{"taxonomy":"product_tag","embeddable":true,"href":"https:\/\/elementor.dubuisson.com\/us\/wp-json\/wp\/v2\/product_tag?post=21408"}],"curies":[{"name":"wp","href":"https:\/\/api.w.org\/{rel}","templated":true}]}}