{"id":21427,"date":"2021-08-31T16:22:54","date_gmt":"2021-08-31T14:22:54","guid":{"rendered":"https:\/\/elementor.dubuisson.com\/?post_type=product&#038;p=21427"},"modified":"2022-11-17T14:00:55","modified_gmt":"2022-11-17T13:00:55","slug":"verre-degustation-pack-de-6-verres","status":"publish","type":"product","link":"https:\/\/elementor.dubuisson.com\/us\/produit\/verre-degustation-pack-de-6-verres\/","title":{"rendered":"Verres d\u00e9gustation"},"content":{"rendered":"<p>Nous avons cr\u00e9\u00e9 ce verre afin de rendre optimale les d\u00e9gustations de toutes nos bi\u00e8res et en particulier de nos bi\u00e8res Prestige. Un must si vous aimez d\u00e9guster dans d&#8217;excellentes conditions l&#8217;ensemble de nos bi\u00e8res.<\/p>\n<p>Contenu : 6 verres &#8220;D\u00e9gustation&#8221;<\/p>\n<p>&nbsp;<\/p>\n","protected":false},"excerpt":{"rendered":"<p>Nous avons cr\u00e9\u00e9 ce verre afin de rendre optimale les d\u00e9gustations de toutes nos bi\u00e8res et en particulier de nos bi\u00e8res Prestige. Un must si vous aimez d\u00e9guster dans d&#8217;excellentes conditions l&#8217;ensemble de nos bi\u00e8res. Contenu : 6 verres &#8220;D\u00e9gustation&#8221; &nbsp;<\/p>\n","protected":false},"featured_media":21334,"template":"","meta":{"_acf_changed":false},"product_cat":[498,381,363],"product_tag":[],"class_list":{"0":"post-21427","1":"product","2":"type-product","3":"status-publish","4":"has-post-thumbnail","6":"product_cat-tous-les-produits","7":"product_cat-colis-cadeaux","8":"product_cat-verrerie","9":"product_shipping_class-c1","11":"first","12":"instock","13":"taxable","14":"shipping-taxable","15":"purchasable","16":"product-type-simple"},"acf":[],"yoast_head":"<!-- This site is optimized with the Yoast SEO plugin v23.6 - https:\/\/yoast.com\/wordpress\/plugins\/seo\/ -->\n<title>Verres d\u00e9gustation - Dubuisson<\/title>\n<meta name=\"robots\" content=\"noindex, follow, max-snippet:-1, max-image-preview:large, max-video-preview:-1\" \/>\n<meta property=\"og:locale\" content=\"en_US\" \/>\n<meta property=\"og:type\" content=\"article\" \/>\n<meta property=\"og:title\" content=\"Verres d\u00e9gustation - Dubuisson\" \/>\n<meta property=\"og:description\" content=\"Nous avons cr\u00e9\u00e9 ce verre afin de rendre optimale les d\u00e9gustations de toutes nos bi\u00e8res et en particulier de nos bi\u00e8res Prestige. Un must si vous aimez d\u00e9guster dans d&#8217;excellentes conditions l&#8217;ensemble de nos bi\u00e8res. Contenu : 6 verres &#8220;D\u00e9gustation&#8221; &nbsp;\" \/>\n<meta property=\"og:url\" content=\"https:\/\/elementor.dubuisson.com\/produit\/verre-degustation-pack-de-6-verres\/\" \/>\n<meta property=\"og:site_name\" content=\"Dubuisson\" \/>\n<meta property=\"article:modified_time\" content=\"2022-11-17T13:00:55+00:00\" \/>\n<meta property=\"og:image\" content=\"https:\/\/elementor.dubuisson.com\/wp-content\/uploads\/2021\/08\/VERRES_250ANS.jpg\" \/>\n\t<meta property=\"og:image:width\" content=\"1476\" \/>\n\t<meta property=\"og:image:height\" content=\"1476\" \/>\n\t<meta property=\"og:image:type\" content=\"image\/jpeg\" \/>\n<meta name=\"twitter:card\" content=\"summary_large_image\" \/>\n<script type=\"application\/ld+json\" class=\"yoast-schema-graph\">{\"@context\":\"https:\/\/schema.org\",\"@graph\":[{\"@type\":\"WebPage\",\"@id\":\"https:\/\/elementor.dubuisson.com\/produit\/verre-degustation-pack-de-6-verres\/\",\"url\":\"https:\/\/elementor.dubuisson.com\/produit\/verre-degustation-pack-de-6-verres\/\",\"name\":\"Verres d\u00e9gustation - Dubuisson\",\"isPartOf\":{\"@id\":\"https:\/\/elementor.dubuisson.com\/#website\"},\"primaryImageOfPage\":{\"@id\":\"https:\/\/elementor.dubuisson.com\/produit\/verre-degustation-pack-de-6-verres\/#primaryimage\"},\"image\":{\"@id\":\"https:\/\/elementor.dubuisson.com\/produit\/verre-degustation-pack-de-6-verres\/#primaryimage\"},\"thumbnailUrl\":\"https:\/\/elementor.dubuisson.com\/wp-content\/uploads\/2021\/08\/VERRES_250ANS.jpg\",\"datePublished\":\"2021-08-31T14:22:54+00:00\",\"dateModified\":\"2022-11-17T13:00:55+00:00\",\"breadcrumb\":{\"@id\":\"https:\/\/elementor.dubuisson.com\/produit\/verre-degustation-pack-de-6-verres\/#breadcrumb\"},\"inLanguage\":\"en-US\",\"potentialAction\":[{\"@type\":\"ReadAction\",\"target\":[\"https:\/\/elementor.dubuisson.com\/produit\/verre-degustation-pack-de-6-verres\/\"]}]},{\"@type\":\"ImageObject\",\"inLanguage\":\"en-US\",\"@id\":\"https:\/\/elementor.dubuisson.com\/produit\/verre-degustation-pack-de-6-verres\/#primaryimage\",\"url\":\"https:\/\/elementor.dubuisson.com\/wp-content\/uploads\/2021\/08\/VERRES_250ANS.jpg\",\"contentUrl\":\"https:\/\/elementor.dubuisson.com\/wp-content\/uploads\/2021\/08\/VERRES_250ANS.jpg\",\"width\":1476,\"height\":1476},{\"@type\":\"BreadcrumbList\",\"@id\":\"https:\/\/elementor.dubuisson.com\/produit\/verre-degustation-pack-de-6-verres\/#breadcrumb\",\"itemListElement\":[{\"@type\":\"ListItem\",\"position\":1,\"name\":\"Accueil\",\"item\":\"https:\/\/elementor.dubuisson.com\/us\/accueil-2\/\"},{\"@type\":\"ListItem\",\"position\":2,\"name\":\"Shop\",\"item\":\"https:\/\/elementor.dubuisson.com\/shop\/\"},{\"@type\":\"ListItem\",\"position\":3,\"name\":\"Verres d\u00e9gustation\"}]},{\"@type\":\"WebSite\",\"@id\":\"https:\/\/elementor.dubuisson.com\/#website\",\"url\":\"https:\/\/elementor.dubuisson.com\/\",\"name\":\"Dubuisson\",\"description\":\"Une des plus anciennes et authentiques brasseries de Belgique\",\"publisher\":{\"@id\":\"https:\/\/elementor.dubuisson.com\/#organization\"},\"potentialAction\":[{\"@type\":\"SearchAction\",\"target\":{\"@type\":\"EntryPoint\",\"urlTemplate\":\"https:\/\/elementor.dubuisson.com\/?s={search_term_string}\"},\"query-input\":{\"@type\":\"PropertyValueSpecification\",\"valueRequired\":true,\"valueName\":\"search_term_string\"}}],\"inLanguage\":\"en-US\"},{\"@type\":\"Organization\",\"@id\":\"https:\/\/elementor.dubuisson.com\/#organization\",\"name\":\"Dubuisson\",\"url\":\"https:\/\/elementor.dubuisson.com\/\",\"logo\":{\"@type\":\"ImageObject\",\"inLanguage\":\"en-US\",\"@id\":\"https:\/\/elementor.dubuisson.com\/#\/schema\/logo\/image\/\",\"url\":\"https:\/\/elementor.dubuisson.com\/wp-content\/uploads\/2022\/03\/Logo-Dubuisson.svg\",\"contentUrl\":\"https:\/\/elementor.dubuisson.com\/wp-content\/uploads\/2022\/03\/Logo-Dubuisson.svg\",\"width\":146,\"height\":101,\"caption\":\"Dubuisson\"},\"image\":{\"@id\":\"https:\/\/elementor.dubuisson.com\/#\/schema\/logo\/image\/\"},\"sameAs\":[\"https:\/\/www.youtube.com\/channel\/UCS25K-MOakQA3nVglJzLYGA\"]}]}<\/script>\n<!-- \/ Yoast SEO plugin. -->","yoast_head_json":{"title":"Verres d\u00e9gustation - Dubuisson","robots":{"index":"noindex","follow":"follow","max-snippet":"max-snippet:-1","max-image-preview":"max-image-preview:large","max-video-preview":"max-video-preview:-1"},"og_locale":"en_US","og_type":"article","og_title":"Verres d\u00e9gustation - Dubuisson","og_description":"Nous avons cr\u00e9\u00e9 ce verre afin de rendre optimale les d\u00e9gustations de toutes nos bi\u00e8res et en particulier de nos bi\u00e8res Prestige. Un must si vous aimez d\u00e9guster dans d&#8217;excellentes conditions l&#8217;ensemble de nos bi\u00e8res. Contenu : 6 verres &#8220;D\u00e9gustation&#8221; &nbsp;","og_url":"https:\/\/elementor.dubuisson.com\/produit\/verre-degustation-pack-de-6-verres\/","og_site_name":"Dubuisson","article_modified_time":"2022-11-17T13:00:55+00:00","og_image":[{"width":1476,"height":1476,"url":"https:\/\/elementor.dubuisson.com\/wp-content\/uploads\/2021\/08\/VERRES_250ANS.jpg","type":"image\/jpeg"}],"twitter_card":"summary_large_image","schema":{"@context":"https:\/\/schema.org","@graph":[{"@type":"WebPage","@id":"https:\/\/elementor.dubuisson.com\/produit\/verre-degustation-pack-de-6-verres\/","url":"https:\/\/elementor.dubuisson.com\/produit\/verre-degustation-pack-de-6-verres\/","name":"Verres d\u00e9gustation - Dubuisson","isPartOf":{"@id":"https:\/\/elementor.dubuisson.com\/#website"},"primaryImageOfPage":{"@id":"https:\/\/elementor.dubuisson.com\/produit\/verre-degustation-pack-de-6-verres\/#primaryimage"},"image":{"@id":"https:\/\/elementor.dubuisson.com\/produit\/verre-degustation-pack-de-6-verres\/#primaryimage"},"thumbnailUrl":"https:\/\/elementor.dubuisson.com\/wp-content\/uploads\/2021\/08\/VERRES_250ANS.jpg","datePublished":"2021-08-31T14:22:54+00:00","dateModified":"2022-11-17T13:00:55+00:00","breadcrumb":{"@id":"https:\/\/elementor.dubuisson.com\/produit\/verre-degustation-pack-de-6-verres\/#breadcrumb"},"inLanguage":"en-US","potentialAction":[{"@type":"ReadAction","target":["https:\/\/elementor.dubuisson.com\/produit\/verre-degustation-pack-de-6-verres\/"]}]},{"@type":"ImageObject","inLanguage":"en-US","@id":"https:\/\/elementor.dubuisson.com\/produit\/verre-degustation-pack-de-6-verres\/#primaryimage","url":"https:\/\/elementor.dubuisson.com\/wp-content\/uploads\/2021\/08\/VERRES_250ANS.jpg","contentUrl":"https:\/\/elementor.dubuisson.com\/wp-content\/uploads\/2021\/08\/VERRES_250ANS.jpg","width":1476,"height":1476},{"@type":"BreadcrumbList","@id":"https:\/\/elementor.dubuisson.com\/produit\/verre-degustation-pack-de-6-verres\/#breadcrumb","itemListElement":[{"@type":"ListItem","position":1,"name":"Accueil","item":"https:\/\/elementor.dubuisson.com\/us\/accueil-2\/"},{"@type":"ListItem","position":2,"name":"Shop","item":"https:\/\/elementor.dubuisson.com\/shop\/"},{"@type":"ListItem","position":3,"name":"Verres d\u00e9gustation"}]},{"@type":"WebSite","@id":"https:\/\/elementor.dubuisson.com\/#website","url":"https:\/\/elementor.dubuisson.com\/","name":"Dubuisson","description":"Une des plus anciennes et authentiques brasseries de Belgique","publisher":{"@id":"https:\/\/elementor.dubuisson.com\/#organization"},"potentialAction":[{"@type":"SearchAction","target":{"@type":"EntryPoint","urlTemplate":"https:\/\/elementor.dubuisson.com\/?s={search_term_string}"},"query-input":{"@type":"PropertyValueSpecification","valueRequired":true,"valueName":"search_term_string"}}],"inLanguage":"en-US"},{"@type":"Organization","@id":"https:\/\/elementor.dubuisson.com\/#organization","name":"Dubuisson","url":"https:\/\/elementor.dubuisson.com\/","logo":{"@type":"ImageObject","inLanguage":"en-US","@id":"https:\/\/elementor.dubuisson.com\/#\/schema\/logo\/image\/","url":"https:\/\/elementor.dubuisson.com\/wp-content\/uploads\/2022\/03\/Logo-Dubuisson.svg","contentUrl":"https:\/\/elementor.dubuisson.com\/wp-content\/uploads\/2022\/03\/Logo-Dubuisson.svg","width":146,"height":101,"caption":"Dubuisson"},"image":{"@id":"https:\/\/elementor.dubuisson.com\/#\/schema\/logo\/image\/"},"sameAs":["https:\/\/www.youtube.com\/channel\/UCS25K-MOakQA3nVglJzLYGA"]}]}},"_links":{"self":[{"href":"https:\/\/elementor.dubuisson.com\/us\/wp-json\/wp\/v2\/product\/21427"}],"collection":[{"href":"https:\/\/elementor.dubuisson.com\/us\/wp-json\/wp\/v2\/product"}],"about":[{"href":"https:\/\/elementor.dubuisson.com\/us\/wp-json\/wp\/v2\/types\/product"}],"version-history":[{"count":1,"href":"https:\/\/elementor.dubuisson.com\/us\/wp-json\/wp\/v2\/product\/21427\/revisions"}],"predecessor-version":[{"id":37199,"href":"https:\/\/elementor.dubuisson.com\/us\/wp-json\/wp\/v2\/product\/21427\/revisions\/37199"}],"wp:featuredmedia":[{"embeddable":true,"href":"https:\/\/elementor.dubuisson.com\/us\/wp-json\/wp\/v2\/media\/21334"}],"wp:attachment":[{"href":"https:\/\/elementor.dubuisson.com\/us\/wp-json\/wp\/v2\/media?parent=21427"}],"wp:term":[{"taxonomy":"product_cat","embeddable":true,"href":"https:\/\/elementor.dubuisson.com\/us\/wp-json\/wp\/v2\/product_cat?post=21427"},{"taxonomy":"product_tag","embeddable":true,"href":"https:\/\/elementor.dubuisson.com\/us\/wp-json\/wp\/v2\/product_tag?post=21427"}],"curies":[{"name":"wp","href":"https:\/\/api.w.org\/{rel}","templated":true}]}}