{"id":21437,"date":"2021-08-31T16:49:45","date_gmt":"2021-08-31T14:49:45","guid":{"rendered":"https:\/\/elementor.dubuisson.com\/?post_type=product&#038;p=21437"},"modified":"2022-11-17T14:10:43","modified_gmt":"2022-11-17T13:10:43","slug":"coffret-bush-2","status":"publish","type":"product","link":"https:\/\/elementor.dubuisson.com\/us\/produit\/coffret-bush-2\/","title":{"rendered":"Coffret Bush"},"content":{"rendered":"<p>Coffret cadeau mettant en avant notre marque historique : la Bush. Des bi\u00e8res embl\u00e9matiques belges regroup\u00e9es dans un coffret cadeau rempli de tradition!<\/p>\n<p>Contenu : 2x Bush Caract\u00e8re 33cl, 2x Bush Triple 33cl et un magnifique verre Bush.<\/p>\n","protected":false},"excerpt":{"rendered":"<p>Coffret cadeau mettant en avant notre marque historique : la Bush. Des bi\u00e8res embl\u00e9matiques belges regroup\u00e9es dans un coffret cadeau rempli de tradition! Contenu : 2x Bush Caract\u00e8re 33cl, 2x Bush Triple 33cl et un magnifique verre Bush.<\/p>\n","protected":false},"featured_media":21208,"template":"","meta":{"_acf_changed":false},"product_cat":[498,337,381],"product_tag":[],"class_list":{"0":"post-21437","1":"product","2":"type-product","3":"status-publish","4":"has-post-thumbnail","6":"product_cat-tous-les-produits","7":"product_cat-bieres","8":"product_cat-colis-cadeaux","9":"product_shipping_class-c1","11":"first","12":"instock","13":"taxable","14":"shipping-taxable","15":"purchasable","16":"product-type-simple"},"acf":[],"yoast_head":"<!-- This site is optimized with the Yoast SEO plugin v23.6 - https:\/\/yoast.com\/wordpress\/plugins\/seo\/ -->\n<title>Coffret Bush - Dubuisson<\/title>\n<meta name=\"robots\" content=\"noindex, follow, max-snippet:-1, max-image-preview:large, max-video-preview:-1\" \/>\n<meta property=\"og:locale\" content=\"en_US\" \/>\n<meta property=\"og:type\" content=\"article\" \/>\n<meta property=\"og:title\" content=\"Coffret Bush - Dubuisson\" \/>\n<meta property=\"og:description\" content=\"Coffret cadeau mettant en avant notre marque historique : la Bush. Des bi\u00e8res embl\u00e9matiques belges regroup\u00e9es dans un coffret cadeau rempli de tradition! Contenu : 2x Bush Caract\u00e8re 33cl, 2x Bush Triple 33cl et un magnifique verre Bush.\" \/>\n<meta property=\"og:url\" content=\"https:\/\/elementor.dubuisson.com\/produit\/coffret-bush-2\/\" \/>\n<meta property=\"og:site_name\" content=\"Dubuisson\" \/>\n<meta property=\"article:modified_time\" content=\"2022-11-17T13:10:43+00:00\" \/>\n<meta property=\"og:image\" content=\"https:\/\/elementor.dubuisson.com\/wp-content\/uploads\/2021\/08\/COLIS_CAD_BUSH.jpg\" \/>\n\t<meta property=\"og:image:width\" content=\"1476\" \/>\n\t<meta property=\"og:image:height\" content=\"1476\" \/>\n\t<meta property=\"og:image:type\" content=\"image\/jpeg\" \/>\n<meta name=\"twitter:card\" content=\"summary_large_image\" \/>\n<script type=\"application\/ld+json\" class=\"yoast-schema-graph\">{\"@context\":\"https:\/\/schema.org\",\"@graph\":[{\"@type\":\"WebPage\",\"@id\":\"https:\/\/elementor.dubuisson.com\/produit\/coffret-bush-2\/\",\"url\":\"https:\/\/elementor.dubuisson.com\/produit\/coffret-bush-2\/\",\"name\":\"Coffret Bush - Dubuisson\",\"isPartOf\":{\"@id\":\"https:\/\/elementor.dubuisson.com\/#website\"},\"primaryImageOfPage\":{\"@id\":\"https:\/\/elementor.dubuisson.com\/produit\/coffret-bush-2\/#primaryimage\"},\"image\":{\"@id\":\"https:\/\/elementor.dubuisson.com\/produit\/coffret-bush-2\/#primaryimage\"},\"thumbnailUrl\":\"https:\/\/elementor.dubuisson.com\/wp-content\/uploads\/2021\/08\/COLIS_CAD_BUSH.jpg\",\"datePublished\":\"2021-08-31T14:49:45+00:00\",\"dateModified\":\"2022-11-17T13:10:43+00:00\",\"breadcrumb\":{\"@id\":\"https:\/\/elementor.dubuisson.com\/produit\/coffret-bush-2\/#breadcrumb\"},\"inLanguage\":\"en-US\",\"potentialAction\":[{\"@type\":\"ReadAction\",\"target\":[\"https:\/\/elementor.dubuisson.com\/produit\/coffret-bush-2\/\"]}]},{\"@type\":\"ImageObject\",\"inLanguage\":\"en-US\",\"@id\":\"https:\/\/elementor.dubuisson.com\/produit\/coffret-bush-2\/#primaryimage\",\"url\":\"https:\/\/elementor.dubuisson.com\/wp-content\/uploads\/2021\/08\/COLIS_CAD_BUSH.jpg\",\"contentUrl\":\"https:\/\/elementor.dubuisson.com\/wp-content\/uploads\/2021\/08\/COLIS_CAD_BUSH.jpg\",\"width\":1476,\"height\":1476},{\"@type\":\"BreadcrumbList\",\"@id\":\"https:\/\/elementor.dubuisson.com\/produit\/coffret-bush-2\/#breadcrumb\",\"itemListElement\":[{\"@type\":\"ListItem\",\"position\":1,\"name\":\"Accueil\",\"item\":\"https:\/\/elementor.dubuisson.com\/us\/accueil-2\/\"},{\"@type\":\"ListItem\",\"position\":2,\"name\":\"Shop\",\"item\":\"https:\/\/elementor.dubuisson.com\/shop\/\"},{\"@type\":\"ListItem\",\"position\":3,\"name\":\"Coffret Bush\"}]},{\"@type\":\"WebSite\",\"@id\":\"https:\/\/elementor.dubuisson.com\/#website\",\"url\":\"https:\/\/elementor.dubuisson.com\/\",\"name\":\"Dubuisson\",\"description\":\"Une des plus anciennes et authentiques brasseries de Belgique\",\"publisher\":{\"@id\":\"https:\/\/elementor.dubuisson.com\/#organization\"},\"potentialAction\":[{\"@type\":\"SearchAction\",\"target\":{\"@type\":\"EntryPoint\",\"urlTemplate\":\"https:\/\/elementor.dubuisson.com\/?s={search_term_string}\"},\"query-input\":{\"@type\":\"PropertyValueSpecification\",\"valueRequired\":true,\"valueName\":\"search_term_string\"}}],\"inLanguage\":\"en-US\"},{\"@type\":\"Organization\",\"@id\":\"https:\/\/elementor.dubuisson.com\/#organization\",\"name\":\"Dubuisson\",\"url\":\"https:\/\/elementor.dubuisson.com\/\",\"logo\":{\"@type\":\"ImageObject\",\"inLanguage\":\"en-US\",\"@id\":\"https:\/\/elementor.dubuisson.com\/#\/schema\/logo\/image\/\",\"url\":\"https:\/\/elementor.dubuisson.com\/wp-content\/uploads\/2022\/03\/Logo-Dubuisson.svg\",\"contentUrl\":\"https:\/\/elementor.dubuisson.com\/wp-content\/uploads\/2022\/03\/Logo-Dubuisson.svg\",\"width\":146,\"height\":101,\"caption\":\"Dubuisson\"},\"image\":{\"@id\":\"https:\/\/elementor.dubuisson.com\/#\/schema\/logo\/image\/\"},\"sameAs\":[\"https:\/\/www.youtube.com\/channel\/UCS25K-MOakQA3nVglJzLYGA\"]}]}<\/script>\n<!-- \/ Yoast SEO plugin. -->","yoast_head_json":{"title":"Coffret Bush - Dubuisson","robots":{"index":"noindex","follow":"follow","max-snippet":"max-snippet:-1","max-image-preview":"max-image-preview:large","max-video-preview":"max-video-preview:-1"},"og_locale":"en_US","og_type":"article","og_title":"Coffret Bush - Dubuisson","og_description":"Coffret cadeau mettant en avant notre marque historique : la Bush. Des bi\u00e8res embl\u00e9matiques belges regroup\u00e9es dans un coffret cadeau rempli de tradition! Contenu : 2x Bush Caract\u00e8re 33cl, 2x Bush Triple 33cl et un magnifique verre Bush.","og_url":"https:\/\/elementor.dubuisson.com\/produit\/coffret-bush-2\/","og_site_name":"Dubuisson","article_modified_time":"2022-11-17T13:10:43+00:00","og_image":[{"width":1476,"height":1476,"url":"https:\/\/elementor.dubuisson.com\/wp-content\/uploads\/2021\/08\/COLIS_CAD_BUSH.jpg","type":"image\/jpeg"}],"twitter_card":"summary_large_image","schema":{"@context":"https:\/\/schema.org","@graph":[{"@type":"WebPage","@id":"https:\/\/elementor.dubuisson.com\/produit\/coffret-bush-2\/","url":"https:\/\/elementor.dubuisson.com\/produit\/coffret-bush-2\/","name":"Coffret Bush - Dubuisson","isPartOf":{"@id":"https:\/\/elementor.dubuisson.com\/#website"},"primaryImageOfPage":{"@id":"https:\/\/elementor.dubuisson.com\/produit\/coffret-bush-2\/#primaryimage"},"image":{"@id":"https:\/\/elementor.dubuisson.com\/produit\/coffret-bush-2\/#primaryimage"},"thumbnailUrl":"https:\/\/elementor.dubuisson.com\/wp-content\/uploads\/2021\/08\/COLIS_CAD_BUSH.jpg","datePublished":"2021-08-31T14:49:45+00:00","dateModified":"2022-11-17T13:10:43+00:00","breadcrumb":{"@id":"https:\/\/elementor.dubuisson.com\/produit\/coffret-bush-2\/#breadcrumb"},"inLanguage":"en-US","potentialAction":[{"@type":"ReadAction","target":["https:\/\/elementor.dubuisson.com\/produit\/coffret-bush-2\/"]}]},{"@type":"ImageObject","inLanguage":"en-US","@id":"https:\/\/elementor.dubuisson.com\/produit\/coffret-bush-2\/#primaryimage","url":"https:\/\/elementor.dubuisson.com\/wp-content\/uploads\/2021\/08\/COLIS_CAD_BUSH.jpg","contentUrl":"https:\/\/elementor.dubuisson.com\/wp-content\/uploads\/2021\/08\/COLIS_CAD_BUSH.jpg","width":1476,"height":1476},{"@type":"BreadcrumbList","@id":"https:\/\/elementor.dubuisson.com\/produit\/coffret-bush-2\/#breadcrumb","itemListElement":[{"@type":"ListItem","position":1,"name":"Accueil","item":"https:\/\/elementor.dubuisson.com\/us\/accueil-2\/"},{"@type":"ListItem","position":2,"name":"Shop","item":"https:\/\/elementor.dubuisson.com\/shop\/"},{"@type":"ListItem","position":3,"name":"Coffret Bush"}]},{"@type":"WebSite","@id":"https:\/\/elementor.dubuisson.com\/#website","url":"https:\/\/elementor.dubuisson.com\/","name":"Dubuisson","description":"Une des plus anciennes et authentiques brasseries de Belgique","publisher":{"@id":"https:\/\/elementor.dubuisson.com\/#organization"},"potentialAction":[{"@type":"SearchAction","target":{"@type":"EntryPoint","urlTemplate":"https:\/\/elementor.dubuisson.com\/?s={search_term_string}"},"query-input":{"@type":"PropertyValueSpecification","valueRequired":true,"valueName":"search_term_string"}}],"inLanguage":"en-US"},{"@type":"Organization","@id":"https:\/\/elementor.dubuisson.com\/#organization","name":"Dubuisson","url":"https:\/\/elementor.dubuisson.com\/","logo":{"@type":"ImageObject","inLanguage":"en-US","@id":"https:\/\/elementor.dubuisson.com\/#\/schema\/logo\/image\/","url":"https:\/\/elementor.dubuisson.com\/wp-content\/uploads\/2022\/03\/Logo-Dubuisson.svg","contentUrl":"https:\/\/elementor.dubuisson.com\/wp-content\/uploads\/2022\/03\/Logo-Dubuisson.svg","width":146,"height":101,"caption":"Dubuisson"},"image":{"@id":"https:\/\/elementor.dubuisson.com\/#\/schema\/logo\/image\/"},"sameAs":["https:\/\/www.youtube.com\/channel\/UCS25K-MOakQA3nVglJzLYGA"]}]}},"_links":{"self":[{"href":"https:\/\/elementor.dubuisson.com\/us\/wp-json\/wp\/v2\/product\/21437"}],"collection":[{"href":"https:\/\/elementor.dubuisson.com\/us\/wp-json\/wp\/v2\/product"}],"about":[{"href":"https:\/\/elementor.dubuisson.com\/us\/wp-json\/wp\/v2\/types\/product"}],"version-history":[{"count":2,"href":"https:\/\/elementor.dubuisson.com\/us\/wp-json\/wp\/v2\/product\/21437\/revisions"}],"predecessor-version":[{"id":37208,"href":"https:\/\/elementor.dubuisson.com\/us\/wp-json\/wp\/v2\/product\/21437\/revisions\/37208"}],"wp:featuredmedia":[{"embeddable":true,"href":"https:\/\/elementor.dubuisson.com\/us\/wp-json\/wp\/v2\/media\/21208"}],"wp:attachment":[{"href":"https:\/\/elementor.dubuisson.com\/us\/wp-json\/wp\/v2\/media?parent=21437"}],"wp:term":[{"taxonomy":"product_cat","embeddable":true,"href":"https:\/\/elementor.dubuisson.com\/us\/wp-json\/wp\/v2\/product_cat?post=21437"},{"taxonomy":"product_tag","embeddable":true,"href":"https:\/\/elementor.dubuisson.com\/us\/wp-json\/wp\/v2\/product_tag?post=21437"}],"curies":[{"name":"wp","href":"https:\/\/api.w.org\/{rel}","templated":true}]}}